{"id":1100000,"date":"2020-10-16T11:35:27","date_gmt":"2020-10-16T09:35:27","guid":{"rendered":"https:\/\/laboklin.de\/de\/pathologie"},"modified":"2025-05-20T14:32:17","modified_gmt":"2025-05-20T12:32:17","slug":"pathologie","status":"publish","type":"page","link":"https:\/\/laboklin.de\/de\/leistungen\/pathologie\/","title":{"rendered":"Pathologie"},"content":{"rendered":"<div class=\"wpb-content-wrapper\"><p>[vc_row][vc_column][vc_column_text css=&#8220;&#8220;]Zu unserem Leistungsspektrum geh\u00f6rt die klassische Pathohistologie und Zytologie. Aus diesen Untersuchungen k\u00f6nnen sich weitere Fragestellungen ergeben, die oft schon aus dem eingesandten Material untersucht werden k\u00f6nnen. Neben der Immunhistologie bei Tumorfragestellungen kann die molekularbiologische Klonalit\u00e4tsuntersuchung bei Hund und Katze bei der Abkl\u00e4rung von Lymphomen helfen. Bei Verdacht auf ein Harnblasenkarzinom (\u00dcbergangszellkarzinom) bei Hunden kann Material mit verd\u00e4chtigen Epithelzellen auf die BRAF-Mutation untersucht werden.<\/p>\n<p>Unser Team von Pathologinnen und Pathologen erstellt umfassende Befundberichte und ist f\u00fcr Ihre Fragen erreichbar. Eine schnelle Bearbeitung ist f\u00fcr uns hier, wie in allen Untersuchungssparten, eine Selbstverst\u00e4ndlichkeit.<\/p>\n<p>Bitte beachten Sie auch die umfassenden Hinweise zum Probenmaterial.<b> Informationen zur Probenentnahme finden Sie im Bereich <a href=\"\/de\/fachinformationen\/praeanalytik\/\">Pr\u00e4analytik<\/a> und unter den <a href=\"\/de\/fachinformationen\/faq-allgemeine-fragen\/\">FAQs.<\/a><\/b><\/p>\n<hr \/>\n<p>&nbsp;<\/p>\n<p>Aktuelle Informationen <strong>(deutschsprachige Artikel)<\/strong> zur Tumordiagnostik in der Veterin\u00e4r-Pathologie inklusive molekulargenetischer Methoden finden Sie<strong> <a href=\"https:\/\/laboklin.de\/de\/aktuelles-zur-tumordiagnostik\/\" target=\"_blank\" rel=\"noopener\"> hier.<\/a><\/strong><\/p>\n<p>[\/vc_column_text][\/vc_column][\/vc_row][vc_row type=&#8220;vc_default&#8220; disable_element=&#8220;yes&#8220;][vc_column][vc_column_text css=&#8220;.vc_custom_1603290927116{margin-left: 20px !important;padding-top: 30px !important;padding-right: 30px !important;padding-bottom: 30px !important;padding-left: 30px !important;}&#8220;]<div class=\"vc_tta-panels-container\"><div class=\"vc_tta-panels\"><li class=\"menu-item sub-page\"><a href=\"https:\/\/laboklin.de\/de\/leistungen\/pathologie\/pathohistologie\/\">Pathohistologie<\/a><\/li><li class=\"menu-item sub-page\"><a href=\"https:\/\/laboklin.de\/de\/leistungen\/pathologie\/immunhistologie\/\">Immunhistologie<\/a><\/li><li class=\"menu-item sub-page\"><a href=\"https:\/\/laboklin.de\/de\/leistungen\/pathologie\/zytologie\/\">Zytologie<\/a><\/li><li class=\"menu-item sub-page\"><a href=\"https:\/\/laboklin.de\/de\/leistungen\/pathologie\/lymphozyten-klonalitaet\/\">Lymphozyten-Klonalit\u00e4t<\/a><\/li><li class=\"menu-item sub-page\"><a href=\"https:\/\/laboklin.de\/de\/leistungen\/pathologie\/tumorgenetische-tests\/\">Tumorgenetische Tests<\/a><\/li><\/div><\/div>[\/vc_column_text][\/vc_column][\/vc_row][vc_row type=&#8220;vc_default&#8220; disable_element=&#8220;yes&#8220; css=&#8220;.vc_custom_1674057540203{margin-top: 40px !important;}&#8220;][vc_column]<div class=\"dt-fancy-separator title-left h3-size accent-title-color\" style=\"width: 100%;\"><div class=\"dt-fancy-title\"><span class=\"separator-holder separator-left\"><\/span>Pathologie: Ansprechpartner<span class=\"separator-holder separator-right\"><\/span><\/div><\/div>[\/vc_column][\/vc_row][vc_row type=&#8220;vc_default&#8220; disable_element=&#8220;yes&#8220; css=&#8220;.vc_custom_1674057551266{margin-top: 30px !important;}&#8220;][vc_column][vc_column_text]<div id=\"awsm-team-1307291\" class=\"awsm-grid-wrapper\">\n\t\t\t<div class=\"awsm-grid cards-style style-3 grid-3-col \">\n\t\t\t\t\t\t<div id=\"awsm-member-1307291-1303013\" class=\"awsm-grid-card\">\n\t\t\t\t   <figure>\n\t\t\t\t\t\t<img loading=\"lazy\" decoding=\"async\" width=\"500\" height=\"500\" src=\"https:\/\/laboklin.de\/wp-content\/uploads\/2022\/01\/20220126_Loesenbeck-e1643199589649.jpg\" class=\"attachment-awsm_team size-awsm_team wp-post-image\" alt=\"\" \/>\t\t\t\t\t\t <figcaption class=\"awsm-figcaption\">\n\t\t\t\t\t\t\t<div class=\"awsm-personal-info\"><h3>Dr. Gerhard Loesenbeck<\/h3><span>Fachtierarzt f\u00fcr Pathologie<\/span><\/div>\t\t\t\t\t\t\t<div class=\"awsm-contact-info\">\n\t\t\t\t\t\t\t\t<p><strong>Leiter der Abteilung Pathologie<\/strong><\/p>\t\t\t\t\t\t\t<\/div> <!-- .awsm-contact-info -->\n\t\t\t\t\t\t\t\t\t\t\t\t\t <\/figcaption>\n\t\t\t\t\t  <!-- <\/span> -->\n\t\t\t\t   <\/figure>\n\t\t\t\t<\/div>\n\t\t\t\t\t\t\t<div id=\"awsm-member-1307291-1303015\" class=\"awsm-grid-card\">\n\t\t\t\t   <figure>\n\t\t\t\t\t\t<img loading=\"lazy\" decoding=\"async\" width=\"500\" height=\"500\" src=\"https:\/\/laboklin.de\/wp-content\/uploads\/2021\/01\/heike_aupperle-lellbach.jpg\" class=\"attachment-awsm_team size-awsm_team wp-post-image\" alt=\"heike aupperle lellbach\" srcset=\"https:\/\/laboklin.de\/wp-content\/uploads\/2021\/01\/heike_aupperle-lellbach.jpg 500w, https:\/\/laboklin.de\/wp-content\/uploads\/2021\/01\/heike_aupperle-lellbach-300x300.jpg 300w, https:\/\/laboklin.de\/wp-content\/uploads\/2021\/01\/heike_aupperle-lellbach-150x150.jpg 150w\" sizes=\"auto, (max-width: 500px) 100vw, 500px\" \/>\t\t\t\t\t\t <figcaption class=\"awsm-figcaption\">\n\t\t\t\t\t\t\t<div class=\"awsm-personal-info\"><h3>PD Dr. Heike Aupperle-Lellbach<\/h3><span>Privatdozentin an der Veterin\u00e4rmedizinischen Fakult\u00e4t Leipzig <\/span><\/div>\t\t\t\t\t\t\t<div class=\"awsm-contact-info\">\n\t\t\t\t\t\t\t\t<p><b>stellv. Abteilungsleitung<\/b><\/p>\t\t\t\t\t\t\t<\/div> <!-- .awsm-contact-info -->\n\t\t\t\t\t\t\t\t\t\t\t\t\t <\/figcaption>\n\t\t\t\t\t  <!-- <\/span> -->\n\t\t\t\t   <\/figure>\n\t\t\t\t<\/div>\n\t\t\t\t\t\t\t<div id=\"awsm-member-1307291-1525731\" class=\"awsm-grid-card\">\n\t\t\t\t   <figure>\n\t\t\t\t\t\t<img loading=\"lazy\" decoding=\"async\" width=\"500\" height=\"500\" src=\"https:\/\/laboklin.de\/wp-content\/uploads\/2022\/02\/marielle_appenzeller.jpg\" class=\"attachment-awsm_team size-awsm_team wp-post-image\" alt=\"marielle appenzeller\" srcset=\"https:\/\/laboklin.de\/wp-content\/uploads\/2022\/02\/marielle_appenzeller.jpg 500w, https:\/\/laboklin.de\/wp-content\/uploads\/2022\/02\/marielle_appenzeller-300x300.jpg 300w, https:\/\/laboklin.de\/wp-content\/uploads\/2022\/02\/marielle_appenzeller-150x150.jpg 150w\" sizes=\"auto, (max-width: 500px) 100vw, 500px\" \/>\t\t\t\t\t\t <figcaption class=\"awsm-figcaption\">\n\t\t\t\t\t\t\t<div class=\"awsm-personal-info\"><h3>Marielle Appenzeller<\/h3><span>Tier\u00e4rztin<\/span><\/div>\t\t\t\t\t\t\t<div class=\"awsm-contact-info\">\n\t\t\t\t\t\t\t\t\t\t\t\t\t\t\t<\/div> <!-- .awsm-contact-info -->\n\t\t\t\t\t\t\t\t\t\t\t\t\t <\/figcaption>\n\t\t\t\t\t  <!-- <\/span> -->\n\t\t\t\t   <\/figure>\n\t\t\t\t<\/div>\n\t\t\t\t\t\t\t<div id=\"awsm-member-1307291-1314416\" class=\"awsm-grid-card\">\n\t\t\t\t   <figure>\n\t\t\t\t\t\t<img loading=\"lazy\" decoding=\"async\" width=\"500\" height=\"500\" src=\"https:\/\/laboklin.de\/wp-content\/uploads\/2022\/02\/argine-cerezo-echevarria.jpg\" class=\"attachment-awsm_team size-awsm_team wp-post-image\" alt=\"argi\u00f1e cerezo echevarria\" srcset=\"https:\/\/laboklin.de\/wp-content\/uploads\/2022\/02\/argine-cerezo-echevarria.jpg 500w, https:\/\/laboklin.de\/wp-content\/uploads\/2022\/02\/argine-cerezo-echevarria-300x300.jpg 300w, https:\/\/laboklin.de\/wp-content\/uploads\/2022\/02\/argine-cerezo-echevarria-150x150.jpg 150w\" sizes=\"auto, (max-width: 500px) 100vw, 500px\" \/>\t\t\t\t\t\t <figcaption class=\"awsm-figcaption\">\n\t\t\t\t\t\t\t<div class=\"awsm-personal-info\"><h3>Argi\u00f1e Cerezo Echevarr\u00eda, DVM, Dr., Dipl. ACVP<\/h3><span>Tier\u00e4rztin<\/span><\/div>\t\t\t\t\t\t\t<div class=\"awsm-contact-info\">\n\t\t\t\t\t\t\t\t\t\t\t\t\t\t\t<\/div> <!-- .awsm-contact-info -->\n\t\t\t\t\t\t\t\t\t\t\t\t\t <\/figcaption>\n\t\t\t\t\t  <!-- <\/span> -->\n\t\t\t\t   <\/figure>\n\t\t\t\t<\/div>\n\t\t\t\t\t\t\t<div id=\"awsm-member-1307291-1303017\" class=\"awsm-grid-card\">\n\t\t\t\t   <figure>\n\t\t\t\t\t\t<img loading=\"lazy\" decoding=\"async\" width=\"500\" height=\"500\" src=\"https:\/\/laboklin.de\/wp-content\/uploads\/2021\/01\/Janosch_Dietz-e1641981147245.jpg\" class=\"attachment-awsm_team size-awsm_team wp-post-image\" alt=\"\" \/>\t\t\t\t\t\t <figcaption class=\"awsm-figcaption\">\n\t\t\t\t\t\t\t<div class=\"awsm-personal-info\"><h3>Dr. Janosch Dietz<\/h3><span>Tierarzt<\/span><\/div>\t\t\t\t\t\t\t<div class=\"awsm-contact-info\">\n\t\t\t\t\t\t\t\t\t\t\t\t\t\t\t<\/div> <!-- .awsm-contact-info -->\n\t\t\t\t\t\t\t\t\t\t\t\t\t <\/figcaption>\n\t\t\t\t\t  <!-- <\/span> -->\n\t\t\t\t   <\/figure>\n\t\t\t\t<\/div>\n\t\t\t\t\t\t\t<div id=\"awsm-member-1307291-1303016\" class=\"awsm-grid-card\">\n\t\t\t\t   <figure>\n\t\t\t\t\t\t<img loading=\"lazy\" decoding=\"async\" width=\"500\" height=\"500\" src=\"https:\/\/laboklin.de\/wp-content\/uploads\/2021\/01\/stefanie_eggert.jpg\" class=\"attachment-awsm_team size-awsm_team wp-post-image\" alt=\"stefanie eggert\" srcset=\"https:\/\/laboklin.de\/wp-content\/uploads\/2021\/01\/stefanie_eggert.jpg 500w, https:\/\/laboklin.de\/wp-content\/uploads\/2021\/01\/stefanie_eggert-300x300.jpg 300w, https:\/\/laboklin.de\/wp-content\/uploads\/2021\/01\/stefanie_eggert-150x150.jpg 150w\" sizes=\"auto, (max-width: 500px) 100vw, 500px\" \/>\t\t\t\t\t\t <figcaption class=\"awsm-figcaption\">\n\t\t\t\t\t\t\t<div class=\"awsm-personal-info\"><h3>Stefanie Eggert, PhD<\/h3><span>Fachtier\u00e4rztin f\u00fcr Pathologie<\/span><\/div>\t\t\t\t\t\t\t<div class=\"awsm-contact-info\">\n\t\t\t\t\t\t\t\t\t\t\t\t\t\t\t<\/div> <!-- .awsm-contact-info -->\n\t\t\t\t\t\t\t\t\t\t\t\t\t <\/figcaption>\n\t\t\t\t\t  <!-- <\/span> -->\n\t\t\t\t   <\/figure>\n\t\t\t\t<\/div>\n\t\t\t\t\t\t\t<div id=\"awsm-member-1307291-1303018\" class=\"awsm-grid-card\">\n\t\t\t\t   <figure>\n\t\t\t\t\t\t<img loading=\"lazy\" decoding=\"async\" width=\"500\" height=\"500\" src=\"https:\/\/laboklin.de\/wp-content\/uploads\/2021\/01\/barbara_gruber-beckmann.jpg\" class=\"attachment-awsm_team size-awsm_team wp-post-image\" alt=\"barbara gruber beckmann\" srcset=\"https:\/\/laboklin.de\/wp-content\/uploads\/2021\/01\/barbara_gruber-beckmann.jpg 500w, https:\/\/laboklin.de\/wp-content\/uploads\/2021\/01\/barbara_gruber-beckmann-300x300.jpg 300w, https:\/\/laboklin.de\/wp-content\/uploads\/2021\/01\/barbara_gruber-beckmann-150x150.jpg 150w\" sizes=\"auto, (max-width: 500px) 100vw, 500px\" \/>\t\t\t\t\t\t <figcaption class=\"awsm-figcaption\">\n\t\t\t\t\t\t\t<div class=\"awsm-personal-info\"><h3>Dr. Barbara Gruber-Beckmann<\/h3><span>Tier\u00e4rztin<\/span><\/div>\t\t\t\t\t\t\t<div class=\"awsm-contact-info\">\n\t\t\t\t\t\t\t\t\t\t\t\t\t\t\t<\/div> <!-- .awsm-contact-info -->\n\t\t\t\t\t\t\t\t\t\t\t\t\t <\/figcaption>\n\t\t\t\t\t  <!-- <\/span> -->\n\t\t\t\t   <\/figure>\n\t\t\t\t<\/div>\n\t\t\t\t\t\t\t<div id=\"awsm-member-1307291-1314418\" class=\"awsm-grid-card\">\n\t\t\t\t   <figure>\n\t\t\t\t\t\t<img decoding=\"async\" src=\"https:\/\/laboklin.de\/wp-content\/plugins\/awsm-team\/images\/default-user.png\" alt=\"Ines Hoffmann, MSc\">\t\t\t\t\t\t <figcaption class=\"awsm-figcaption\">\n\t\t\t\t\t\t\t<div class=\"awsm-personal-info\"><h3>Ines Hoffmann, MSc<\/h3><span>Tier\u00e4rztin<\/span><\/div>\t\t\t\t\t\t\t<div class=\"awsm-contact-info\">\n\t\t\t\t\t\t\t\t\t\t\t\t\t\t\t<\/div> <!-- .awsm-contact-info -->\n\t\t\t\t\t\t\t\t\t\t\t\t\t <\/figcaption>\n\t\t\t\t\t  <!-- <\/span> -->\n\t\t\t\t   <\/figure>\n\t\t\t\t<\/div>\n\t\t\t\t\t\t\t<div id=\"awsm-member-1307291-1303021\" class=\"awsm-grid-card\">\n\t\t\t\t   <figure>\n\t\t\t\t\t\t<img loading=\"lazy\" decoding=\"async\" width=\"500\" height=\"500\" src=\"https:\/\/laboklin.de\/wp-content\/uploads\/2021\/01\/Jaeger-e1641982121692.jpg\" class=\"attachment-awsm_team size-awsm_team wp-post-image\" alt=\"\" \/>\t\t\t\t\t\t <figcaption class=\"awsm-figcaption\">\n\t\t\t\t\t\t\t<div class=\"awsm-personal-info\"><h3>Dr. Kathrin J\u00e4ger<\/h3><span>Fachtier\u00e4rztin f\u00fcr Pathologie<\/span><\/div>\t\t\t\t\t\t\t<div class=\"awsm-contact-info\">\n\t\t\t\t\t\t\t\t<p>Teamleitung digitale Pathologie<\/p>\t\t\t\t\t\t\t<\/div> <!-- .awsm-contact-info -->\n\t\t\t\t\t\t\t\t\t\t\t\t\t <\/figcaption>\n\t\t\t\t\t  <!-- <\/span> -->\n\t\t\t\t   <\/figure>\n\t\t\t\t<\/div>\n\t\t\t\t\t\t\t<div id=\"awsm-member-1307291-1303022\" class=\"awsm-grid-card\">\n\t\t\t\t   <figure>\n\t\t\t\t\t\t<img decoding=\"async\" src=\"https:\/\/laboklin.de\/wp-content\/plugins\/awsm-team\/images\/default-user.png\" alt=\"Dr. Nicole Jungwirth, PhD\">\t\t\t\t\t\t <figcaption class=\"awsm-figcaption\">\n\t\t\t\t\t\t\t<div class=\"awsm-personal-info\"><h3>Dr. Nicole Jungwirth, PhD<\/h3><span>Fachtier\u00e4rztin f\u00fcr Pathologie<\/span><\/div>\t\t\t\t\t\t\t<div class=\"awsm-contact-info\">\n\t\t\t\t\t\t\t\t<p>Laborkoordination<\/p>\t\t\t\t\t\t\t<\/div> <!-- .awsm-contact-info -->\n\t\t\t\t\t\t\t\t\t\t\t\t\t <\/figcaption>\n\t\t\t\t\t  <!-- <\/span> -->\n\t\t\t\t   <\/figure>\n\t\t\t\t<\/div>\n\t\t\t\t\t\t\t<div id=\"awsm-member-1307291-1303023\" class=\"awsm-grid-card\">\n\t\t\t\t   <figure>\n\t\t\t\t\t\t<img loading=\"lazy\" decoding=\"async\" width=\"500\" height=\"500\" src=\"https:\/\/laboklin.de\/wp-content\/uploads\/2021\/01\/Kempker-e1641982386190.jpg\" class=\"attachment-awsm_team size-awsm_team wp-post-image\" alt=\"\" \/>\t\t\t\t\t\t <figcaption class=\"awsm-figcaption\">\n\t\t\t\t\t\t\t<div class=\"awsm-personal-info\"><h3>Dr. Lena Kempker<\/h3><span>Fachtier\u00e4rztin f\u00fcr Pathologie<\/span><\/div>\t\t\t\t\t\t\t<div class=\"awsm-contact-info\">\n\t\t\t\t\t\t\t\t\t\t\t\t\t\t\t<\/div> <!-- .awsm-contact-info -->\n\t\t\t\t\t\t\t\t\t\t\t\t\t <\/figcaption>\n\t\t\t\t\t  <!-- <\/span> -->\n\t\t\t\t   <\/figure>\n\t\t\t\t<\/div>\n\t\t\t\t\t\t\t<div id=\"awsm-member-1307291-1303024\" class=\"awsm-grid-card\">\n\t\t\t\t   <figure>\n\t\t\t\t\t\t<img decoding=\"async\" src=\"https:\/\/laboklin.de\/wp-content\/plugins\/awsm-team\/images\/default-user.png\" alt=\"Dr. Sabrina Munsch\">\t\t\t\t\t\t <figcaption class=\"awsm-figcaption\">\n\t\t\t\t\t\t\t<div class=\"awsm-personal-info\"><h3>Dr. Sabrina Munsch<\/h3><span>Fachtier\u00e4rztin f\u00fcr Pathologie<\/span><\/div>\t\t\t\t\t\t\t<div class=\"awsm-contact-info\">\n\t\t\t\t\t\t\t\t\t\t\t\t\t\t\t<\/div> <!-- .awsm-contact-info -->\n\t\t\t\t\t\t\t\t\t\t\t\t\t <\/figcaption>\n\t\t\t\t\t  <!-- <\/span> -->\n\t\t\t\t   <\/figure>\n\t\t\t\t<\/div>\n\t\t\t\t\t\t\t<div id=\"awsm-member-1307291-1314414\" class=\"awsm-grid-card\">\n\t\t\t\t   <figure>\n\t\t\t\t\t\t<img decoding=\"async\" src=\"https:\/\/laboklin.de\/wp-content\/plugins\/awsm-team\/images\/default-user.png\" alt=\"Annabella Pocknell DVM, MVetSci, Dipl. ACVP, DRCPath\">\t\t\t\t\t\t <figcaption class=\"awsm-figcaption\">\n\t\t\t\t\t\t\t<div class=\"awsm-personal-info\"><h3>Annabella Pocknell DVM, MVetSci, Dipl. ACVP, DRCPath<\/h3><span>Tier\u00e4rztin<\/span><\/div>\t\t\t\t\t\t\t<div class=\"awsm-contact-info\">\n\t\t\t\t\t\t\t\t\t\t\t\t\t\t\t<\/div> <!-- .awsm-contact-info -->\n\t\t\t\t\t\t\t\t\t\t\t\t\t <\/figcaption>\n\t\t\t\t\t  <!-- <\/span> -->\n\t\t\t\t   <\/figure>\n\t\t\t\t<\/div>\n\t\t\t\t\t\t\t<div id=\"awsm-member-1307291-1303025\" class=\"awsm-grid-card\">\n\t\t\t\t   <figure>\n\t\t\t\t\t\t<img loading=\"lazy\" decoding=\"async\" width=\"500\" height=\"500\" src=\"https:\/\/laboklin.de\/wp-content\/uploads\/2021\/01\/Schandelmaier-e1641982652996.jpg\" class=\"attachment-awsm_team size-awsm_team wp-post-image\" alt=\"\" \/>\t\t\t\t\t\t <figcaption class=\"awsm-figcaption\">\n\t\t\t\t\t\t\t<div class=\"awsm-personal-info\"><h3>Dr. Claudia Schandelmaier<\/h3><span>Tier\u00e4rztin<\/span><\/div>\t\t\t\t\t\t\t<div class=\"awsm-contact-info\">\n\t\t\t\t\t\t\t\t<p>Qualtit\u00e4tsmanagementbeauftragte<\/p>\t\t\t\t\t\t\t<\/div> <!-- .awsm-contact-info -->\n\t\t\t\t\t\t\t\t\t\t\t\t\t <\/figcaption>\n\t\t\t\t\t  <!-- <\/span> -->\n\t\t\t\t   <\/figure>\n\t\t\t\t<\/div>\n\t\t\t\t\t\t\t<div id=\"awsm-member-1307291-1303026\" class=\"awsm-grid-card\">\n\t\t\t\t   <figure>\n\t\t\t\t\t\t<img loading=\"lazy\" decoding=\"async\" width=\"500\" height=\"500\" src=\"https:\/\/laboklin.de\/wp-content\/uploads\/2021\/01\/Schwittlick-e1641982809884.jpg\" class=\"attachment-awsm_team size-awsm_team wp-post-image\" alt=\"\" \/>\t\t\t\t\t\t <figcaption class=\"awsm-figcaption\">\n\t\t\t\t\t\t\t<div class=\"awsm-personal-info\"><h3>Dr. Ulrike Schwittlick<\/h3><span>Fachtier\u00e4rztin f\u00fcr Pathologie<\/span><\/div>\t\t\t\t\t\t\t<div class=\"awsm-contact-info\">\n\t\t\t\t\t\t\t\t\t\t\t\t\t\t\t<\/div> <!-- .awsm-contact-info -->\n\t\t\t\t\t\t\t\t\t\t\t\t\t <\/figcaption>\n\t\t\t\t\t  <!-- <\/span> -->\n\t\t\t\t   <\/figure>\n\t\t\t\t<\/div>\n\t\t\t\t\t\t\t<div id=\"awsm-member-1307291-1303027\" class=\"awsm-grid-card\">\n\t\t\t\t   <figure>\n\t\t\t\t\t\t<img loading=\"lazy\" decoding=\"async\" width=\"500\" height=\"500\" src=\"https:\/\/laboklin.de\/wp-content\/uploads\/2021\/01\/Stadler-e1641982935286.jpg\" class=\"attachment-awsm_team size-awsm_team wp-post-image\" alt=\"\" \/>\t\t\t\t\t\t <figcaption class=\"awsm-figcaption\">\n\t\t\t\t\t\t\t<div class=\"awsm-personal-info\"><h3>Dr. Christina Stadler<\/h3><span>Fachtier\u00e4rztin f\u00fcr Pathologie<\/span><\/div>\t\t\t\t\t\t\t<div class=\"awsm-contact-info\">\n\t\t\t\t\t\t\t\t\t\t\t\t\t\t\t<\/div> <!-- .awsm-contact-info -->\n\t\t\t\t\t\t\t\t\t\t\t\t\t <\/figcaption>\n\t\t\t\t\t  <!-- <\/span> -->\n\t\t\t\t   <\/figure>\n\t\t\t\t<\/div>\n\t\t\t\t\t\t\t<div id=\"awsm-member-1307291-1302983\" class=\"awsm-grid-card\">\n\t\t\t\t   <figure>\n\t\t\t\t\t\t<img loading=\"lazy\" decoding=\"async\" width=\"500\" height=\"500\" src=\"https:\/\/laboklin.de\/wp-content\/uploads\/2021\/01\/Toerner-e1641996530457.jpg\" class=\"attachment-awsm_team size-awsm_team wp-post-image\" alt=\"\" \/>\t\t\t\t\t\t <figcaption class=\"awsm-figcaption\">\n\t\t\t\t\t\t\t<div class=\"awsm-personal-info\"><h3>Dr. Katrin T\u00f6rner<\/h3><span>Tier\u00e4rztin<\/span><\/div>\t\t\t\t\t\t\t<div class=\"awsm-contact-info\">\n\t\t\t\t\t\t\t\t<p>Teamleitung digitale Zytologie<\/p>\t\t\t\t\t\t\t<\/div> <!-- .awsm-contact-info -->\n\t\t\t\t\t\t\t\t\t\t\t\t\t <\/figcaption>\n\t\t\t\t\t  <!-- <\/span> -->\n\t\t\t\t   <\/figure>\n\t\t\t\t<\/div>\n\t\t\t\t\t\t\t<div id=\"awsm-member-1307291-1303028\" class=\"awsm-grid-card\">\n\t\t\t\t   <figure>\n\t\t\t\t\t\t<img loading=\"lazy\" decoding=\"async\" width=\"500\" height=\"500\" src=\"https:\/\/laboklin.de\/wp-content\/uploads\/2021\/01\/deVries-e1641983050872.jpg\" class=\"attachment-awsm_team size-awsm_team wp-post-image\" alt=\"\" \/>\t\t\t\t\t\t <figcaption class=\"awsm-figcaption\">\n\t\t\t\t\t\t\t<div class=\"awsm-personal-info\"><h3>Cynthia de Vries, MSc, Dipl. ECVP<\/h3><span>Tier\u00e4rztin<\/span><\/div>\t\t\t\t\t\t\t<div class=\"awsm-contact-info\">\n\t\t\t\t\t\t\t\t\t\t\t\t\t\t\t<\/div> <!-- .awsm-contact-info -->\n\t\t\t\t\t\t\t\t\t\t\t\t\t <\/figcaption>\n\t\t\t\t\t  <!-- <\/span> -->\n\t\t\t\t   <\/figure>\n\t\t\t\t<\/div>\n\t\t\t\t\t<\/div><!-- .grid -->\n\t\t<\/div>\n[\/vc_column_text][\/vc_column][\/vc_row]<\/p>\n<\/div>","protected":false},"excerpt":{"rendered":"<p>[vc_row][vc_column][vc_column_text css=&#8220;&#8220;]Zu unserem Leistungsspektrum geh\u00f6rt die klassische Pathohistologie und Zytologie. Aus diesen Untersuchungen k\u00f6nnen sich weitere Fragestellungen ergeben, die oft schon aus dem eingesandten Material untersucht werden k\u00f6nnen. Neben der Immunhistologie bei Tumorfragestellungen kann die molekularbiologische Klonalit\u00e4tsuntersuchung bei Hund und Katze bei der Abkl\u00e4rung von Lymphomen helfen. Bei Verdacht auf ein Harnblasenkarzinom (\u00dcbergangszellkarzinom) bei Hunden&hellip;<\/p>\n","protected":false},"author":1,"featured_media":0,"parent":100000,"menu_order":6,"comment_status":"closed","ping_status":"closed","template":"","meta":{"_seopress_robots_primary_cat":"","_seopress_titles_title":"Pathologie \u2013 ein wichtiger Beitrag zu Diagnose und Therapie","_seopress_titles_desc":"LABOKLIN bietet umfassende Pathologie-Dienstleistungen, einschlie\u00dflich Pathohistologie, Zytologie und molekularbiologischen Tests f\u00fcr Hunde und Katzen.","_seopress_robots_index":"","footnotes":""},"class_list":["post-1100000","page","type-page","status-publish","hentry","description-off"],"_links":{"self":[{"href":"https:\/\/laboklin.de\/de\/wp-json\/wp\/v2\/pages\/1100000","targetHints":{"allow":["GET"]}}],"collection":[{"href":"https:\/\/laboklin.de\/de\/wp-json\/wp\/v2\/pages"}],"about":[{"href":"https:\/\/laboklin.de\/de\/wp-json\/wp\/v2\/types\/page"}],"author":[{"embeddable":true,"href":"https:\/\/laboklin.de\/de\/wp-json\/wp\/v2\/users\/1"}],"replies":[{"embeddable":true,"href":"https:\/\/laboklin.de\/de\/wp-json\/wp\/v2\/comments?post=1100000"}],"version-history":[{"count":23,"href":"https:\/\/laboklin.de\/de\/wp-json\/wp\/v2\/pages\/1100000\/revisions"}],"predecessor-version":[{"id":1515301,"href":"https:\/\/laboklin.de\/de\/wp-json\/wp\/v2\/pages\/1100000\/revisions\/1515301"}],"up":[{"embeddable":true,"href":"https:\/\/laboklin.de\/de\/wp-json\/wp\/v2\/pages\/100000"}],"wp:attachment":[{"href":"https:\/\/laboklin.de\/de\/wp-json\/wp\/v2\/media?parent=1100000"}],"curies":[{"name":"wp","href":"https:\/\/api.w.org\/{rel}","templated":true}]}}