{"id":1050009,"date":"2020-05-20T12:25:00","date_gmt":"2020-10-16T09:36:27","guid":{"rendered":"https:\/\/laboklin.de\/de\/untersuchung-der-aufbereitung-von-endoskopen"},"modified":"2025-03-27T11:26:33","modified_gmt":"2025-03-27T10:26:33","slug":"05-endoskopdesinfektion","status":"publish","type":"page","link":"https:\/\/laboklin.de\/de\/leistungen\/hygieneuntersuchungen\/hygiene-einzeluntersuchungen\/05-endoskopdesinfektion\/","title":{"rendered":"06. Endoskopdesinfektion"},"content":{"rendered":"<h3 class=\"csc-firstHeader\">Untersuchung der Aufbereitung von Endoskopen<\/h3><p><span>LABOKLIN Leistungs-ID: 6318<\/span><\/p><table class=\"tx-laboklinleistung-table contenttable contenttable-2\" style=\"margin-top: 35px;\"><tr><td class=\"td-0\"><strong>Material<\/strong><\/td><td class=\"td-1\"><p class=\"bodytext\">2 Tupfer mit Medium, 2 Sp\u00fclproben, 1 Wasserprobe aus der Optiksp\u00fclflasche<\/p><\/td><\/tr><tr><td class=\"td-0\"><strong>Methode<\/strong><\/td><td class=\"td-1\"><p class=\"bodytext\">kulturell<\/p><\/td><\/tr><tr><td class=\"td-0\"><strong>Dauer<\/strong><\/td><td class=\"td-1\"><p class=\"bodytext\">3 - 5 Tage<\/p><\/td><\/tr><tr><td class=\"td-0\"><strong>Anmerkung<\/strong><\/td><td class=\"td-1\"><p class=\"bodytext\"><ul><li>F\u00fcr die \u00dcberpr\u00fcfung der Desinfektion von Endoskopen sind pro Endoskop zwei Tupfer mit Medium, zwei Sp\u00fclproben und eine Wasserprobe aus der Optiksp\u00fclflasche von N\u00f6ten. <\/li><li>Nach der Probennahme ist eine K\u00fchlung der Proben bis zum R\u00fccktransport erforderlich. Der Probenversand inklusive des ausgef\u00fcllten Begleitformulars in das Labor muss innerhalb von 24 Stunden erfolgen.<\/li><\/ul><\/p><\/td><\/tr><\/table>\n","protected":false},"excerpt":{"rendered":"<p>Untersuchung der Aufbereitung von EndoskopenLABOKLIN Leistungs-ID: 6318Material2 Tupfer mit Medium, 2 Sp\u00fclproben, 1 Wasserprobe aus der Optiksp\u00fclflascheMethodekulturellDauer3 &#8211; 5 TageAnmerkungF\u00fcr die \u00dcberpr\u00fcfung der Desinfektion von Endoskopen sind pro Endoskop zwei Tupfer mit Medium, zwei Sp\u00fclproben und eine Wasserprobe aus der Optiksp\u00fclflasche von N\u00f6ten. Nach der Probennahme ist eine K\u00fchlung der Proben bis zum R\u00fccktransport erforderlich.&hellip;<\/p>\n","protected":false},"author":1,"featured_media":0,"parent":1305809,"menu_order":0,"comment_status":"closed","ping_status":"closed","template":"","meta":{"_seopress_robots_primary_cat":"","_seopress_titles_title":"","_seopress_titles_desc":"","_seopress_robots_index":"","footnotes":""},"class_list":["post-1050009","page","type-page","status-publish","hentry","description-off"],"_links":{"self":[{"href":"https:\/\/laboklin.de\/de\/wp-json\/wp\/v2\/pages\/1050009","targetHints":{"allow":["GET"]}}],"collection":[{"href":"https:\/\/laboklin.de\/de\/wp-json\/wp\/v2\/pages"}],"about":[{"href":"https:\/\/laboklin.de\/de\/wp-json\/wp\/v2\/types\/page"}],"author":[{"embeddable":true,"href":"https:\/\/laboklin.de\/de\/wp-json\/wp\/v2\/users\/1"}],"replies":[{"embeddable":true,"href":"https:\/\/laboklin.de\/de\/wp-json\/wp\/v2\/comments?post=1050009"}],"version-history":[{"count":6,"href":"https:\/\/laboklin.de\/de\/wp-json\/wp\/v2\/pages\/1050009\/revisions"}],"predecessor-version":[{"id":1516555,"href":"https:\/\/laboklin.de\/de\/wp-json\/wp\/v2\/pages\/1050009\/revisions\/1516555"}],"up":[{"embeddable":true,"href":"https:\/\/laboklin.de\/de\/wp-json\/wp\/v2\/pages\/1305809"}],"wp:attachment":[{"href":"https:\/\/laboklin.de\/de\/wp-json\/wp\/v2\/media?parent=1050009"}],"curies":[{"name":"wp","href":"https:\/\/api.w.org\/{rel}","templated":true}]}}