{"id":1050007,"date":"2020-10-16T11:36:27","date_gmt":"2020-10-16T09:36:27","guid":{"rendered":"https:\/\/laboklin.de\/de\/untersuchung-der-funktionstuechtigkeit-von-heissluftsterilisatoren"},"modified":"2025-02-17T10:32:42","modified_gmt":"2025-02-17T09:32:42","slug":"untersuchung-der-funktionstuechtigkeit-von-heissluftsterilisatoren","status":"publish","type":"page","link":"https:\/\/laboklin.de\/de\/leistungen\/hygieneuntersuchungen\/hygiene-einzeluntersuchungen\/untersuchung-der-funktionstuechtigkeit-von-heissluftsterilisatoren\/","title":{"rendered":"02. Untersuchung der Funktionst\u00fcchtigkeit von Hei\u00dfluftsterilisatoren"},"content":{"rendered":"<h3 class=\"csc-firstHeader\">Untersuchung der Funktionst\u00fcchtigkeit von Hei\u00dfluftsterilisatoren<\/h3><p><span>LABOKLIN Leistungs-ID: 6307<\/span><\/p><table class=\"tx-laboklinleistung-table contenttable contenttable-2\" style=\"margin-top: 35px;\"><tr><td class=\"td-0\"><strong>Material<\/strong><\/td><td class=\"td-1\"><p class=\"bodytext\">6 Bioindikatoren <\/p><\/td><\/tr><tr><td class=\"td-0\"><strong>Methode<\/strong><\/td><td class=\"td-1\"><p class=\"bodytext\">kulturell<\/p><\/td><\/tr><tr><td class=\"td-0\"><strong>Dauer<\/strong><\/td><td class=\"td-1\"><p class=\"bodytext\">7-8 Tage<\/p><\/td><\/tr><tr><td class=\"td-0\"><strong>Anmerkung<\/strong><\/td><td class=\"td-1\"><p class=\"bodytext\"><ul><li>Die f\u00fcr die \u00dcberpr\u00fcfung der Funktionsf\u00e4higkeit der Sterilisatoren ben\u00f6tigten Bioindikatoren (kontaminiert mit Bacillus atrophaeus) werden Ihnen nach Eingang Ihres Untersuchungsauftrags zugesandt und k\u00f6nnen mit dem allt\u00e4glichen Sterilisiergut gemeinsam im Ger\u00e4t zur Anwendung kommen (siehe Rubrik Fachinformationen unter Video-Tutorials). Nach der Testung sind diese Bioindikatoren und die Positivkontrolle bei Raumtemperatur aufzubewahren und mit dem ausgef\u00fcllten Begleitformular zeitnah an das Labor zu senden. <\/li> <li>Bei regelm\u00e4\u00dfiger Teilnahme (2 x pro Jahr) erhalten Sie ein Zertifikat \u00fcber die j\u00e4hrliche \u00dcberpr\u00fcfung der Desinfektionsleistung Ihres Autoklavs.<\/li><li>Dieser Test steht in Drittl\u00e4ndern nicht zur Verf\u00fcgung.<\/li><\/ul><\/p><\/td><\/tr><\/table>\n","protected":false},"excerpt":{"rendered":"<p>Untersuchung der Funktionst\u00fcchtigkeit von Hei\u00dfluftsterilisatorenLABOKLIN Leistungs-ID: 6307Material6 Bioindikatoren MethodekulturellDauer7-8 TageAnmerkungDie f\u00fcr die \u00dcberpr\u00fcfung der Funktionsf\u00e4higkeit der Sterilisatoren ben\u00f6tigten Bioindikatoren (kontaminiert mit Bacillus atrophaeus) werden Ihnen nach Eingang Ihres Untersuchungsauftrags zugesandt und k\u00f6nnen mit dem allt\u00e4glichen Sterilisiergut gemeinsam im Ger\u00e4t zur Anwendung kommen (siehe Rubrik Fachinformationen unter Video-Tutorials). Nach der Testung sind diese Bioindikatoren und die&hellip;<\/p>\n","protected":false},"author":1,"featured_media":0,"parent":1305809,"menu_order":6,"comment_status":"closed","ping_status":"closed","template":"","meta":{"_seopress_robots_primary_cat":"","_seopress_titles_title":"","_seopress_titles_desc":"","_seopress_robots_index":"","footnotes":""},"class_list":["post-1050007","page","type-page","status-publish","hentry","description-off"],"_links":{"self":[{"href":"https:\/\/laboklin.de\/de\/wp-json\/wp\/v2\/pages\/1050007","targetHints":{"allow":["GET"]}}],"collection":[{"href":"https:\/\/laboklin.de\/de\/wp-json\/wp\/v2\/pages"}],"about":[{"href":"https:\/\/laboklin.de\/de\/wp-json\/wp\/v2\/types\/page"}],"author":[{"embeddable":true,"href":"https:\/\/laboklin.de\/de\/wp-json\/wp\/v2\/users\/1"}],"replies":[{"embeddable":true,"href":"https:\/\/laboklin.de\/de\/wp-json\/wp\/v2\/comments?post=1050007"}],"version-history":[{"count":3,"href":"https:\/\/laboklin.de\/de\/wp-json\/wp\/v2\/pages\/1050007\/revisions"}],"predecessor-version":[{"id":1309743,"href":"https:\/\/laboklin.de\/de\/wp-json\/wp\/v2\/pages\/1050007\/revisions\/1309743"}],"up":[{"embeddable":true,"href":"https:\/\/laboklin.de\/de\/wp-json\/wp\/v2\/pages\/1305809"}],"wp:attachment":[{"href":"https:\/\/laboklin.de\/de\/wp-json\/wp\/v2\/media?parent=1050007"}],"curies":[{"name":"wp","href":"https:\/\/api.w.org\/{rel}","templated":true}]}}