{"id":1050006,"date":"2020-05-20T12:25:00","date_gmt":"2020-10-16T09:36:27","guid":{"rendered":"https:\/\/laboklin.de\/de\/untersuchung-von-luftkeimplatten"},"modified":"2025-12-08T13:47:01","modified_gmt":"2025-12-08T12:47:01","slug":"untersuchung-von-luftkeimplatten","status":"publish","type":"page","link":"https:\/\/laboklin.de\/de\/leistungen\/hygieneuntersuchungen\/hygiene-einzeluntersuchungen\/untersuchung-von-luftkeimplatten\/","title":{"rendered":"10. Untersuchung von Luftkeimplatten"},"content":{"rendered":"<h3 class=\"csc-firstHeader\">Untersuchung von Luftkeimplatten<\/h3><p><span>LABOKLIN Leistungs-ID: 6401<\/span><\/p><table class=\"tx-laboklinleistung-table contenttable contenttable-2\" style=\"margin-top: 35px;\"><tr><td class=\"td-0\"><strong>Material<\/strong><\/td><td class=\"td-1\"><p class=\"bodytext\">Luftkeimplatte<\/p><\/td><\/tr><tr><td class=\"td-0\"><strong>Parameter<\/strong><\/td><td class=\"td-1\"><p class=\"bodytext\">mikrobiologische Luftbeschaffenheit in Praxisr\u00e4umen <\/p><\/td><\/tr><tr><td class=\"td-0\"><strong>Methode<\/strong><\/td><td class=\"td-1\"><p class=\"bodytext\">kuturell<\/p><\/td><\/tr><tr><td class=\"td-0\"><strong>Dauer<\/strong><\/td><td class=\"td-1\"><p class=\"bodytext\">2 - 4 Tage<\/p><\/td><\/tr><tr><td class=\"td-0\"><strong>Anmerkung<\/strong><\/td><td class=\"td-1\"><p class=\"bodytext\">Dieser Test eignet sich nicht f\u00fcr Untersuchungen in St\u00e4llen!<\/p><\/td><\/tr><\/table>\n","protected":false},"excerpt":{"rendered":"<p>Untersuchung von LuftkeimplattenLABOKLIN Leistungs-ID: 6401MaterialLuftkeimplatteParametermikrobiologische Luftbeschaffenheit in Praxisr\u00e4umen MethodekuturellDauer2 &#8211; 4 TageAnmerkungDieser Test eignet sich nicht f\u00fcr Untersuchungen in St\u00e4llen!<\/p>\n","protected":false},"author":1,"featured_media":0,"parent":1305809,"menu_order":2,"comment_status":"closed","ping_status":"closed","template":"","meta":{"_seopress_robots_primary_cat":"","_seopress_titles_title":"","_seopress_titles_desc":"","_seopress_robots_index":"","footnotes":""},"class_list":["post-1050006","page","type-page","status-publish","hentry","description-off"],"_links":{"self":[{"href":"https:\/\/laboklin.de\/de\/wp-json\/wp\/v2\/pages\/1050006","targetHints":{"allow":["GET"]}}],"collection":[{"href":"https:\/\/laboklin.de\/de\/wp-json\/wp\/v2\/pages"}],"about":[{"href":"https:\/\/laboklin.de\/de\/wp-json\/wp\/v2\/types\/page"}],"author":[{"embeddable":true,"href":"https:\/\/laboklin.de\/de\/wp-json\/wp\/v2\/users\/1"}],"replies":[{"embeddable":true,"href":"https:\/\/laboklin.de\/de\/wp-json\/wp\/v2\/comments?post=1050006"}],"version-history":[{"count":5,"href":"https:\/\/laboklin.de\/de\/wp-json\/wp\/v2\/pages\/1050006\/revisions"}],"predecessor-version":[{"id":1577424,"href":"https:\/\/laboklin.de\/de\/wp-json\/wp\/v2\/pages\/1050006\/revisions\/1577424"}],"up":[{"embeddable":true,"href":"https:\/\/laboklin.de\/de\/wp-json\/wp\/v2\/pages\/1305809"}],"wp:attachment":[{"href":"https:\/\/laboklin.de\/de\/wp-json\/wp\/v2\/media?parent=1050006"}],"curies":[{"name":"wp","href":"https:\/\/api.w.org\/{rel}","templated":true}]}}