{"id":1050000,"date":"2020-10-16T11:37:27","date_gmt":"2020-10-16T09:37:27","guid":{"rendered":"https:\/\/laboklin.de\/de\/hygieneuntersuchungen"},"modified":"2025-03-27T10:44:34","modified_gmt":"2025-03-27T09:44:34","slug":"hygieneuntersuchungen","status":"publish","type":"page","link":"https:\/\/laboklin.de\/de\/leistungen\/hygieneuntersuchungen\/","title":{"rendered":"Hygieneuntersuchungen"},"content":{"rendered":"<div class=\"wpb-content-wrapper\"><p>[vc_row][vc_column][vc_column_text]Mit Hilfe eines geeigneten Hygienekonzepts etablieren Sie in Ihrer Tierarztpraxis moderne Qualit\u00e4tsstandards, minimieren die Entstehung nosokomialer Infektionen bei Ihren Patienten und sch\u00fctzen sich, Ihre Mitarbeiter und die Tierbesitzer bestm\u00f6glich vor Infektionen. Die Effizienz der angewendeten Hygienema\u00dfnahmen sollte jedoch regelm\u00e4\u00dfig \u00fcberpr\u00fcft werden. Sie k\u00f6nnen z.B. die Funktion Ihres Autoklaven oder Dampfsterilisators oder den Erfolg einer Fl\u00e4chendesinfektion ebenso \u00fcberpr\u00fcfen wie die erfolgreiche Reinigung und Desinfektion Ihrer Endoskope. Unsere Untersuchungsdaten der letzten Jahre best\u00e4tigen, dass die Durchf\u00fchrung der genannten Hygieneuntersuchungen dringend zu empfehlen ist.<\/p>\n<p>Bei regelm\u00e4\u00dfigen Hygienepr\u00fcfungen stellt Laboklin Ihnen ein entsprechendes Zertifikat aus. Weitere Informationen finden Sie in den Leistungsbeschreibungen.<\/p>\n<p>\u00dcber die links im Men\u00fc gelisteten Leistungen hinaus bieten wir im Bereich Hygiene an:<\/p>\n<ul>\n<li>Klinikbegehungen<\/li>\n<li>Erstellung von Begehungsberichten<\/li>\n<\/ul>\n<p>Hierzu erteilen wir Ihnen gerne weitere Auskunft bzw. verweisen auf den Untersuchungsantrag Hygiene im Download-Bereich von <a href=\"https:\/\/app.laboklin.com\/login\"><strong>Mein Labor.<\/strong><\/a>[\/vc_column_text][\/vc_column][\/vc_row][vc_row type=&#8220;vc_default&#8220; css=&#8220;.vc_custom_1612180922783{margin-top: 30px !important;margin-bottom: 30px !important;}&#8220;][vc_column][vc_accordion active_tab=&#8220;false&#8220; title_size=&#8220;normal&#8220; style=&#8220;2&#8243;][vc_accordion_tab title=&#8220;Anforderung von Hygieneuntersuchungen &#8211; Hinweise f\u00fcr Tier\u00e4rzte&#8220;][vc_column_text css=&#8220;.vc_custom_1743068645569{padding-top: 20px !important;padding-right: 20px !important;padding-bottom: 20px !important;padding-left: 20px !important;}&#8220;]F\u00fcr die Bestellung von Hygiene-Untersuchungen ben\u00f6tigen wir von Ihnen einen\u00a0<b><strong>gedruckten Hygiene-Antrag<\/strong><\/b>. Bitte laden Sie sich diesen in\u00a0<b><strong>Mein Labor\u00a0<\/strong><\/b>im<b><strong>\u00a0Ordner PDF-Antr\u00e4ge<\/strong><\/b>\u00a0herunter und drucken ihn aus oder verwenden Sie einen von uns zur Verf\u00fcgung gestellten Untersuchungsantrag.<\/p>\n<p>Damit es f\u00fcr Sie im Bestellprozess keine Probleme gibt, wird im Hygiene-Bereich auf die Bereitstellung eines Online-Untersuchungsauftrags verzichtet.<\/p>\n<p>Die Pr\u00fcfmaterialien f\u00fcr die Hygieneuntersuchungen erhalten Sie nach Eingang Ihres Untersuchungsauftrags zugesandt. Mit der Probennahme haben Sie bis zum Ablaufdatum des Pr\u00fcfsets bzw. max. 3 Tage bei Pr\u00fcfsets f\u00fcr Ger\u00e4te zur Reinigung und Desinfektion chir. Instrumente Zeit, sofern dieses Set entsprechend der Vorgaben in den Begleitdokumenten gelagert wird. Die Rechnungserstellung erfolgt nach Auftragseingang.[\/vc_column_text][\/vc_accordion_tab][\/vc_accordion][vc_row_inner][vc_column_inner][vc_column_text]<div class=\"gap\" style=\"line-height: 30px; height: 30px;\"><\/div>[\/vc_column_text][\/vc_column_inner][\/vc_row_inner][vc_separator border_width=&#8220;8&#8243;][\/vc_column][\/vc_row][vc_row type=&#8220;vc_default&#8220; css=&#8220;.vc_custom_1612180922783{margin-top: 30px !important;margin-bottom: 30px !important;}&#8220;][vc_column][vc_column_text]Zum Tutorial zur Handhabung der Bioindikatoren sowie zur Untersuchung der Fl\u00e4chendesinfektion siehe<\/p>\n<p><i><b>\u21d2<\/b>\u00a0<\/i><strong> <a href=\"https:\/\/laboklin.de\/fachinformationen\/video-tutorials\/\">Fachinformationen\/ Video-Tutorials<\/a><\/strong><\/p>\n<p>Die Darstellung der Probenahme mittels Abklatschplatte finden Sie im zweiten Teil des Tutorials zur Probenahme f\u00fcr die Untersuchung der Fl\u00e4chendesinfektion.[\/vc_column_text][\/vc_column][\/vc_row][vc_row type=&#8220;vc_default&#8220; disable_element=&#8220;yes&#8220; css=&#8220;.vc_custom_1612428379817{margin-bottom: 30px !important;}&#8220;][vc_column][vc_column_text]<div class=\"vc_tta-panels-container\"><div class=\"vc_tta-panels\"><li class=\"menu-item sub-page\"><a href=\"https:\/\/laboklin.de\/leistungen\/profile\/profile-hygiene\/\">Hygiene - Profile<\/a><\/li><li class=\"menu-item sub-page\"><a href=\"https:\/\/laboklin.de\/de\/leistungen\/hygieneuntersuchungen\/hygiene-einzeluntersuchungen\/\">Hygiene - Einzeluntersuchungen<\/a><\/li><\/div><\/div>[\/vc_column_text][\/vc_column][\/vc_row]<\/p>\n<\/div>","protected":false},"excerpt":{"rendered":"<p>[vc_row][vc_column][vc_column_text]Mit Hilfe eines geeigneten Hygienekonzepts etablieren Sie in Ihrer Tierarztpraxis moderne Qualit\u00e4tsstandards, minimieren die Entstehung nosokomialer Infektionen bei Ihren Patienten und sch\u00fctzen sich, Ihre Mitarbeiter und die Tierbesitzer bestm\u00f6glich vor Infektionen. Die Effizienz der angewendeten Hygienema\u00dfnahmen sollte jedoch regelm\u00e4\u00dfig \u00fcberpr\u00fcft werden. Sie k\u00f6nnen z.B. die Funktion Ihres Autoklaven oder Dampfsterilisators oder den Erfolg einer Fl\u00e4chendesinfektion&hellip;<\/p>\n","protected":false},"author":1,"featured_media":0,"parent":100000,"menu_order":8,"comment_status":"closed","ping_status":"closed","template":"","meta":{"_seopress_robots_primary_cat":"","_seopress_titles_title":"","_seopress_titles_desc":"","_seopress_robots_index":"","footnotes":""},"class_list":["post-1050000","page","type-page","status-publish","hentry","description-off"],"_links":{"self":[{"href":"https:\/\/laboklin.de\/de\/wp-json\/wp\/v2\/pages\/1050000","targetHints":{"allow":["GET"]}}],"collection":[{"href":"https:\/\/laboklin.de\/de\/wp-json\/wp\/v2\/pages"}],"about":[{"href":"https:\/\/laboklin.de\/de\/wp-json\/wp\/v2\/types\/page"}],"author":[{"embeddable":true,"href":"https:\/\/laboklin.de\/de\/wp-json\/wp\/v2\/users\/1"}],"replies":[{"embeddable":true,"href":"https:\/\/laboklin.de\/de\/wp-json\/wp\/v2\/comments?post=1050000"}],"version-history":[{"count":33,"href":"https:\/\/laboklin.de\/de\/wp-json\/wp\/v2\/pages\/1050000\/revisions"}],"predecessor-version":[{"id":1516514,"href":"https:\/\/laboklin.de\/de\/wp-json\/wp\/v2\/pages\/1050000\/revisions\/1516514"}],"up":[{"embeddable":true,"href":"https:\/\/laboklin.de\/de\/wp-json\/wp\/v2\/pages\/100000"}],"wp:attachment":[{"href":"https:\/\/laboklin.de\/de\/wp-json\/wp\/v2\/media?parent=1050000"}],"curies":[{"name":"wp","href":"https:\/\/api.w.org\/{rel}","templated":true}]}}