{"id":1034005,"date":"2020-10-16T11:36:27","date_gmt":"2020-10-16T09:36:27","guid":{"rendered":"https:\/\/laboklin.de\/de\/partikelgroesse"},"modified":"2025-02-05T10:52:09","modified_gmt":"2025-02-05T09:52:09","slug":"partikelgroesse","status":"publish","type":"page","link":"https:\/\/laboklin.de\/de\/leistungen\/mikrobiologie-parasitologie\/untersuchungen-bei-verdauungsstoerungen-und-diarrhoee\/untersuchungen-bei-maldigestion-malabsorption\/partikelgroesse\/","title":{"rendered":"Partikelgr\u00f6\u00dfe"},"content":{"rendered":"<h3 class=\"csc-firstHeader\">Partikelgr\u00f6\u00dfe<\/h3><p><span>LABOKLIN Leistungs-ID: 1400<\/span><\/p><p class=\"bodytext\">Die Partikelgr\u00f6\u00dfe gibt Auskunft \u00fcber eine ungen\u00fcgende Zerkleinerung der Futterbestandteile.<br \/>\r\nEine Zahnkontrolle sollte durchgef\u00fchrt werden. Au\u00dferdem sollte die Ration auf die Menge schwer verdaulicher Bestandteile (z.B. \u00fcberm\u00e4\u00dfige Strohf\u00fctterung) und Struktur (z.B. ausreichende Faserl\u00e4nge) \u00fcberpr\u00fcft werden. <\/p><table class=\"tx-laboklinleistung-table contenttable contenttable-2\" style=\"margin-top: 35px;\"><tr><td class=\"td-0\"><strong>Material<\/strong><\/td><td class=\"td-1\"><p class=\"bodytext\">Faeces<\/p><\/td><\/tr><tr><td class=\"td-0\"><strong>Methode<\/strong><\/td><td class=\"td-1\"><p class=\"bodytext\">Messung<\/p><\/td><\/tr><tr><td class=\"td-0\"><strong>Tierart(en)<\/strong><\/td><td class=\"td-1\"><p class=\"bodytext\">Pferd<\/p><\/td><\/tr><tr><td class=\"td-0\"><strong>Dauer<\/strong><\/td><td class=\"td-1\"><p class=\"bodytext\">1 - 2 Tage<\/p><\/td><\/tr><\/table>\n","protected":false},"excerpt":{"rendered":"<p>Partikelgr\u00f6\u00dfeLABOKLIN Leistungs-ID: 1400Die Partikelgr\u00f6\u00dfe gibt Auskunft \u00fcber eine ungen\u00fcgende Zerkleinerung der Futterbestandteile. Eine Zahnkontrolle sollte durchgef\u00fchrt werden. Au\u00dferdem sollte die Ration auf die Menge schwer verdaulicher Bestandteile (z.B. \u00fcberm\u00e4\u00dfige Strohf\u00fctterung) und Struktur (z.B. ausreichende Faserl\u00e4nge) \u00fcberpr\u00fcft werden. MaterialFaecesMethodeMessungTierart(en)PferdDauer1 &#8211; 2 Tage<\/p>\n","protected":false},"author":1,"featured_media":0,"parent":1034000,"menu_order":2,"comment_status":"closed","ping_status":"closed","template":"","meta":{"_seopress_robots_primary_cat":"","_seopress_titles_title":"","_seopress_titles_desc":"","_seopress_robots_index":"","footnotes":""},"class_list":["post-1034005","page","type-page","status-publish","hentry","description-off"],"_links":{"self":[{"href":"https:\/\/laboklin.de\/de\/wp-json\/wp\/v2\/pages\/1034005","targetHints":{"allow":["GET"]}}],"collection":[{"href":"https:\/\/laboklin.de\/de\/wp-json\/wp\/v2\/pages"}],"about":[{"href":"https:\/\/laboklin.de\/de\/wp-json\/wp\/v2\/types\/page"}],"author":[{"embeddable":true,"href":"https:\/\/laboklin.de\/de\/wp-json\/wp\/v2\/users\/1"}],"replies":[{"embeddable":true,"href":"https:\/\/laboklin.de\/de\/wp-json\/wp\/v2\/comments?post=1034005"}],"version-history":[{"count":1,"href":"https:\/\/laboklin.de\/de\/wp-json\/wp\/v2\/pages\/1034005\/revisions"}],"predecessor-version":[{"id":1506854,"href":"https:\/\/laboklin.de\/de\/wp-json\/wp\/v2\/pages\/1034005\/revisions\/1506854"}],"up":[{"embeddable":true,"href":"https:\/\/laboklin.de\/de\/wp-json\/wp\/v2\/pages\/1034000"}],"wp:attachment":[{"href":"https:\/\/laboklin.de\/de\/wp-json\/wp\/v2\/media?parent=1034005"}],"curies":[{"name":"wp","href":"https:\/\/api.w.org\/{rel}","templated":true}]}}