{"id":1034003,"date":"2020-10-16T11:36:27","date_gmt":"2020-10-16T09:36:27","guid":{"rendered":"https:\/\/laboklin.de\/de\/mikroskopische-nahrungsausnutzung"},"modified":"2025-02-05T10:50:59","modified_gmt":"2025-02-05T09:50:59","slug":"mikroskopische-nahrungsausnutzung","status":"publish","type":"page","link":"https:\/\/laboklin.de\/de\/leistungen\/mikrobiologie-parasitologie\/untersuchungen-bei-verdauungsstoerungen-und-diarrhoee\/untersuchungen-bei-maldigestion-malabsorption\/mikroskopische-nahrungsausnutzung\/","title":{"rendered":"Mikroskopische Nahrungsausnutzung"},"content":{"rendered":"<h3 class=\"csc-firstHeader\">Mikroskopische Nahrungsausnutzung<\/h3><p><span>LABOKLIN Leistungs-ID: 153<\/span><\/p><p class=\"bodytext\">Es handelt sich um einen semiquantitativen Nachweis unverdauter Nahrungsbestandteile, der abh\u00e4ngig von der Art und der Zusammensetzung der Nahrung ist. Eine vermehrte Ausscheidung von St\u00e4rke, Neutralfetten, Fetts\u00e4uren und Muskelfasern kann daher nur hinweisend f\u00fcr eine verringerte Verdauungs- und Resorptionsleistung sein (Maldigestion bzw. Malabsorption).<\/p><table class=\"tx-laboklinleistung-table contenttable contenttable-2\" style=\"margin-top: 35px;\"><tr><td class=\"td-0\"><strong>Material<\/strong><\/td><td class=\"td-1\"><p class=\"bodytext\">Faeces<\/p><\/td><\/tr><tr><td class=\"td-0\"><strong>Methode<\/strong><\/td><td class=\"td-1\"><p class=\"bodytext\">Mikroskopie<\/p><\/td><\/tr><tr><td class=\"td-0\"><strong>Tierart(en)<\/strong><\/td><td class=\"td-1\"><p class=\"bodytext\">Hund, Katze <\/p><\/td><\/tr><tr><td class=\"td-0\"><strong>Dauer<\/strong><\/td><td class=\"td-1\"><p class=\"bodytext\">1 - 2 Tage<\/p><\/td><\/tr><tr><td class=\"td-0\"><strong>Anmerkung<\/strong><\/td><td class=\"td-1\"><p class=\"bodytext\"><ul><li> Die mikroskopische Nahrungsausnutzung ist f\u00fcr die Katze auch Bestandteil des Dysbioseprofils. (siehe Profile\/Screenings \u2013 Kleintiere \/ Kotprofile)<\/li><\/ul><\/p><\/td><\/tr><\/table>\n","protected":false},"excerpt":{"rendered":"<p>Mikroskopische NahrungsausnutzungLABOKLIN Leistungs-ID: 153Es handelt sich um einen semiquantitativen Nachweis unverdauter Nahrungsbestandteile, der abh\u00e4ngig von der Art und der Zusammensetzung der Nahrung ist. Eine vermehrte Ausscheidung von St\u00e4rke, Neutralfetten, Fetts\u00e4uren und Muskelfasern kann daher nur hinweisend f\u00fcr eine verringerte Verdauungs- und Resorptionsleistung sein (Maldigestion bzw. Malabsorption).MaterialFaecesMethodeMikroskopieTierart(en)Hund, Katze Dauer1 &#8211; 2 TageAnmerkung Die mikroskopische Nahrungsausnutzung ist&hellip;<\/p>\n","protected":false},"author":1,"featured_media":0,"parent":1034000,"menu_order":3,"comment_status":"closed","ping_status":"closed","template":"","meta":{"_seopress_robots_primary_cat":"","_seopress_titles_title":"","_seopress_titles_desc":"","_seopress_robots_index":"","footnotes":""},"class_list":["post-1034003","page","type-page","status-publish","hentry","description-off"],"_links":{"self":[{"href":"https:\/\/laboklin.de\/de\/wp-json\/wp\/v2\/pages\/1034003","targetHints":{"allow":["GET"]}}],"collection":[{"href":"https:\/\/laboklin.de\/de\/wp-json\/wp\/v2\/pages"}],"about":[{"href":"https:\/\/laboklin.de\/de\/wp-json\/wp\/v2\/types\/page"}],"author":[{"embeddable":true,"href":"https:\/\/laboklin.de\/de\/wp-json\/wp\/v2\/users\/1"}],"replies":[{"embeddable":true,"href":"https:\/\/laboklin.de\/de\/wp-json\/wp\/v2\/comments?post=1034003"}],"version-history":[{"count":1,"href":"https:\/\/laboklin.de\/de\/wp-json\/wp\/v2\/pages\/1034003\/revisions"}],"predecessor-version":[{"id":1506848,"href":"https:\/\/laboklin.de\/de\/wp-json\/wp\/v2\/pages\/1034003\/revisions\/1506848"}],"up":[{"embeddable":true,"href":"https:\/\/laboklin.de\/de\/wp-json\/wp\/v2\/pages\/1034000"}],"wp:attachment":[{"href":"https:\/\/laboklin.de\/de\/wp-json\/wp\/v2\/media?parent=1034003"}],"curies":[{"name":"wp","href":"https:\/\/api.w.org\/{rel}","templated":true}]}}