{"id":1034002,"date":"2020-10-16T11:36:27","date_gmt":"2020-10-16T09:36:27","guid":{"rendered":"https:\/\/laboklin.de\/de\/gallensaeuren"},"modified":"2025-02-05T10:50:19","modified_gmt":"2025-02-05T09:50:19","slug":"gallensaeuren","status":"publish","type":"page","link":"https:\/\/laboklin.de\/de\/leistungen\/mikrobiologie-parasitologie\/untersuchungen-bei-verdauungsstoerungen-und-diarrhoee\/untersuchungen-bei-maldigestion-malabsorption\/gallensaeuren\/","title":{"rendered":"Gallens\u00e4uren"},"content":{"rendered":"<h3 class=\"csc-firstHeader\">Gallens\u00e4uren<\/h3><p><span>LABOKLIN Leistungs-ID: 61<\/span><\/p><p class=\"bodytext\">Durch bakterielle \u00dcberbesiedlung des D\u00fcnndarms oder durch eine postoperativ verk\u00fcrzte Darmpassage kann es zu Diarrh\u00f6en kommen, die einen Gallens\u00e4urenverlust hervorrufen. Als Symptome treten w\u00e4ssrige Diarrh\u00f6en bis Steatorrh\u00f6en auf. <\/p><table class=\"tx-laboklinleistung-table contenttable contenttable-2\" style=\"margin-top: 35px;\"><tr><td class=\"td-0\"><strong>Material<\/strong><\/td><td class=\"td-1\"><p class=\"bodytext\">Faeces<\/p><\/td><\/tr><tr><td class=\"td-0\"><strong>Methode<\/strong><\/td><td class=\"td-1\"><p class=\"bodytext\">ELISA<\/p><\/td><\/tr><tr><td class=\"td-0\"><strong>Tierart(en)<\/strong><\/td><td class=\"td-1\"><p class=\"bodytext\">Hund, Katze<\/p><\/td><\/tr><tr><td class=\"td-0\"><strong>Dauer<\/strong><\/td><td class=\"td-1\"><p class=\"bodytext\">Testh\u00e4ufigkeit 1-mal w\u00f6chentlich<\/p><\/td><\/tr><\/table>\n","protected":false},"excerpt":{"rendered":"<p>Gallens\u00e4urenLABOKLIN Leistungs-ID: 61Durch bakterielle \u00dcberbesiedlung des D\u00fcnndarms oder durch eine postoperativ verk\u00fcrzte Darmpassage kann es zu Diarrh\u00f6en kommen, die einen Gallens\u00e4urenverlust hervorrufen. Als Symptome treten w\u00e4ssrige Diarrh\u00f6en bis Steatorrh\u00f6en auf. MaterialFaecesMethodeELISATierart(en)Hund, KatzeDauerTesth\u00e4ufigkeit 1-mal w\u00f6chentlich<\/p>\n","protected":false},"author":1,"featured_media":0,"parent":1034000,"menu_order":1,"comment_status":"closed","ping_status":"closed","template":"","meta":{"_seopress_robots_primary_cat":"","_seopress_titles_title":"","_seopress_titles_desc":"","_seopress_robots_index":"","footnotes":""},"class_list":["post-1034002","page","type-page","status-publish","hentry","description-off"],"_links":{"self":[{"href":"https:\/\/laboklin.de\/de\/wp-json\/wp\/v2\/pages\/1034002","targetHints":{"allow":["GET"]}}],"collection":[{"href":"https:\/\/laboklin.de\/de\/wp-json\/wp\/v2\/pages"}],"about":[{"href":"https:\/\/laboklin.de\/de\/wp-json\/wp\/v2\/types\/page"}],"author":[{"embeddable":true,"href":"https:\/\/laboklin.de\/de\/wp-json\/wp\/v2\/users\/1"}],"replies":[{"embeddable":true,"href":"https:\/\/laboklin.de\/de\/wp-json\/wp\/v2\/comments?post=1034002"}],"version-history":[{"count":1,"href":"https:\/\/laboklin.de\/de\/wp-json\/wp\/v2\/pages\/1034002\/revisions"}],"predecessor-version":[{"id":1506845,"href":"https:\/\/laboklin.de\/de\/wp-json\/wp\/v2\/pages\/1034002\/revisions\/1506845"}],"up":[{"embeddable":true,"href":"https:\/\/laboklin.de\/de\/wp-json\/wp\/v2\/pages\/1034000"}],"wp:attachment":[{"href":"https:\/\/laboklin.de\/de\/wp-json\/wp\/v2\/media?parent=1034002"}],"curies":[{"name":"wp","href":"https:\/\/api.w.org\/{rel}","templated":true}]}}