{"id":1034000,"date":"2020-10-16T11:36:27","date_gmt":"2020-10-16T09:36:27","guid":{"rendered":"https:\/\/laboklin.de\/de\/untersuchungen-bei-maldigestion-malabsorption"},"modified":"2025-02-05T10:49:45","modified_gmt":"2025-02-05T09:49:45","slug":"untersuchungen-bei-maldigestion-malabsorption","status":"publish","type":"page","link":"https:\/\/laboklin.de\/de\/leistungen\/mikrobiologie-parasitologie\/untersuchungen-bei-verdauungsstoerungen-und-diarrhoee\/untersuchungen-bei-maldigestion-malabsorption\/","title":{"rendered":"Untersuchungen bei Maldigestion \/ Malabsorption"},"content":{"rendered":"<h3>Leistungsspektrum<\/h3><div class=\"vc_tta-panels-container\"><div class=\"vc_tta-panels\"><li class=\"menu-item sub-page\"><a href=\"https:\/\/laboklin.de\/de\/leistungen\/mikrobiologie-parasitologie\/untersuchungen-bei-verdauungsstoerungen-und-diarrhoee\/untersuchungen-bei-maldigestion-malabsorption\/gallensaeuren\/\">Gallens\u00e4uren<\/a><\/li><li class=\"menu-item sub-page\"><a href=\"https:\/\/laboklin.de\/de\/leistungen\/mikrobiologie-parasitologie\/untersuchungen-bei-verdauungsstoerungen-und-diarrhoee\/untersuchungen-bei-maldigestion-malabsorption\/mikroskopische-nahrungsausnutzung\/\">Mikroskopische Nahrungsausnutzung<\/a><\/li><li class=\"menu-item sub-page\"><a href=\"https:\/\/laboklin.de\/de\/leistungen\/mikrobiologie-parasitologie\/untersuchungen-bei-verdauungsstoerungen-und-diarrhoee\/untersuchungen-bei-maldigestion-malabsorption\/pankreas-elastase-e1\/\">Pankreas-Elastase E1<\/a><\/li><li class=\"menu-item sub-page\"><a href=\"https:\/\/laboklin.de\/de\/leistungen\/mikrobiologie-parasitologie\/untersuchungen-bei-verdauungsstoerungen-und-diarrhoee\/untersuchungen-bei-maldigestion-malabsorption\/partikelgroesse\/\">Partikelgr\u00f6\u00dfe<\/a><\/li><\/div><\/div>\n","protected":false},"excerpt":{"rendered":"<p>LeistungsspektrumGallens\u00e4urenMikroskopische NahrungsausnutzungPankreas-Elastase E1Partikelgr\u00f6\u00dfe<\/p>\n","protected":false},"author":1,"featured_media":0,"parent":1030000,"menu_order":3,"comment_status":"closed","ping_status":"closed","template":"","meta":{"_seopress_robots_primary_cat":"","_seopress_titles_title":"","_seopress_titles_desc":"","_seopress_robots_index":"","footnotes":""},"class_list":["post-1034000","page","type-page","status-publish","hentry","description-off"],"_links":{"self":[{"href":"https:\/\/laboklin.de\/de\/wp-json\/wp\/v2\/pages\/1034000","targetHints":{"allow":["GET"]}}],"collection":[{"href":"https:\/\/laboklin.de\/de\/wp-json\/wp\/v2\/pages"}],"about":[{"href":"https:\/\/laboklin.de\/de\/wp-json\/wp\/v2\/types\/page"}],"author":[{"embeddable":true,"href":"https:\/\/laboklin.de\/de\/wp-json\/wp\/v2\/users\/1"}],"replies":[{"embeddable":true,"href":"https:\/\/laboklin.de\/de\/wp-json\/wp\/v2\/comments?post=1034000"}],"version-history":[{"count":1,"href":"https:\/\/laboklin.de\/de\/wp-json\/wp\/v2\/pages\/1034000\/revisions"}],"predecessor-version":[{"id":1506842,"href":"https:\/\/laboklin.de\/de\/wp-json\/wp\/v2\/pages\/1034000\/revisions\/1506842"}],"up":[{"embeddable":true,"href":"https:\/\/laboklin.de\/de\/wp-json\/wp\/v2\/pages\/1030000"}],"wp:attachment":[{"href":"https:\/\/laboklin.de\/de\/wp-json\/wp\/v2\/media?parent=1034000"}],"curies":[{"name":"wp","href":"https:\/\/api.w.org\/{rel}","templated":true}]}}