{"id":1032010,"date":"2020-10-16T11:36:27","date_gmt":"2020-10-16T09:36:27","guid":{"rendered":"https:\/\/laboklin.de\/de\/mykobakterien-mikroskopie"},"modified":"2025-02-04T12:49:29","modified_gmt":"2025-02-04T11:49:29","slug":"mykobakterien-mikroskopie","status":"publish","type":"page","link":"https:\/\/laboklin.de\/de\/leistungen\/mikrobiologie-parasitologie\/untersuchungen-bei-verdauungsstoerungen-und-diarrhoee\/einzelbestimmungen-bakterien\/mykobakterien-mikroskopie\/","title":{"rendered":"Mykobakterien &#8211; Mikroskopie"},"content":{"rendered":"<h3 class=\"csc-firstHeader\">Mykobakterien - Mikroskopie<\/h3><p><span>LABOKLIN Leistungs-ID: 2177<\/span><\/p><table class=\"tx-laboklinleistung-table contenttable contenttable-2\" style=\"margin-top: 35px;\"><tr><td class=\"td-0\"><strong>Material<\/strong><\/td><td class=\"td-1\"><p class=\"bodytext\">Faeces, Ausstrich auf Objekttr\u00e4ger<\/p><\/td><\/tr><tr><td class=\"td-0\"><strong>Methode<\/strong><\/td><td class=\"td-1\"><p class=\"bodytext\">Ziehl-Neelsen-F\u00e4rbung, mikroskopischer Nachweis s\u00e4urefester St\u00e4bchen<\/p><\/td><\/tr><tr><td class=\"td-0\"><strong>Dauer<\/strong><\/td><td class=\"td-1\"><p class=\"bodytext\">1 - 2 Tage<\/p><\/td><\/tr><tr><td class=\"td-0\"><strong>Anmerkung<\/strong><\/td><td class=\"td-1\"><p class=\"bodytext\"><ul><li>M\u00f6glichst kirschgro\u00dfe Faecesprobe einsenden.<\/li> <li>F\u00fcr Fische bieten wir diese Untersuchung auch in Kombination mit der bakteriologischen Untersuchung an (Leistung Bakteriologie Fisch + Fischtuberkulose, Material: Gewebe oder Abstrich ohne Medium).<\/li> <li><strong>Schweiz:<\/strong> keine amtliche Untersuchung<\/li> <\/ul><\/p><\/td><\/tr><\/table>\n","protected":false},"excerpt":{"rendered":"<p>Mykobakterien &#8211; MikroskopieLABOKLIN Leistungs-ID: 2177MaterialFaeces, Ausstrich auf Objekttr\u00e4gerMethodeZiehl-Neelsen-F\u00e4rbung, mikroskopischer Nachweis s\u00e4urefester St\u00e4bchenDauer1 &#8211; 2 TageAnmerkungM\u00f6glichst kirschgro\u00dfe Faecesprobe einsenden. F\u00fcr Fische bieten wir diese Untersuchung auch in Kombination mit der bakteriologischen Untersuchung an (Leistung Bakteriologie Fisch + Fischtuberkulose, Material: Gewebe oder Abstrich ohne Medium). Schweiz: keine amtliche Untersuchung<\/p>\n","protected":false},"author":1,"featured_media":0,"parent":1032000,"menu_order":11,"comment_status":"closed","ping_status":"closed","template":"","meta":{"_seopress_robots_primary_cat":"","_seopress_titles_title":"","_seopress_titles_desc":"","_seopress_robots_index":"","footnotes":""},"class_list":["post-1032010","page","type-page","status-publish","hentry","description-off"],"_links":{"self":[{"href":"https:\/\/laboklin.de\/de\/wp-json\/wp\/v2\/pages\/1032010","targetHints":{"allow":["GET"]}}],"collection":[{"href":"https:\/\/laboklin.de\/de\/wp-json\/wp\/v2\/pages"}],"about":[{"href":"https:\/\/laboklin.de\/de\/wp-json\/wp\/v2\/types\/page"}],"author":[{"embeddable":true,"href":"https:\/\/laboklin.de\/de\/wp-json\/wp\/v2\/users\/1"}],"replies":[{"embeddable":true,"href":"https:\/\/laboklin.de\/de\/wp-json\/wp\/v2\/comments?post=1032010"}],"version-history":[{"count":1,"href":"https:\/\/laboklin.de\/de\/wp-json\/wp\/v2\/pages\/1032010\/revisions"}],"predecessor-version":[{"id":1506555,"href":"https:\/\/laboklin.de\/de\/wp-json\/wp\/v2\/pages\/1032010\/revisions\/1506555"}],"up":[{"embeddable":true,"href":"https:\/\/laboklin.de\/de\/wp-json\/wp\/v2\/pages\/1032000"}],"wp:attachment":[{"href":"https:\/\/laboklin.de\/de\/wp-json\/wp\/v2\/media?parent=1032010"}],"curies":[{"name":"wp","href":"https:\/\/api.w.org\/{rel}","templated":true}]}}