{"id":1032003,"date":"2020-10-16T11:36:27","date_gmt":"2020-10-16T09:36:27","guid":{"rendered":"https:\/\/laboklin.de\/de\/rhodococcus-equi-pcr"},"modified":"2025-11-21T13:11:40","modified_gmt":"2025-11-21T12:11:40","slug":"rhodococcus-equi-r-hoagii-pcr","status":"publish","type":"page","link":"https:\/\/laboklin.de\/de\/leistungen\/mikrobiologie-parasitologie\/untersuchungen-bei-verdauungsstoerungen-und-diarrhoee\/einzelbestimmungen-bakterien\/rhodococcus-equi-r-hoagii-pcr\/","title":{"rendered":"Rhodococcus equi (= R. hoagii) &#8211; PCR"},"content":{"rendered":"<h3 class=\"csc-firstHeader\">Rhodococcus equi (R. hoagii) - PCR<\/h3><p><span>LABOKLIN Leistungs-ID: 8102<\/span><\/p><table class=\"tx-laboklinleistung-table contenttable contenttable-2\" style=\"margin-top: 35px;\"><tr><td class=\"td-0\"><strong>Material<\/strong><\/td><td class=\"td-1\"><p class=\"bodytext\">Abstrich ohne Medium (Nase, Nabel), bronchoalveol\u00e4re Lavage, Trachealsp\u00fclprobe, Faeces <\/p><\/td><\/tr><tr><td class=\"td-0\"><strong>Methode<\/strong><\/td><td class=\"td-1\"><p class=\"bodytext\">realtime PCR<\/p><\/td><\/tr><tr><td class=\"td-0\"><strong>Dauer<\/strong><\/td><td class=\"td-1\"><p class=\"bodytext\">1 - 3 Tage<\/p><\/td><\/tr><tr><td class=\"td-0\"><strong>Anmerkung<\/strong><\/td><td class=\"td-1\"><p class=\"bodytext\"><ul><li>Im Fall eines positiven PCR-Nachweises erfolgt automatisch und ohne Zusatzkosten der Nachweis des Virulenzfaktor-Gen vapA.<\/li> <li>Die PCR bietet aufgrund ihrer Sensitivit\u00e4t die M\u00f6glichkeit, auch klinisch gesunde Ausscheider zu identifizieren.<\/li><\/ul><\/p><\/td><\/tr><\/table>\n","protected":false},"excerpt":{"rendered":"<p>Zuverl\u00e4ssiger PCR-Nachweis von Rhodococcus equi (R. hoagii) f\u00fcr die sichere Diagnose bei Verdauungsst\u00f6rungen und Durchfallerkrankungen.<\/p>\n","protected":false},"author":1,"featured_media":0,"parent":1032000,"menu_order":14,"comment_status":"closed","ping_status":"closed","template":"","meta":{"_seopress_robots_primary_cat":"","_seopress_titles_title":"","_seopress_titles_desc":"Zuverl\u00e4ssiger PCR-Nachweis von Rhodococcus equi (R. hoagii) f\u00fcr die sichere Diagnose bei Verdauungsst\u00f6rungen und Durchfallerkrankungen.","_seopress_robots_index":"","footnotes":""},"class_list":["post-1032003","page","type-page","status-publish","hentry","description-off"],"_links":{"self":[{"href":"https:\/\/laboklin.de\/de\/wp-json\/wp\/v2\/pages\/1032003","targetHints":{"allow":["GET"]}}],"collection":[{"href":"https:\/\/laboklin.de\/de\/wp-json\/wp\/v2\/pages"}],"about":[{"href":"https:\/\/laboklin.de\/de\/wp-json\/wp\/v2\/types\/page"}],"author":[{"embeddable":true,"href":"https:\/\/laboklin.de\/de\/wp-json\/wp\/v2\/users\/1"}],"replies":[{"embeddable":true,"href":"https:\/\/laboklin.de\/de\/wp-json\/wp\/v2\/comments?post=1032003"}],"version-history":[{"count":5,"href":"https:\/\/laboklin.de\/de\/wp-json\/wp\/v2\/pages\/1032003\/revisions"}],"predecessor-version":[{"id":1574069,"href":"https:\/\/laboklin.de\/de\/wp-json\/wp\/v2\/pages\/1032003\/revisions\/1574069"}],"up":[{"embeddable":true,"href":"https:\/\/laboklin.de\/de\/wp-json\/wp\/v2\/pages\/1032000"}],"wp:attachment":[{"href":"https:\/\/laboklin.de\/de\/wp-json\/wp\/v2\/media?parent=1032003"}],"curies":[{"name":"wp","href":"https:\/\/api.w.org\/{rel}","templated":true}]}}