{"id":1023001,"date":"2020-10-16T11:36:27","date_gmt":"2020-10-16T09:36:27","guid":{"rendered":"https:\/\/laboklin.de\/de\/ektoparasiten"},"modified":"2020-11-05T17:04:58","modified_gmt":"2020-11-05T16:04:58","slug":"ektoparasiten","status":"publish","type":"page","link":"https:\/\/laboklin.de\/de\/leistungen\/mikrobiologie-parasitologie\/parasitologie\/parasitologische-untersuchungen-haut\/ektoparasiten\/","title":{"rendered":"Ektoparasiten"},"content":{"rendered":"<h3 class=\"csc-firstHeader\">Ektoparasiten<\/h3><p><span>LABOKLIN Leistungs-ID: 174<\/span><\/p><table class=\"tx-laboklinleistung-table contenttable contenttable-2\" style=\"margin-top: 35px;\"><tr><td class=\"td-0\"><strong>Material<\/strong><\/td><td class=\"td-1\"><p class=\"bodytext\">Geschabsel, Tesafilmabklatsch, ausgezupfte Haare, Federn<\/p><\/td><\/tr><tr><td class=\"td-0\"><strong>Methode<\/strong><\/td><td class=\"td-1\"><p class=\"bodytext\">mikroskopisch<\/p><\/td><\/tr><tr><td class=\"td-0\"><strong>Dauer<\/strong><\/td><td class=\"td-1\"><p class=\"bodytext\">1 - 2 Tage<\/p><\/td><\/tr><tr><td class=\"td-0\"><strong>Anmerkung<\/strong><\/td><td class=\"td-1\"><p class=\"bodytext\"><ul><li>Der Nachweis von Ektoparasiten erfolgt am Hautgeschabsel, welches m\u00f6glichst in ein Versandgef\u00e4\u00df \u00fcberf\u00fchrt eingeschickt werden sollte. <\/li> <li> Die Tiefe des Geschabsel ist bei Verdacht auf Milben der Lebensweise der jeweiligen Milbe anzupassen.<\/li> <li> Aufgrund ihrer Lebensweise k\u00f6nnen manche Parasiten wie z.B. Demodex-Milben an den Wurzeln ausgezupfter Haare nachgewiesen werden. Bei Fell- oder Raubmilben kann man h\u00e4ufig die an den Haaren befestigten Eier feststellen.<\/li> <li> Der Ektoparasitennachweis ist auch Bestandteil der Leistung Bakteriologie + Mykologie + Ektoparasiten.<\/li>  <\/ul><\/p><\/td><\/tr><\/table>\n","protected":false},"excerpt":{"rendered":"<p>EktoparasitenLABOKLIN Leistungs-ID: 174MaterialGeschabsel, Tesafilmabklatsch, ausgezupfte Haare, FedernMethodemikroskopischDauer1 &#8211; 2 TageAnmerkungDer Nachweis von Ektoparasiten erfolgt am Hautgeschabsel, welches m\u00f6glichst in ein Versandgef\u00e4\u00df \u00fcberf\u00fchrt eingeschickt werden sollte. Die Tiefe des Geschabsel ist bei Verdacht auf Milben der Lebensweise der jeweiligen Milbe anzupassen. Aufgrund ihrer Lebensweise k\u00f6nnen manche Parasiten wie z.B. Demodex-Milben an den Wurzeln ausgezupfter Haare nachgewiesen&hellip;<\/p>\n","protected":false},"author":1,"featured_media":0,"parent":1023000,"menu_order":3,"comment_status":"closed","ping_status":"closed","template":"","meta":{"_seopress_robots_primary_cat":"","_seopress_titles_title":"","_seopress_titles_desc":"","_seopress_robots_index":"","footnotes":""},"class_list":["post-1023001","page","type-page","status-publish","hentry","description-off"],"_links":{"self":[{"href":"https:\/\/laboklin.de\/de\/wp-json\/wp\/v2\/pages\/1023001","targetHints":{"allow":["GET"]}}],"collection":[{"href":"https:\/\/laboklin.de\/de\/wp-json\/wp\/v2\/pages"}],"about":[{"href":"https:\/\/laboklin.de\/de\/wp-json\/wp\/v2\/types\/page"}],"author":[{"embeddable":true,"href":"https:\/\/laboklin.de\/de\/wp-json\/wp\/v2\/users\/1"}],"replies":[{"embeddable":true,"href":"https:\/\/laboklin.de\/de\/wp-json\/wp\/v2\/comments?post=1023001"}],"version-history":[{"count":1,"href":"https:\/\/laboklin.de\/de\/wp-json\/wp\/v2\/pages\/1023001\/revisions"}],"predecessor-version":[{"id":1302246,"href":"https:\/\/laboklin.de\/de\/wp-json\/wp\/v2\/pages\/1023001\/revisions\/1302246"}],"up":[{"embeddable":true,"href":"https:\/\/laboklin.de\/de\/wp-json\/wp\/v2\/pages\/1023000"}],"wp:attachment":[{"href":"https:\/\/laboklin.de\/de\/wp-json\/wp\/v2\/media?parent=1023001"}],"curies":[{"name":"wp","href":"https:\/\/api.w.org\/{rel}","templated":true}]}}