{"id":1022009,"date":"2020-10-16T11:36:27","date_gmt":"2020-10-16T09:36:27","guid":{"rendered":"https:\/\/laboklin.de\/de\/cryptosporidien-pcr"},"modified":"2025-02-04T09:43:33","modified_gmt":"2025-02-04T08:43:33","slug":"cryptosporidien-pcr","status":"publish","type":"page","link":"https:\/\/laboklin.de\/de\/leistungen\/mikrobiologie-parasitologie\/parasitologie\/untersuchung-auf-spez-parasitosen-protozoeninfektionen\/cryptosporidien-pcr\/","title":{"rendered":"Cryptosporidien &#8211; PCR"},"content":{"rendered":"<h3 class=\"csc-firstHeader\">Cryptosporidien - PCR <\/h3><p><span>LABOKLIN Leistungs-ID: 8416<\/span><\/p><table class=\"tx-laboklinleistung-table contenttable contenttable-2\" style=\"margin-top: 35px;\"><tr><td class=\"td-0\"><strong>Material<\/strong><\/td><td class=\"td-1\"><p class=\"bodytext\">Faeces; bei <strong>Schlangen<\/strong> auch: regurgitiertes Material, Magensp\u00fclprobe, Magenbiopsie<\/p><\/td><\/tr><tr><td class=\"td-0\"><strong>Methode<\/strong><\/td><td class=\"td-1\"><p class=\"bodytext\">PCR<\/p><\/td><\/tr><tr><td class=\"td-0\"><strong>Tierart(en)<\/strong><\/td><td class=\"td-1\"><p class=\"bodytext\">Hund, Katze, Kleins\u00e4uger, Reptilien, Wiederk\u00e4uer, Neuweltkamele, andere Tierarten auf Anfrage<\/p><\/td><\/tr><tr><td class=\"td-0\"><strong>Dauer<\/strong><\/td><td class=\"td-1\"><p class=\"bodytext\">1 - 3 Tage<\/p><\/td><\/tr><tr><td class=\"td-0\"><strong>Anmerkung<\/strong><\/td><td class=\"td-1\"><p class=\"bodytext\"><ul><li>Bei Reptilien ist bei einem positiven PCR-Ergebnis eine Differenzierung der Cryptosporidien-Art zur Unterscheidung von harmlosen Darmpassanten (Ursprung: infizierte Futtertiere) und pathogenen Cryptosporidien m\u00f6glich.<\/li> <li><strong>Schweiz:<\/strong> keine amtliche Untersuchung<\/li><\/ul><\/p><\/td><\/tr><\/table>\n","protected":false},"excerpt":{"rendered":"<p>Cryptosporidien &#8211; PCR LABOKLIN Leistungs-ID: 8416MaterialFaeces; bei Schlangen auch: regurgitiertes Material, Magensp\u00fclprobe, MagenbiopsieMethodePCRTierart(en)Hund, Katze, Kleins\u00e4uger, Reptilien, Wiederk\u00e4uer, Neuweltkamele, andere Tierarten auf AnfrageDauer1 &#8211; 3 TageAnmerkungBei Reptilien ist bei einem positiven PCR-Ergebnis eine Differenzierung der Cryptosporidien-Art zur Unterscheidung von harmlosen Darmpassanten (Ursprung: infizierte Futtertiere) und pathogenen Cryptosporidien m\u00f6glich. Schweiz: keine amtliche Untersuchung<\/p>\n","protected":false},"author":1,"featured_media":0,"parent":1022000,"menu_order":0,"comment_status":"closed","ping_status":"closed","template":"","meta":{"_seopress_robots_primary_cat":"","_seopress_titles_title":"","_seopress_titles_desc":"","_seopress_robots_index":"","footnotes":""},"class_list":["post-1022009","page","type-page","status-publish","hentry","description-off"],"_links":{"self":[{"href":"https:\/\/laboklin.de\/de\/wp-json\/wp\/v2\/pages\/1022009","targetHints":{"allow":["GET"]}}],"collection":[{"href":"https:\/\/laboklin.de\/de\/wp-json\/wp\/v2\/pages"}],"about":[{"href":"https:\/\/laboklin.de\/de\/wp-json\/wp\/v2\/types\/page"}],"author":[{"embeddable":true,"href":"https:\/\/laboklin.de\/de\/wp-json\/wp\/v2\/users\/1"}],"replies":[{"embeddable":true,"href":"https:\/\/laboklin.de\/de\/wp-json\/wp\/v2\/comments?post=1022009"}],"version-history":[{"count":1,"href":"https:\/\/laboklin.de\/de\/wp-json\/wp\/v2\/pages\/1022009\/revisions"}],"predecessor-version":[{"id":1506468,"href":"https:\/\/laboklin.de\/de\/wp-json\/wp\/v2\/pages\/1022009\/revisions\/1506468"}],"up":[{"embeddable":true,"href":"https:\/\/laboklin.de\/de\/wp-json\/wp\/v2\/pages\/1022000"}],"wp:attachment":[{"href":"https:\/\/laboklin.de\/de\/wp-json\/wp\/v2\/media?parent=1022009"}],"curies":[{"name":"wp","href":"https:\/\/api.w.org\/{rel}","templated":true}]}}