{"id":1022002,"date":"2020-10-16T11:36:27","date_gmt":"2020-10-16T09:36:27","guid":{"rendered":"https:\/\/laboklin.de\/de\/tritrichomonas-foetus-pcr"},"modified":"2025-02-04T09:56:19","modified_gmt":"2025-02-04T08:56:19","slug":"tritrichomonas-foetus-pcr","status":"publish","type":"page","link":"https:\/\/laboklin.de\/de\/leistungen\/mikrobiologie-parasitologie\/parasitologie\/untersuchung-auf-spez-parasitosen-protozoeninfektionen\/tritrichomonas-foetus-pcr\/","title":{"rendered":"Tritrichomonas foetus &#8211; PCR"},"content":{"rendered":"<h3 class=\"csc-firstHeader\">Tritrichomonas foetus - PCR<\/h3><p><span>LABOKLIN Leistungs-ID: 8999<\/span><\/p><table class=\"tx-laboklinleistung-table contenttable contenttable-2\" style=\"margin-top: 35px;\"><tr><td class=\"td-0\"><strong>Material<\/strong><\/td><td class=\"td-1\"><p class=\"bodytext\"><strong>Katze:<\/strong> Faeces <br><strong>Rind:<\/strong> Abstrich ohne Medium (Zervix), Pr\u00e4putialsp\u00fclprobe<\/p><\/td><\/tr><tr><td class=\"td-0\"><strong>Methode<\/strong><\/td><td class=\"td-1\"><p class=\"bodytext\">realtime PCR<\/p><\/td><\/tr><tr><td class=\"td-0\"><strong>Dauer<\/strong><\/td><td class=\"td-1\"><p class=\"bodytext\">1 - 3 Tage<\/p><\/td><\/tr><tr><td class=\"td-0\"><strong>Anmerkung<\/strong><\/td><td class=\"td-1\"><p class=\"bodytext\"><ul><li><strong>Schweiz: <\/strong>Diese Untersuchung wird im Labor Basel <strong>nur f\u00fcr die Katze<\/strong> angeboten.<\/li><li>Besonders bei einer Kotinkontinenz der Katze ist an Tritrichomonas foetus zu denken. <\/li>\n<li>Ebenso gibt der Vorbericht \u201eAnsprechen auf Giardien-Therapie, aber danach gleich Rezidiv\u201c einen Hinweis, an Tritrichomonas foetus zu denken.<\/li>\n<li>Die PCR gilt f\u00fcr den Nachweis von Tritrichomonas foetus als das sensitivste und spezifischste Verfahren. Aufgrund der intermittierenden Ausscheidung von T. foetus wird die Einsendung von Sammelkotproben (\u00fcber 3 Tage) empfohlen.<\/li><\/ul><\/p><\/td><\/tr><\/table>\n","protected":false},"excerpt":{"rendered":"<p>Tritrichomonas foetus &#8211; PCRLABOKLIN Leistungs-ID: 8999MaterialKatze: Faeces Rind: Abstrich ohne Medium (Zervix), Pr\u00e4putialsp\u00fclprobeMethoderealtime PCRDauer1 &#8211; 3 TageAnmerkungSchweiz: Diese Untersuchung wird im Labor Basel nur f\u00fcr die Katze angeboten.Besonders bei einer Kotinkontinenz der Katze ist an Tritrichomonas foetus zu denken. Ebenso gibt der Vorbericht \u201eAnsprechen auf Giardien-Therapie, aber danach gleich Rezidiv\u201c einen Hinweis, an Tritrichomonas foetus&hellip;<\/p>\n","protected":false},"author":1,"featured_media":0,"parent":1022000,"menu_order":12,"comment_status":"closed","ping_status":"closed","template":"","meta":{"_seopress_robots_primary_cat":"","_seopress_titles_title":"","_seopress_titles_desc":"","_seopress_robots_index":"","footnotes":""},"class_list":["post-1022002","page","type-page","status-publish","hentry","description-off"],"_links":{"self":[{"href":"https:\/\/laboklin.de\/de\/wp-json\/wp\/v2\/pages\/1022002","targetHints":{"allow":["GET"]}}],"collection":[{"href":"https:\/\/laboklin.de\/de\/wp-json\/wp\/v2\/pages"}],"about":[{"href":"https:\/\/laboklin.de\/de\/wp-json\/wp\/v2\/types\/page"}],"author":[{"embeddable":true,"href":"https:\/\/laboklin.de\/de\/wp-json\/wp\/v2\/users\/1"}],"replies":[{"embeddable":true,"href":"https:\/\/laboklin.de\/de\/wp-json\/wp\/v2\/comments?post=1022002"}],"version-history":[{"count":1,"href":"https:\/\/laboklin.de\/de\/wp-json\/wp\/v2\/pages\/1022002\/revisions"}],"predecessor-version":[{"id":1506486,"href":"https:\/\/laboklin.de\/de\/wp-json\/wp\/v2\/pages\/1022002\/revisions\/1506486"}],"up":[{"embeddable":true,"href":"https:\/\/laboklin.de\/de\/wp-json\/wp\/v2\/pages\/1022000"}],"wp:attachment":[{"href":"https:\/\/laboklin.de\/de\/wp-json\/wp\/v2\/media?parent=1022002"}],"curies":[{"name":"wp","href":"https:\/\/api.w.org\/{rel}","templated":true}]}}