{"id":1014007,"date":"2020-10-16T11:36:27","date_gmt":"2020-10-16T09:36:27","guid":{"rendered":"https:\/\/laboklin.de\/de\/chlamydien-pcr"},"modified":"2025-02-03T08:57:37","modified_gmt":"2025-02-03T07:57:37","slug":"chlamydien-pcr","status":"publish","type":"page","link":"https:\/\/laboklin.de\/de\/leistungen\/mikrobiologie-parasitologie\/bakteriologie-mykologie\/spezifischer-erregernachweis\/chlamydien-pcr\/","title":{"rendered":"Chlamydien &#8211; PCR"},"content":{"rendered":"<h3 class=\"csc-firstHeader\">Chlamydien - PCR<\/h3><p><span>LABOKLIN Leistungs-ID: 8004<\/span><\/p><table class=\"tx-laboklinleistung-table contenttable contenttable-2\" style=\"margin-top: 35px;\"><tr><td class=\"td-0\"><strong>Material<\/strong><\/td><td class=\"td-1\"><p class=\"bodytext\"><ul><li><strong>Hund, Katze u.a.:<\/strong> Abstrich ohne Medium (Auge, Rachen, Zervix, Pr\u00e4putium), Abortmaterial<\/li><li><strong>Vogel:<\/strong> 3-fach-Abstrich ohne Medium (Auge UND Rachen UND Kloake), Gewebe (Leber, Milz, Lunge), evtl. Faeces<\/li><li><strong>Reptilien:<\/strong> Abstrich ohne Medium (Rachen), Lungensp\u00fclprobe, Gewebe (L\u00e4sionen, Lunge, Leber, Milz, Darm, Herz)<\/li> <li><strong>Nutztiere: <\/strong>Abstrich ohne Medium (Auge, Nase, Cervix), Sp\u00fclprobe, Milch, Faeces, Gewebe (Lunge, Leber), Abortmaterial<\/li> <li><strong>Amphibien: <\/strong>Abstrich ohne Medium (Rachen), Gewebe (L\u00e4sionen, Lunge, Leber, Milz, Darm, Herz)<\/li><\/ul><\/p><\/td><\/tr><tr><td class=\"td-0\"><strong>Methode<\/strong><\/td><td class=\"td-1\"><p class=\"bodytext\">realtime PCR<\/p><\/td><\/tr><tr><td class=\"td-0\"><strong>Dauer<\/strong><\/td><td class=\"td-1\"><p class=\"bodytext\">1 - 3 Tage<\/p><\/td><\/tr><tr><td class=\"td-0\"><strong>Anmerkung<\/strong><\/td><td class=\"td-1\"><p class=\"bodytext\"><ul><li>Der Erregernachweis erfasst alle Chlamydien der Familie Chlamydiaceae.<\/li> <li>Beim Vogel wird im positiven Fall automatisch eine f\u00fcr C. psittaci spezifische PCR durchgef\u00fchrt.<\/li> <li><strong>Schweiz:<\/strong> keine amtliche Untersuchung<\/li><\/ul><\/p><\/td><\/tr><\/table>\n","protected":false},"excerpt":{"rendered":"<p>Chlamydien &#8211; PCRLABOKLIN Leistungs-ID: 8004MaterialHund, Katze u.a.: Abstrich ohne Medium (Auge, Rachen, Zervix, Pr\u00e4putium), AbortmaterialVogel: 3-fach-Abstrich ohne Medium (Auge UND Rachen UND Kloake), Gewebe (Leber, Milz, Lunge), evtl. FaecesReptilien: Abstrich ohne Medium (Rachen), Lungensp\u00fclprobe, Gewebe (L\u00e4sionen, Lunge, Leber, Milz, Darm, Herz) Nutztiere: Abstrich ohne Medium (Auge, Nase, Cervix), Sp\u00fclprobe, Milch, Faeces, Gewebe (Lunge, Leber), Abortmaterial&hellip;<\/p>\n","protected":false},"author":1,"featured_media":0,"parent":1014000,"menu_order":11,"comment_status":"closed","ping_status":"closed","template":"","meta":{"_seopress_robots_primary_cat":"","_seopress_titles_title":"","_seopress_titles_desc":"","_seopress_robots_index":"","footnotes":""},"class_list":["post-1014007","page","type-page","status-publish","hentry","description-off"],"_links":{"self":[{"href":"https:\/\/laboklin.de\/de\/wp-json\/wp\/v2\/pages\/1014007","targetHints":{"allow":["GET"]}}],"collection":[{"href":"https:\/\/laboklin.de\/de\/wp-json\/wp\/v2\/pages"}],"about":[{"href":"https:\/\/laboklin.de\/de\/wp-json\/wp\/v2\/types\/page"}],"author":[{"embeddable":true,"href":"https:\/\/laboklin.de\/de\/wp-json\/wp\/v2\/users\/1"}],"replies":[{"embeddable":true,"href":"https:\/\/laboklin.de\/de\/wp-json\/wp\/v2\/comments?post=1014007"}],"version-history":[{"count":1,"href":"https:\/\/laboklin.de\/de\/wp-json\/wp\/v2\/pages\/1014007\/revisions"}],"predecessor-version":[{"id":1505856,"href":"https:\/\/laboklin.de\/de\/wp-json\/wp\/v2\/pages\/1014007\/revisions\/1505856"}],"up":[{"embeddable":true,"href":"https:\/\/laboklin.de\/de\/wp-json\/wp\/v2\/pages\/1014000"}],"wp:attachment":[{"href":"https:\/\/laboklin.de\/de\/wp-json\/wp\/v2\/media?parent=1014007"}],"curies":[{"name":"wp","href":"https:\/\/api.w.org\/{rel}","templated":true}]}}