{"id":1012006,"date":"2020-10-16T11:36:27","date_gmt":"2020-10-16T09:36:27","guid":{"rendered":"https:\/\/laboklin.de\/de\/dermatophyten-pcr"},"modified":"2025-02-04T09:15:38","modified_gmt":"2025-02-04T08:15:38","slug":"dermatophyten-pcr","status":"publish","type":"page","link":"https:\/\/laboklin.de\/de\/leistungen\/mikrobiologie-parasitologie\/bakteriologie-mykologie\/haut-haare-federn\/dermatophyten-pcr\/","title":{"rendered":"Dermatophyten &#8211; PCR"},"content":{"rendered":"<h3 class=\"csc-firstHeader\">Dermatophyten - PCR<\/h3><p><span>LABOKLIN Leistungs-ID: 8489<\/span><\/p><table class=\"tx-laboklinleistung-table contenttable contenttable-2\" style=\"margin-top: 35px;\"><tr><td class=\"td-0\"><strong>Material<\/strong><\/td><td class=\"td-1\"><p class=\"bodytext\">Haare mit Haarwurzeln, tiefe Hautgeschabsel, Schuppen, Krusten, Krallen<\/p><\/td><\/tr><tr><td class=\"td-0\"><strong>Parameter<\/strong><\/td><td class=\"td-1\"><p class=\"bodytext\">inkl. Spezies-Differenzierung<\/p><\/td><\/tr><tr><td class=\"td-0\"><strong>Methode<\/strong><\/td><td class=\"td-1\"><p class=\"bodytext\">realtime PCR<\/p><\/td><\/tr><tr><td class=\"td-0\"><strong>Dauer<\/strong><\/td><td class=\"td-1\"><p class=\"bodytext\">2 - 4 Tage<\/p><\/td><\/tr><tr><td class=\"td-0\"><strong>Anmerkung<\/strong><\/td><td class=\"td-1\"><p class=\"bodytext\"><ul><li>Zoonose!<\/li> <li>Die Kultur erfasst auch Malassezien; falsch-negativer Befund bei vorheriger Anbehandlung m\u00f6glich. <\/li> <li> Die PCR ist f\u00fcr den Nachweis folgender Dermatophyten-Spezies validiert: Microsporum canis, Nannizzia gypsea (fr\u00fcher: Microsporum gypseum), Nannizzia persicolor (fr\u00fcher: Microsporum persicolor), Trichophyton (T.) mentagrophytes, T. benhamiae, T. equinum, T. verrucosum, T. erinacei.<br>Ggf. werden auch weitere Hautpilzarten von der PCR erfasst. Eine Differenzierung f\u00fcr die h\u00e4ufigsten Dermatophytenarten ist inklusive.<\/li> <li>Die PCR eignet sich nicht zur Therapiekontrolle (es werden auch abgestorbene Dermatophyten nachgewiesen).<\/li><\/ul><\/p><\/td><\/tr><\/table>\n","protected":false},"excerpt":{"rendered":"<p>Dermatophyten &#8211; PCRLABOKLIN Leistungs-ID: 8489MaterialHaare mit Haarwurzeln, tiefe Hautgeschabsel, Schuppen, Krusten, KrallenParameterinkl. Spezies-DifferenzierungMethoderealtime PCRDauer2 &#8211; 4 TageAnmerkungZoonose! Die Kultur erfasst auch Malassezien; falsch-negativer Befund bei vorheriger Anbehandlung m\u00f6glich. Die PCR ist f\u00fcr den Nachweis folgender Dermatophyten-Spezies validiert: Microsporum canis, Nannizzia gypsea (fr\u00fcher: Microsporum gypseum), Nannizzia persicolor (fr\u00fcher: Microsporum persicolor), Trichophyton (T.) mentagrophytes, T. benhamiae, T.&hellip;<\/p>\n","protected":false},"author":1,"featured_media":0,"parent":1012000,"menu_order":1,"comment_status":"closed","ping_status":"closed","template":"","meta":{"_seopress_robots_primary_cat":"","_seopress_titles_title":"","_seopress_titles_desc":"","_seopress_robots_index":"","footnotes":""},"class_list":["post-1012006","page","type-page","status-publish","hentry","description-off"],"_links":{"self":[{"href":"https:\/\/laboklin.de\/de\/wp-json\/wp\/v2\/pages\/1012006","targetHints":{"allow":["GET"]}}],"collection":[{"href":"https:\/\/laboklin.de\/de\/wp-json\/wp\/v2\/pages"}],"about":[{"href":"https:\/\/laboklin.de\/de\/wp-json\/wp\/v2\/types\/page"}],"author":[{"embeddable":true,"href":"https:\/\/laboklin.de\/de\/wp-json\/wp\/v2\/users\/1"}],"replies":[{"embeddable":true,"href":"https:\/\/laboklin.de\/de\/wp-json\/wp\/v2\/comments?post=1012006"}],"version-history":[{"count":1,"href":"https:\/\/laboklin.de\/de\/wp-json\/wp\/v2\/pages\/1012006\/revisions"}],"predecessor-version":[{"id":1506342,"href":"https:\/\/laboklin.de\/de\/wp-json\/wp\/v2\/pages\/1012006\/revisions\/1506342"}],"up":[{"embeddable":true,"href":"https:\/\/laboklin.de\/de\/wp-json\/wp\/v2\/pages\/1012000"}],"wp:attachment":[{"href":"https:\/\/laboklin.de\/de\/wp-json\/wp\/v2\/media?parent=1012006"}],"curies":[{"name":"wp","href":"https:\/\/api.w.org\/{rel}","templated":true}]}}