{"id":1012003,"date":"2020-10-16T11:36:27","date_gmt":"2020-10-16T09:36:27","guid":{"rendered":"https:\/\/laboklin.de\/de\/mykologie-haut"},"modified":"2025-02-04T09:16:07","modified_gmt":"2025-02-04T08:16:07","slug":"mykologie-haut","status":"publish","type":"page","link":"https:\/\/laboklin.de\/de\/leistungen\/mikrobiologie-parasitologie\/bakteriologie-mykologie\/haut-haare-federn\/mykologie-haut\/","title":{"rendered":"Mykologie (Haut)"},"content":{"rendered":"<h3 class=\"csc-firstHeader\">Mykologie (Haut)<\/h3><p><span>LABOKLIN Leistungs-ID: 151<\/span><\/p><table class=\"tx-laboklinleistung-table contenttable contenttable-2\" style=\"margin-top: 35px;\"><tr><td class=\"td-0\"><strong>Material<\/strong><\/td><td class=\"td-1\"><p class=\"bodytext\"><ul><li>Tupfer mit Medium (Haut)<\/li> <li>Haut, Hautschuppen, Krusten, Haare, Federn<\/li> <\/ul><\/p><\/td><\/tr><tr><td class=\"td-0\"><strong>Parameter<\/strong><\/td><td class=\"td-1\"><p class=\"bodytext\">Dermatophyten, Hefen<\/p><\/td><\/tr><tr><td class=\"td-0\"><strong>Methode<\/strong><\/td><td class=\"td-1\"><p class=\"bodytext\">kulturell, mykologisch + Paraffin\u00f6lpr\u00e4parat<\/p><\/td><\/tr><tr><td class=\"td-0\"><strong>Dauer<\/strong><\/td><td class=\"td-1\"><p class=\"bodytext\">bis zu 3 Wochen<\/p><\/td><\/tr><tr><td class=\"td-0\"><strong>Anmerkung<\/strong><\/td><td class=\"td-1\"><p class=\"bodytext\"><ul><li>Die Probenentnahme muss unbedingt aus dem Randbereich der Ver\u00e4nderung erfolgen.<\/li> <li>Ein Antimykogramm kann bei pathogenen Hefen auf speziellen Wunsch angefertigt werden.<\/li> <\/ul><\/p><\/td><\/tr><\/table>\n","protected":false},"excerpt":{"rendered":"<p>Mykologie (Haut)LABOKLIN Leistungs-ID: 151MaterialTupfer mit Medium (Haut) Haut, Hautschuppen, Krusten, Haare, Federn ParameterDermatophyten, HefenMethodekulturell, mykologisch + Paraffin\u00f6lpr\u00e4paratDauerbis zu 3 WochenAnmerkungDie Probenentnahme muss unbedingt aus dem Randbereich der Ver\u00e4nderung erfolgen. Ein Antimykogramm kann bei pathogenen Hefen auf speziellen Wunsch angefertigt werden.<\/p>\n","protected":false},"author":1,"featured_media":0,"parent":1012000,"menu_order":2,"comment_status":"closed","ping_status":"closed","template":"","meta":{"_seopress_robots_primary_cat":"","_seopress_titles_title":"","_seopress_titles_desc":"","_seopress_robots_index":"","footnotes":""},"class_list":["post-1012003","page","type-page","status-publish","hentry","description-off"],"_links":{"self":[{"href":"https:\/\/laboklin.de\/de\/wp-json\/wp\/v2\/pages\/1012003","targetHints":{"allow":["GET"]}}],"collection":[{"href":"https:\/\/laboklin.de\/de\/wp-json\/wp\/v2\/pages"}],"about":[{"href":"https:\/\/laboklin.de\/de\/wp-json\/wp\/v2\/types\/page"}],"author":[{"embeddable":true,"href":"https:\/\/laboklin.de\/de\/wp-json\/wp\/v2\/users\/1"}],"replies":[{"embeddable":true,"href":"https:\/\/laboklin.de\/de\/wp-json\/wp\/v2\/comments?post=1012003"}],"version-history":[{"count":1,"href":"https:\/\/laboklin.de\/de\/wp-json\/wp\/v2\/pages\/1012003\/revisions"}],"predecessor-version":[{"id":1506345,"href":"https:\/\/laboklin.de\/de\/wp-json\/wp\/v2\/pages\/1012003\/revisions\/1506345"}],"up":[{"embeddable":true,"href":"https:\/\/laboklin.de\/de\/wp-json\/wp\/v2\/pages\/1012000"}],"wp:attachment":[{"href":"https:\/\/laboklin.de\/de\/wp-json\/wp\/v2\/media?parent=1012003"}],"curies":[{"name":"wp","href":"https:\/\/api.w.org\/{rel}","templated":true}]}}