{"id":1012001,"date":"2020-10-16T11:36:27","date_gmt":"2020-10-16T09:36:27","guid":{"rendered":"https:\/\/laboklin.de\/de\/bakteriologie-aerob"},"modified":"2025-02-04T09:12:44","modified_gmt":"2025-02-04T08:12:44","slug":"bakteriologie-aerob","status":"publish","type":"page","link":"https:\/\/laboklin.de\/de\/leistungen\/mikrobiologie-parasitologie\/bakteriologie-mykologie\/haut-haare-federn\/bakteriologie-aerob\/","title":{"rendered":"Bakteriologie (aerob)"},"content":{"rendered":"<h3 class=\"csc-firstHeader\">Bakteriologie (aerob)<\/h3><p><span>LABOKLIN Leistungs-ID: 150<\/span><\/p><table class=\"tx-laboklinleistung-table contenttable contenttable-2\" style=\"margin-top: 35px;\"><tr><td class=\"td-0\"><strong>Material<\/strong><\/td><td class=\"td-1\"><p class=\"bodytext\"><br><ul><li>Abstriche (Tupfer mit Medium): Haut, Wunde, Nase, Rachen, Ohr, Urethra, Harn, Milch, Vagina etc.<\/li> <li>Abszessmaterial (Tupfer mit Medium)<\/li> <li>Bronchiallavage, Bronchialsekret, Trachealsekret (Tupfer mit Medium)<\/li> <li>Faeces<\/li> <li>Haut, Hautschuppen, Haare, Krusten, Federn<\/li><li>Liquor<\/li> <li>Punktate (aus prim\u00e4r sterilen K\u00f6rperh\u00f6hlen)<\/li><li>Milch<\/li><\/ul><\/p><\/td><\/tr><tr><td class=\"td-0\"><strong>Methode<\/strong><\/td><td class=\"td-1\"><p class=\"bodytext\">kulturell, bakteriologisch (MALDI-TOF)<\/p><\/td><\/tr><tr><td class=\"td-0\"><strong>Dauer<\/strong><\/td><td class=\"td-1\"><p class=\"bodytext\">2 - 3 Tage<\/p><\/td><\/tr><tr><td class=\"td-0\"><strong>Anmerkung<\/strong><\/td><td class=\"td-1\"><p class=\"bodytext\"><ul><li><strong>Abstriche von eitrigem Material:<\/strong> Ein kultureller Nachweis aus eitrigem Material ist oftmals schwierig, da die Bakterien vorgesch\u00e4digt und somit schlecht anzuz\u00fcchten sind. <\/li> <li><strong>Abszessmaterial:<\/strong> Abszessh\u00f6hle spalten und Innenseite der Abszessmembran abtupfen; auch die Anforderung einer anaeroben bakteriologischen Untersuchung ist ratsam.<\/li> <li><strong>Bronchiallavage:<\/strong> Lavagefl\u00fcssigkeit sollte f\u00fcr die mikrobiologische Untersuchung mittels eines Tupfers mit Transportmedium versendet werden.<\/li>   <li><strong>Verdacht auf Bordetella bronchiseptica<\/strong> sowie auf <strong>Histophilus somni <\/strong> (insbesondere bei letzterem auch die Lokalisation) bitte angeben, da spezielle N\u00e4hrmedien erforderlich sind! F\u00fcr den Nachweis von <strong>Histophilus somni <\/strong> und <strong>Mannheimia haemolytica<\/strong> ist der Tupfer tief zu entnehmen.<\/li>  <li><strong>Haut:<\/strong> Die Probenentnahme muss unbedingt aus dem Randbereich der Ver\u00e4nderung erfolgen. <br>Falls auch eine parasitologische Untersuchung erfolgen soll, sind hierf\u00fcr Haare oder ein Hautgeschabsel erforderlich.<\/li> <li><strong>Ohrabstrich:<\/strong> Wenn auch eine parasitologische Untersuchung angefordert wird, ist zus\u00e4tzlich ein Tupfer ohne Medium einzusenden.<\/li><li>Bei <strong>Punktaten aus prim\u00e4r sterilen K\u00f6rperh\u00f6hlen<\/strong> wird die Verwendung der Blutkulturflasche Peds Plus empfohlen; das Probenmaterial sollte nicht gek\u00fchlt werden.<\/li> <li>Falls die Untersuchung auf <strong>Actinomyceten und Nocardien<\/strong> gew\u00fcnscht ist, ist dies gesondert anzufordern.<\/li><li>F\u00fcr die Untersuchung der <strong>Milch<\/strong> von Wiederk\u00e4uern werden eigene Leistungen angeboten.<\/li> <\/ul><\/p><\/td><\/tr><\/table>\n","protected":false},"excerpt":{"rendered":"<p>Bakteriologie (aerob)LABOKLIN Leistungs-ID: 150MaterialAbstriche (Tupfer mit Medium): Haut, Wunde, Nase, Rachen, Ohr, Urethra, Harn, Milch, Vagina etc. Abszessmaterial (Tupfer mit Medium) Bronchiallavage, Bronchialsekret, Trachealsekret (Tupfer mit Medium) Faeces Haut, Hautschuppen, Haare, Krusten, FedernLiquor Punktate (aus prim\u00e4r sterilen K\u00f6rperh\u00f6hlen)MilchMethodekulturell, bakteriologisch (MALDI-TOF)Dauer2 &#8211; 3 TageAnmerkungAbstriche von eitrigem Material: Ein kultureller Nachweis aus eitrigem Material ist oftmals schwierig,&hellip;<\/p>\n","protected":false},"author":1,"featured_media":0,"parent":1012000,"menu_order":7,"comment_status":"closed","ping_status":"closed","template":"","meta":{"_seopress_robots_primary_cat":"","_seopress_titles_title":"","_seopress_titles_desc":"","_seopress_robots_index":"","footnotes":""},"class_list":["post-1012001","page","type-page","status-publish","hentry","description-off"],"_links":{"self":[{"href":"https:\/\/laboklin.de\/de\/wp-json\/wp\/v2\/pages\/1012001","targetHints":{"allow":["GET"]}}],"collection":[{"href":"https:\/\/laboklin.de\/de\/wp-json\/wp\/v2\/pages"}],"about":[{"href":"https:\/\/laboklin.de\/de\/wp-json\/wp\/v2\/types\/page"}],"author":[{"embeddable":true,"href":"https:\/\/laboklin.de\/de\/wp-json\/wp\/v2\/users\/1"}],"replies":[{"embeddable":true,"href":"https:\/\/laboklin.de\/de\/wp-json\/wp\/v2\/comments?post=1012001"}],"version-history":[{"count":1,"href":"https:\/\/laboklin.de\/de\/wp-json\/wp\/v2\/pages\/1012001\/revisions"}],"predecessor-version":[{"id":1506335,"href":"https:\/\/laboklin.de\/de\/wp-json\/wp\/v2\/pages\/1012001\/revisions\/1506335"}],"up":[{"embeddable":true,"href":"https:\/\/laboklin.de\/de\/wp-json\/wp\/v2\/pages\/1012000"}],"wp:attachment":[{"href":"https:\/\/laboklin.de\/de\/wp-json\/wp\/v2\/media?parent=1012001"}],"curies":[{"name":"wp","href":"https:\/\/api.w.org\/{rel}","templated":true}]}}