{"id":1011008,"date":"2020-10-16T11:36:27","date_gmt":"2020-10-16T09:36:27","guid":{"rendered":"https:\/\/laboklin.de\/de\/blutkultur"},"modified":"2025-02-04T08:48:13","modified_gmt":"2025-02-04T07:48:13","slug":"blutkultur","status":"publish","type":"page","link":"https:\/\/laboklin.de\/de\/leistungen\/mikrobiologie-parasitologie\/bakteriologie-mykologie\/abstriche-punktate-milch-blut\/blutkultur\/","title":{"rendered":"Blutkultur"},"content":{"rendered":"<h3 class=\"csc-firstHeader\">Blutkultur<\/h3><p><span>LABOKLIN Leistungs-ID: 110<\/span><\/p><table class=\"tx-laboklinleistung-table contenttable contenttable-2\" style=\"margin-top: 35px;\"><tr><td class=\"td-0\"><strong>Material<\/strong><\/td><td class=\"td-1\"><p class=\"bodytext\">Blut in Blutkultur-Flaschen (Signal-System)<\/p><\/td><\/tr><tr><td class=\"td-0\"><strong>Parameter<\/strong><\/td><td class=\"td-1\"><p class=\"bodytext\">pathogene Erreger<\/p><\/td><\/tr><tr><td class=\"td-0\"><strong>Methode<\/strong><\/td><td class=\"td-1\"><p class=\"bodytext\">kulturell, bakteriologisch (MALDI-TOF) <br>aerob und anaerob<\/p><\/td><\/tr><tr><td class=\"td-0\"><strong>Dauer<\/strong><\/td><td class=\"td-1\"><p class=\"bodytext\">7 - 10 Tage<\/p><\/td><\/tr><tr><td class=\"td-0\"><strong>Anmerkung<\/strong><\/td><td class=\"td-1\"><p class=\"bodytext\"><ul><li> Blutkulturflasche(n) vorab (kostenpflichtig) bestellen.<\/li> <li> Es stehen verschiedene Blutkulturflaschen zur Verf\u00fcgung (s. Pr\u00e4analytik). Bei der Einzelflasche erfolgt die aerobe und die anaerobe Untersuchung aus dieser Flasche. Beim Set steht f\u00fcr die Blutprobe zur anaeroben Untersuchung eine eigene Flasche mit einem f\u00fcr diese Keime optimierten Transportmedium zur Verf\u00fcgung. Das Set ist vorzuziehen, wenn vom Patienten gen\u00fcgend Blut gewonnen werden kann. <\/li> <li> Die Beimpfung erfolgt bei der Einzelflasche mit 1 \u2013 3 ml Blut; beim Set ist jede Flasche mit 5 \u2013 10 ml Blut zu beimpfen. <\/li> <li>Die Blutentnahme sollte w\u00e4hrend eines Fieberschubes erfolgen.<\/li> <li>Die Einsendung von 2 - 3 Kulturflaschen(-Sets) (Blutentnahme zu unterschiedlichen Zeiten, Abstand mindestens 1 Stunde) ist zu empfehlen.<\/li>  <li>Die Lagerung und der Transport erfolgen ungek\u00fchlt. <\/li> <li>Von einer Einsendung von Blut in normalen Blutprobengef\u00e4\u00dfen oder Abstrichen wird abgeraten, da ohne Blutkulturflaschen oft kein zufriedenstellendes Ergebnis erzielt werden kann.<\/li> <li>Bei Reptilien kann physiologischerweise eine Bakteri\u00e4mie vorkommen.<\/li><\/ul><\/p><\/td><\/tr><\/table>\n","protected":false},"excerpt":{"rendered":"<p>BlutkulturLABOKLIN Leistungs-ID: 110MaterialBlut in Blutkultur-Flaschen (Signal-System)Parameterpathogene ErregerMethodekulturell, bakteriologisch (MALDI-TOF) aerob und anaerobDauer7 &#8211; 10 TageAnmerkung Blutkulturflasche(n) vorab (kostenpflichtig) bestellen. Es stehen verschiedene Blutkulturflaschen zur Verf\u00fcgung (s. Pr\u00e4analytik). Bei der Einzelflasche erfolgt die aerobe und die anaerobe Untersuchung aus dieser Flasche. Beim Set steht f\u00fcr die Blutprobe zur anaeroben Untersuchung eine eigene Flasche mit einem f\u00fcr&hellip;<\/p>\n","protected":false},"author":1,"featured_media":0,"parent":1011000,"menu_order":0,"comment_status":"closed","ping_status":"closed","template":"","meta":{"_seopress_robots_primary_cat":"","_seopress_titles_title":"","_seopress_titles_desc":"","_seopress_robots_index":"","footnotes":""},"class_list":["post-1011008","page","type-page","status-publish","hentry","description-off"],"_links":{"self":[{"href":"https:\/\/laboklin.de\/de\/wp-json\/wp\/v2\/pages\/1011008","targetHints":{"allow":["GET"]}}],"collection":[{"href":"https:\/\/laboklin.de\/de\/wp-json\/wp\/v2\/pages"}],"about":[{"href":"https:\/\/laboklin.de\/de\/wp-json\/wp\/v2\/types\/page"}],"author":[{"embeddable":true,"href":"https:\/\/laboklin.de\/de\/wp-json\/wp\/v2\/users\/1"}],"replies":[{"embeddable":true,"href":"https:\/\/laboklin.de\/de\/wp-json\/wp\/v2\/comments?post=1011008"}],"version-history":[{"count":1,"href":"https:\/\/laboklin.de\/de\/wp-json\/wp\/v2\/pages\/1011008\/revisions"}],"predecessor-version":[{"id":1506323,"href":"https:\/\/laboklin.de\/de\/wp-json\/wp\/v2\/pages\/1011008\/revisions\/1506323"}],"up":[{"embeddable":true,"href":"https:\/\/laboklin.de\/de\/wp-json\/wp\/v2\/pages\/1011000"}],"wp:attachment":[{"href":"https:\/\/laboklin.de\/de\/wp-json\/wp\/v2\/media?parent=1011008"}],"curies":[{"name":"wp","href":"https:\/\/api.w.org\/{rel}","templated":true}]}}