{"id":1011007,"date":"2020-10-16T11:36:27","date_gmt":"2020-10-16T09:36:27","guid":{"rendered":"https:\/\/laboklin.de\/de\/mykologie"},"modified":"2025-02-04T09:10:45","modified_gmt":"2025-02-04T08:10:45","slug":"mykologie","status":"publish","type":"page","link":"https:\/\/laboklin.de\/de\/leistungen\/mikrobiologie-parasitologie\/bakteriologie-mykologie\/abstriche-punktate-milch-blut\/mykologie\/","title":{"rendered":"Mykologie"},"content":{"rendered":"<h3 class=\"csc-firstHeader\">Mykologie<\/h3><p><span>LABOKLIN Leistungs-ID: 2151<\/span><\/p><table class=\"tx-laboklinleistung-table contenttable contenttable-2\" style=\"margin-top: 35px;\"><tr><td class=\"td-0\"><strong>Material<\/strong><\/td><td class=\"td-1\"><p class=\"bodytext\"><ul><li>Abstriche (Tupfer mit Medium): Nase, Rachen, Ohr, Urethra, Vagina etc.<\/li> <li>Abszessmaterial (Tupfer mit Medium)<\/li> <li>Bronchiallavage, Bronchialsekret, Trachealsekret (Tupfer mit Medium)<\/li> <li>Liquor<\/li> <li>Punktate (aus prim\u00e4r sterilen K\u00f6rperh\u00f6hlen)<\/li> <li>Harn<\/li><\/ul><\/p><\/td><\/tr><tr><td class=\"td-0\"><strong>Methode<\/strong><\/td><td class=\"td-1\"><p class=\"bodytext\">mykologisch<\/p><\/td><\/tr><tr><td class=\"td-0\"><strong>Dauer<\/strong><\/td><td class=\"td-1\"><p class=\"bodytext\">2 - 7 Tage<\/p><\/td><\/tr><tr><td class=\"td-0\"><strong>Anmerkung<\/strong><\/td><td class=\"td-1\"><p class=\"bodytext\">Ein Antimykogramm ist ggf. gesondert anzufordern.<\/p><\/td><\/tr><\/table>\n","protected":false},"excerpt":{"rendered":"<p>MykologieLABOKLIN Leistungs-ID: 2151MaterialAbstriche (Tupfer mit Medium): Nase, Rachen, Ohr, Urethra, Vagina etc. Abszessmaterial (Tupfer mit Medium) Bronchiallavage, Bronchialsekret, Trachealsekret (Tupfer mit Medium) Liquor Punktate (aus prim\u00e4r sterilen K\u00f6rperh\u00f6hlen) HarnMethodemykologischDauer2 &#8211; 7 TageAnmerkungEin Antimykogramm ist ggf. gesondert anzufordern.<\/p>\n","protected":false},"author":1,"featured_media":0,"parent":1011000,"menu_order":6,"comment_status":"closed","ping_status":"closed","template":"","meta":{"_seopress_robots_primary_cat":"","_seopress_titles_title":"","_seopress_titles_desc":"","_seopress_robots_index":"","footnotes":""},"class_list":["post-1011007","page","type-page","status-publish","hentry","description-off"],"_links":{"self":[{"href":"https:\/\/laboklin.de\/de\/wp-json\/wp\/v2\/pages\/1011007","targetHints":{"allow":["GET"]}}],"collection":[{"href":"https:\/\/laboklin.de\/de\/wp-json\/wp\/v2\/pages"}],"about":[{"href":"https:\/\/laboklin.de\/de\/wp-json\/wp\/v2\/types\/page"}],"author":[{"embeddable":true,"href":"https:\/\/laboklin.de\/de\/wp-json\/wp\/v2\/users\/1"}],"replies":[{"embeddable":true,"href":"https:\/\/laboklin.de\/de\/wp-json\/wp\/v2\/comments?post=1011007"}],"version-history":[{"count":1,"href":"https:\/\/laboklin.de\/de\/wp-json\/wp\/v2\/pages\/1011007\/revisions"}],"predecessor-version":[{"id":1506334,"href":"https:\/\/laboklin.de\/de\/wp-json\/wp\/v2\/pages\/1011007\/revisions\/1506334"}],"up":[{"embeddable":true,"href":"https:\/\/laboklin.de\/de\/wp-json\/wp\/v2\/pages\/1011000"}],"wp:attachment":[{"href":"https:\/\/laboklin.de\/de\/wp-json\/wp\/v2\/media?parent=1011007"}],"curies":[{"name":"wp","href":"https:\/\/api.w.org\/{rel}","templated":true}]}}