{"id":1011006,"date":"2020-10-16T11:36:27","date_gmt":"2020-10-16T09:36:27","guid":{"rendered":"https:\/\/laboklin.de\/de\/bakteriologie-anaerobier"},"modified":"2025-02-04T08:47:18","modified_gmt":"2025-02-04T07:47:18","slug":"bakteriologie-anaerobier","status":"publish","type":"page","link":"https:\/\/laboklin.de\/de\/leistungen\/mikrobiologie-parasitologie\/bakteriologie-mykologie\/abstriche-punktate-milch-blut\/bakteriologie-anaerobier\/","title":{"rendered":"Bakteriologie Anaerobier"},"content":{"rendered":"<h3 class=\"csc-firstHeader\">Bakteriologie Anaerobier<\/h3><p><span>LABOKLIN Leistungs-ID: 165<\/span><\/p><table class=\"tx-laboklinleistung-table contenttable contenttable-2\" style=\"margin-top: 35px;\"><tr><td class=\"td-0\"><strong>Material<\/strong><\/td><td class=\"td-1\"><p class=\"bodytext\"><ul><li>Abstriche (Tupfer mit Medium) (besonders bei Wunden)<\/li> <li>Abszessmaterial (Tupfer mit Medium)<\/li> <li>Liquor<\/li> <li>Punktate (aus prim\u00e4r sterilen K\u00f6rperh\u00f6hlen)<\/li> <li>Faeces<\/li><\/ul><\/p><\/td><\/tr><tr><td class=\"td-0\"><strong>Parameter<\/strong><\/td><td class=\"td-1\"><p class=\"bodytext\">anaerobe Baketerien<\/p><\/td><\/tr><tr><td class=\"td-0\"><strong>Methode<\/strong><\/td><td class=\"td-1\"><p class=\"bodytext\">kulturell, bakteriologisch (MALDI-TOF) <\/p><\/td><\/tr><tr><td class=\"td-0\"><strong>Dauer<\/strong><\/td><td class=\"td-1\"><p class=\"bodytext\">ca. 1 Woche<\/p><\/td><\/tr><tr><td class=\"td-0\"><strong>Anmerkung<\/strong><\/td><td class=\"td-1\"><p class=\"bodytext\"><ul><li><strong>Abstriche von eitrigem Material:<\/strong> Ein kultureller Nachweis aus eitrigem Material ist oftmals schwierig, da die Bakterien vorgesch\u00e4digt und somit schlecht anzuz\u00fcchten sind. <\/li> <li><strong>Abszessmaterial: <\/strong>Abszessh\u00f6hle spalten und Innenseite der Abszessmembran abtupfen.<\/li> <li>Bei <strong>Punktaten aus prim\u00e4r sterilen K\u00f6rperh\u00f6hlen<\/strong> wird die Verwendung der Blutkulturflasche Peds Plus empfohlen; das Probenmaterial sollte nicht gek\u00fchlt werden.<\/ul><\/p><\/td><\/tr><\/table>\n","protected":false},"excerpt":{"rendered":"<p>Bakteriologie AnaerobierLABOKLIN Leistungs-ID: 165MaterialAbstriche (Tupfer mit Medium) (besonders bei Wunden) Abszessmaterial (Tupfer mit Medium) Liquor Punktate (aus prim\u00e4r sterilen K\u00f6rperh\u00f6hlen) FaecesParameteranaerobe BaketerienMethodekulturell, bakteriologisch (MALDI-TOF) Dauerca. 1 WocheAnmerkungAbstriche von eitrigem Material: Ein kultureller Nachweis aus eitrigem Material ist oftmals schwierig, da die Bakterien vorgesch\u00e4digt und somit schlecht anzuz\u00fcchten sind. Abszessmaterial: Abszessh\u00f6hle spalten und Innenseite der Abszessmembran&hellip;<\/p>\n","protected":false},"author":1,"featured_media":0,"parent":1011000,"menu_order":1,"comment_status":"closed","ping_status":"closed","template":"","meta":{"_seopress_robots_primary_cat":"","_seopress_titles_title":"","_seopress_titles_desc":"","_seopress_robots_index":"","footnotes":""},"class_list":["post-1011006","page","type-page","status-publish","hentry","description-off"],"_links":{"self":[{"href":"https:\/\/laboklin.de\/de\/wp-json\/wp\/v2\/pages\/1011006","targetHints":{"allow":["GET"]}}],"collection":[{"href":"https:\/\/laboklin.de\/de\/wp-json\/wp\/v2\/pages"}],"about":[{"href":"https:\/\/laboklin.de\/de\/wp-json\/wp\/v2\/types\/page"}],"author":[{"embeddable":true,"href":"https:\/\/laboklin.de\/de\/wp-json\/wp\/v2\/users\/1"}],"replies":[{"embeddable":true,"href":"https:\/\/laboklin.de\/de\/wp-json\/wp\/v2\/comments?post=1011006"}],"version-history":[{"count":1,"href":"https:\/\/laboklin.de\/de\/wp-json\/wp\/v2\/pages\/1011006\/revisions"}],"predecessor-version":[{"id":1506317,"href":"https:\/\/laboklin.de\/de\/wp-json\/wp\/v2\/pages\/1011006\/revisions\/1506317"}],"up":[{"embeddable":true,"href":"https:\/\/laboklin.de\/de\/wp-json\/wp\/v2\/pages\/1011000"}],"wp:attachment":[{"href":"https:\/\/laboklin.de\/de\/wp-json\/wp\/v2\/media?parent=1011006"}],"curies":[{"name":"wp","href":"https:\/\/api.w.org\/{rel}","templated":true}]}}