{"id":1000000,"date":"2020-10-16T11:36:27","date_gmt":"2020-10-16T09:36:27","guid":{"rendered":"https:\/\/laboklin.de\/de\/mikrobiologie-parasitologie"},"modified":"2025-01-10T12:30:28","modified_gmt":"2025-01-10T11:30:28","slug":"mikrobiologie-parasitologie","status":"publish","type":"page","link":"https:\/\/laboklin.de\/de\/leistungen\/mikrobiologie-parasitologie\/","title":{"rendered":"Mikrobiologie \/ Parasitologie"},"content":{"rendered":"<div class=\"wpb-content-wrapper\"><p>[vc_row][vc_column][vc_column_text]Unsere Leistungen in der Mikrobiologie und Parasitologie beinhalten die klassische, kulturelle Anzucht mit Durchf\u00fchrung einer Empfindlichkeitspr\u00fcfung, mikroskopische Nachweise sowie Erregernachweise \u00fcber molekularbiologische oder immunologische Verfahren. Bei der kulturellen bakteriologischen Untersuchung erfolgt die Keimdifferenzierung mittels MALDI-TOF. Die Antibiotikatestung erfolgt \u00fcber tierartspezifische Profile und auf der Basis des Clinical and Laboratory Standards Institute (CLSI), wie es den Forderungen T\u00c4HAV entspricht.<\/p>\n<p>Verdauungsst\u00f6rungen k\u00f6nnen \u00fcber Einzelnachweise der Durchfallerreger, umfassende Kotprofile oder eine Mikrobiomanalyse abgekl\u00e4rt werden.<\/p>\n<p>Als therapeutische Hilfe k\u00f6nnen wir f\u00fcr die Kollegen im Rahmen der mikrobiologischen Untersuchung Autovakzinen herstellen. Eine R\u00fccksprache ist empfohlen.<\/p>\n<p>Ausf\u00fchrliche Informationen finden Sie bei den jeweiligen Leistungsbeschreibungen.[\/vc_column_text][\/vc_column][\/vc_row][vc_row type=&#8220;vc_default&#8220; disable_element=&#8220;yes&#8220;][vc_column width=&#8220;2\/3&#8243;][vc_column_text css=&#8220;.vc_custom_1603284608694{margin-left: 20px !important;padding-top: 30px !important;padding-right: 30px !important;padding-bottom: 30px !important;padding-left: 30px !important;}&#8220;]<div class=\"vc_tta-panels-container\"><div class=\"vc_tta-panels\"><li class=\"menu-item sub-page\"><a href=\"https:\/\/laboklin.de\/de\/leistungen\/mikrobiologie-parasitologie\/bakteriologie-mykologie\/\">Bakteriologie \/ Mykologie<\/a><\/li><li class=\"menu-item sub-page\"><a href=\"https:\/\/laboklin.de\/de\/leistungen\/mikrobiologie-parasitologie\/parasitologie\/\">Parasitologie<\/a><\/li><li class=\"menu-item sub-page\"><a href=\"https:\/\/laboklin.de\/de\/leistungen\/mikrobiologie-parasitologie\/untersuchungen-bei-verdauungsstoerungen-und-diarrhoee\/\">Untersuchungen bei Verdauungsst\u00f6rungen und Diarrh\u00f6e<\/a><\/li><li class=\"menu-item sub-page\"><a href=\"https:\/\/laboklin.de\/de\/leistungen\/mikrobiologie-parasitologie\/autovakzine-bestandsspezifische-vakzine\/\">Autovakzine \/ bestandsspezifische Vakzine<\/a><\/li><\/div><\/div>[\/vc_column_text][\/vc_column][vc_column width=&#8220;1\/3&#8243;][\/vc_column][\/vc_row][vc_row type=&#8220;vc_default&#8220; disable_element=&#8220;yes&#8220; css=&#8220;.vc_custom_1673962475340{margin-top: 30px !important;}&#8220;][vc_column]<div class=\"dt-fancy-separator title-left h3-size accent-title-color\" style=\"width: 100%;\"><div class=\"dt-fancy-title\"><span class=\"separator-holder separator-left\"><\/span>Mikrobiologie - Ansprechpartner<span class=\"separator-holder separator-right\"><\/span><\/div><\/div>[\/vc_column][\/vc_row][vc_row type=&#8220;vc_default&#8220; disable_element=&#8220;yes&#8220;][vc_column][vc_column_text css=&#8220;.vc_custom_1615297683878{margin-top: 30px !important;}&#8220;]<div id=\"awsm-team-1307398\" class=\"awsm-grid-wrapper\">\n\t\t\t<div class=\"awsm-grid cards-style style-3 grid-3-col \">\n\t\t\t\t\t\t<div id=\"awsm-member-1307398-1301596\" class=\"awsm-grid-card\">\n\t\t\t\t   <figure>\n\t\t\t\t\t\t<img loading=\"lazy\" decoding=\"async\" width=\"500\" height=\"500\" src=\"https:\/\/laboklin.de\/wp-content\/uploads\/2020\/10\/Bismarck-e1641987055729.jpg\" class=\"attachment-awsm_team size-awsm_team wp-post-image\" alt=\"\" \/>\t\t\t\t\t\t <figcaption class=\"awsm-figcaption\">\n\t\t\t\t\t\t\t<div class=\"awsm-personal-info\"><h3>Dr. Doris Bismarck<\/h3><span>Tier\u00e4rztin<\/span><\/div>\t\t\t\t\t\t\t<div class=\"awsm-contact-info\">\n\t\t\t\t\t\t\t\t<p><b><b>Leiterin der Abteilung Mikrobiologie<\/b><\/b><\/p>\t\t\t\t\t\t\t<\/div> <!-- .awsm-contact-info -->\n\t\t\t\t\t\t\t\t\t\t\t\t\t <\/figcaption>\n\t\t\t\t\t  <!-- <\/span> -->\n\t\t\t\t   <\/figure>\n\t\t\t\t<\/div>\n\t\t\t\t\t\t\t<div id=\"awsm-member-1307398-1303010\" class=\"awsm-grid-card\">\n\t\t\t\t   <figure>\n\t\t\t\t\t\t<img loading=\"lazy\" decoding=\"async\" width=\"500\" height=\"500\" src=\"https:\/\/laboklin.de\/wp-content\/uploads\/2021\/01\/M.Schneider.jpg\" class=\"attachment-awsm_team size-awsm_team wp-post-image\" alt=\"\" srcset=\"https:\/\/laboklin.de\/wp-content\/uploads\/2021\/01\/M.Schneider.jpg 500w, https:\/\/laboklin.de\/wp-content\/uploads\/2021\/01\/M.Schneider-300x300.jpg 300w, https:\/\/laboklin.de\/wp-content\/uploads\/2021\/01\/M.Schneider-150x150.jpg 150w\" sizes=\"auto, (max-width: 500px) 100vw, 500px\" \/>\t\t\t\t\t\t <figcaption class=\"awsm-figcaption\">\n\t\t\t\t\t\t\t<div class=\"awsm-personal-info\"><h3>Dr. Marianne Schneider<\/h3><span>Fachtier\u00e4rztin f\u00fcr Mikrobiologie<\/span><\/div>\t\t\t\t\t\t\t<div class=\"awsm-contact-info\">\n\t\t\t\t\t\t\t\t<p><b>stellvertr.  Abteilungsleitung<\/b><\/p>\t\t\t\t\t\t\t<\/div> <!-- .awsm-contact-info -->\n\t\t\t\t\t\t\t\t\t\t\t\t\t <\/figcaption>\n\t\t\t\t\t  <!-- <\/span> -->\n\t\t\t\t   <\/figure>\n\t\t\t\t<\/div>\n\t\t\t\t\t\t\t<div id=\"awsm-member-1307398-1314243\" class=\"awsm-grid-card\">\n\t\t\t\t   <figure>\n\t\t\t\t\t\t<img loading=\"lazy\" decoding=\"async\" width=\"500\" height=\"500\" src=\"https:\/\/laboklin.de\/wp-content\/uploads\/2022\/02\/Lukas-Falkner500x500.jpg\" class=\"attachment-awsm_team size-awsm_team wp-post-image\" alt=\"\" srcset=\"https:\/\/laboklin.de\/wp-content\/uploads\/2022\/02\/Lukas-Falkner500x500.jpg 500w, https:\/\/laboklin.de\/wp-content\/uploads\/2022\/02\/Lukas-Falkner500x500-300x300.jpg 300w, https:\/\/laboklin.de\/wp-content\/uploads\/2022\/02\/Lukas-Falkner500x500-150x150.jpg 150w\" sizes=\"auto, (max-width: 500px) 100vw, 500px\" \/>\t\t\t\t\t\t <figcaption class=\"awsm-figcaption\">\n\t\t\t\t\t\t\t<div class=\"awsm-personal-info\"><h3>Lukas Falkner<\/h3><span>Tierarzt<\/span><\/div>\t\t\t\t\t\t\t<div class=\"awsm-contact-info\">\n\t\t\t\t\t\t\t\t\t\t\t\t\t\t\t<\/div> <!-- .awsm-contact-info -->\n\t\t\t\t\t\t\t\t\t\t\t\t\t <\/figcaption>\n\t\t\t\t\t  <!-- <\/span> -->\n\t\t\t\t   <\/figure>\n\t\t\t\t<\/div>\n\t\t\t\t\t\t\t<div id=\"awsm-member-1307398-1303003\" class=\"awsm-grid-card\">\n\t\t\t\t   <figure>\n\t\t\t\t\t\t<img loading=\"lazy\" decoding=\"async\" width=\"500\" height=\"500\" src=\"https:\/\/laboklin.de\/wp-content\/uploads\/2021\/01\/Martin-Felten-1-scaled-e1641987261302.jpg\" class=\"attachment-awsm_team size-awsm_team wp-post-image\" alt=\"\" \/>\t\t\t\t\t\t <figcaption class=\"awsm-figcaption\">\n\t\t\t\t\t\t\t<div class=\"awsm-personal-info\"><h3>Dr. Martin Felten<\/h3><span>Tierarzt<\/span><\/div>\t\t\t\t\t\t\t<div class=\"awsm-contact-info\">\n\t\t\t\t\t\t\t\t<p><b>Schwerpunkte:<\/b> Tr\u00e4nkwasser und Fische<\/p>\t\t\t\t\t\t\t<\/div> <!-- .awsm-contact-info -->\n\t\t\t\t\t\t\t\t\t\t\t\t\t <\/figcaption>\n\t\t\t\t\t  <!-- <\/span> -->\n\t\t\t\t   <\/figure>\n\t\t\t\t<\/div>\n\t\t\t\t\t\t\t<div id=\"awsm-member-1307398-1314382\" class=\"awsm-grid-card\">\n\t\t\t\t   <figure>\n\t\t\t\t\t\t<img loading=\"lazy\" decoding=\"async\" width=\"500\" height=\"500\" src=\"https:\/\/laboklin.de\/wp-content\/uploads\/2021\/01\/Eva-Kalbhenn.pg_.jpg\" class=\"attachment-awsm_team size-awsm_team wp-post-image\" alt=\"\" srcset=\"https:\/\/laboklin.de\/wp-content\/uploads\/2021\/01\/Eva-Kalbhenn.pg_.jpg 500w, https:\/\/laboklin.de\/wp-content\/uploads\/2021\/01\/Eva-Kalbhenn.pg_-300x300.jpg 300w, https:\/\/laboklin.de\/wp-content\/uploads\/2021\/01\/Eva-Kalbhenn.pg_-150x150.jpg 150w\" sizes=\"auto, (max-width: 500px) 100vw, 500px\" \/>\t\t\t\t\t\t <figcaption class=\"awsm-figcaption\">\n\t\t\t\t\t\t\t<div class=\"awsm-personal-info\"><h3>Eva Maria Kalbhenn<\/h3><span>Biologin<\/span><\/div>\t\t\t\t\t\t\t<div class=\"awsm-contact-info\">\n\t\t\t\t\t\t\t\t<p><b> Schwerpunkt: <\/b> Bakteriophagen<\/p>\t\t\t\t\t\t\t<\/div> <!-- .awsm-contact-info -->\n\t\t\t\t\t\t\t\t\t\t\t\t\t <\/figcaption>\n\t\t\t\t\t  <!-- <\/span> -->\n\t\t\t\t   <\/figure>\n\t\t\t\t<\/div>\n\t\t\t\t\t\t\t<div id=\"awsm-member-1307398-1303006\" class=\"awsm-grid-card\">\n\t\t\t\t   <figure>\n\t\t\t\t\t\t<img loading=\"lazy\" decoding=\"async\" width=\"500\" height=\"500\" src=\"https:\/\/laboklin.de\/wp-content\/uploads\/2021\/01\/Krapf-e1641988352549.jpg\" class=\"attachment-awsm_team size-awsm_team wp-post-image\" alt=\"\" \/>\t\t\t\t\t\t <figcaption class=\"awsm-figcaption\">\n\t\t\t\t\t\t\t<div class=\"awsm-personal-info\"><h3>Dr. Martina Krapf<\/h3><span>Tier\u00e4rztin<\/span><\/div>\t\t\t\t\t\t\t<div class=\"awsm-contact-info\">\n\t\t\t\t\t\t\t\t\t\t\t\t\t\t\t<\/div> <!-- .awsm-contact-info -->\n\t\t\t\t\t\t\t\t\t\t\t\t\t <\/figcaption>\n\t\t\t\t\t  <!-- <\/span> -->\n\t\t\t\t   <\/figure>\n\t\t\t\t<\/div>\n\t\t\t\t\t\t\t<div id=\"awsm-member-1307398-1303007\" class=\"awsm-grid-card\">\n\t\t\t\t   <figure>\n\t\t\t\t\t\t<img loading=\"lazy\" decoding=\"async\" width=\"500\" height=\"500\" src=\"https:\/\/laboklin.de\/wp-content\/uploads\/2021\/01\/Marschang-scaled-e1641988622225.jpg\" class=\"attachment-awsm_team size-awsm_team wp-post-image\" alt=\"\" \/>\t\t\t\t\t\t <figcaption class=\"awsm-figcaption\">\n\t\t\t\t\t\t\t<div class=\"awsm-personal-info\"><h3>PD Dr. Rachel Marschang<\/h3><span>Dipl. ECZM (Herpetologie), FT\u00c4 Mikrobiologie, ZB Reptilien<\/span><\/div>\t\t\t\t\t\t\t<div class=\"awsm-contact-info\">\n\t\t\t\t\t\t\t\t<p><b>Schwerpunkt:<\/b> Herpetology<\/p>\t\t\t\t\t\t\t<\/div> <!-- .awsm-contact-info -->\n\t\t\t\t\t\t\t\t\t\t\t\t\t <\/figcaption>\n\t\t\t\t\t  <!-- <\/span> -->\n\t\t\t\t   <\/figure>\n\t\t\t\t<\/div>\n\t\t\t\t\t\t\t<div id=\"awsm-member-1307398-1314378\" class=\"awsm-grid-card\">\n\t\t\t\t   <figure>\n\t\t\t\t\t\t<img decoding=\"async\" src=\"https:\/\/laboklin.de\/wp-content\/plugins\/awsm-team\/images\/default-user.png\" alt=\"Dr. Arne Kablau\">\t\t\t\t\t\t <figcaption class=\"awsm-figcaption\">\n\t\t\t\t\t\t\t<div class=\"awsm-personal-info\"><h3>Dr. Arne Kablau<\/h3><span>Biologe<\/span><\/div>\t\t\t\t\t\t\t<div class=\"awsm-contact-info\">\n\t\t\t\t\t\t\t\t\t\t\t\t\t\t\t<\/div> <!-- .awsm-contact-info -->\n\t\t\t\t\t\t\t\t\t\t\t\t\t <\/figcaption>\n\t\t\t\t\t  <!-- <\/span> -->\n\t\t\t\t   <\/figure>\n\t\t\t\t<\/div>\n\t\t\t\t\t\t\t<div id=\"awsm-member-1307398-1314372\" class=\"awsm-grid-card\">\n\t\t\t\t   <figure>\n\t\t\t\t\t\t<img decoding=\"async\" src=\"https:\/\/laboklin.de\/wp-content\/plugins\/awsm-team\/images\/default-user.png\" alt=\"Adham Seryo\">\t\t\t\t\t\t <figcaption class=\"awsm-figcaption\">\n\t\t\t\t\t\t\t<div class=\"awsm-personal-info\"><h3>Adham Seryo<\/h3><span>Tierarzt<\/span><\/div>\t\t\t\t\t\t\t<div class=\"awsm-contact-info\">\n\t\t\t\t\t\t\t\t\t\t\t\t\t\t\t<\/div> <!-- .awsm-contact-info -->\n\t\t\t\t\t\t\t\t\t\t\t\t\t <\/figcaption>\n\t\t\t\t\t  <!-- <\/span> -->\n\t\t\t\t   <\/figure>\n\t\t\t\t<\/div>\n\t\t\t\t\t<\/div><!-- .grid -->\n\t\t<\/div>\n[\/vc_column_text][\/vc_column][\/vc_row]<\/p>\n<\/div>","protected":false},"excerpt":{"rendered":"<p>[vc_row][vc_column][vc_column_text]Unsere Leistungen in der Mikrobiologie und Parasitologie beinhalten die klassische, kulturelle Anzucht mit Durchf\u00fchrung einer Empfindlichkeitspr\u00fcfung, mikroskopische Nachweise sowie Erregernachweise \u00fcber molekularbiologische oder immunologische Verfahren. Bei der kulturellen bakteriologischen Untersuchung erfolgt die Keimdifferenzierung mittels MALDI-TOF. Die Antibiotikatestung erfolgt \u00fcber tierartspezifische Profile und auf der Basis des Clinical and Laboratory Standards Institute (CLSI), wie es den&hellip;<\/p>\n","protected":false},"author":1,"featured_media":0,"parent":100000,"menu_order":5,"comment_status":"closed","ping_status":"closed","template":"","meta":{"_seopress_robots_primary_cat":"","_seopress_titles_title":"","_seopress_titles_desc":"","_seopress_robots_index":"","footnotes":""},"class_list":["post-1000000","page","type-page","status-publish","hentry","description-off"],"_links":{"self":[{"href":"https:\/\/laboklin.de\/de\/wp-json\/wp\/v2\/pages\/1000000","targetHints":{"allow":["GET"]}}],"collection":[{"href":"https:\/\/laboklin.de\/de\/wp-json\/wp\/v2\/pages"}],"about":[{"href":"https:\/\/laboklin.de\/de\/wp-json\/wp\/v2\/types\/page"}],"author":[{"embeddable":true,"href":"https:\/\/laboklin.de\/de\/wp-json\/wp\/v2\/users\/1"}],"replies":[{"embeddable":true,"href":"https:\/\/laboklin.de\/de\/wp-json\/wp\/v2\/comments?post=1000000"}],"version-history":[{"count":9,"href":"https:\/\/laboklin.de\/de\/wp-json\/wp\/v2\/pages\/1000000\/revisions"}],"predecessor-version":[{"id":1320520,"href":"https:\/\/laboklin.de\/de\/wp-json\/wp\/v2\/pages\/1000000\/revisions\/1320520"}],"up":[{"embeddable":true,"href":"https:\/\/laboklin.de\/de\/wp-json\/wp\/v2\/pages\/100000"}],"wp:attachment":[{"href":"https:\/\/laboklin.de\/de\/wp-json\/wp\/v2\/media?parent=1000000"}],"curies":[{"name":"wp","href":"https:\/\/api.w.org\/{rel}","templated":true}]}}