{"id":1573576,"date":"2025-11-18T09:36:48","date_gmt":"2025-11-18T08:36:48","guid":{"rendered":"https:\/\/laboklin.de\/?page_id=1573576"},"modified":"2025-11-18T09:36:49","modified_gmt":"2025-11-18T08:36:49","slug":"geschlechtsbestimmung-schlangen-pcr","status":"publish","type":"page","link":"https:\/\/laboklin.de\/de-ch\/leistungen\/genetik\/geschlechtsbestimmung\/geschlechtsbestimmung-schlangen-pcr\/","title":{"rendered":"Geschlechtsbestimmung Schlangen &#8211; PCR"},"content":{"rendered":"<h3 class=\"csc-firstHeader\">Geschlechtsbestimmung Schlangen - PCR<\/h3><p><span>LABOKLIN Leistungs-ID: 8958<\/span><\/p><p class=\"bodytext\">Die von uns angewandte Methode zur Geschlechtsbestimmung basiert auf dem Prinzip der Polymerase-Kettenreaktion (PCR). Dies erlaubt es, mit geringen DNA-Mengen das Geschlecht der Schlange sicher festzustellen. Dabei wird eine spezifische Gensequenz des W-Chromosoms weiblicher Tiere nachgewiesen, die bei m\u00e4nnlichen Tieren, welche kein W-Chromosom besitzen, fehlt.<\/p><table class=\"tx-laboklinleistung-table contenttable contenttable-2\" style=\"margin-top: 35px;\"><tr><td class=\"td-0\"><strong>Material<\/strong><\/td><td class=\"td-1\"><p class=\"bodytext\">Haut (bevorzugt frische H\u00e4utungen);  EDTA-Blut oder Schleimhautabstrich nur auf Anfrage<\/p><\/td><\/tr><tr><td class=\"td-0\"><strong>Methode<\/strong><\/td><td class=\"td-1\"><p class=\"bodytext\">PCR<\/p><\/td><\/tr><tr><td class=\"td-0\"><strong>Tierart(en)<\/strong><\/td><td class=\"td-1\"><p class=\"bodytext\">Bitte erfragen Sie bei uns, welche Schlangenarten untersucht werden k\u00f6nnen.<\/p><\/td><\/tr><tr><td class=\"td-0\"><strong>Dauer<\/strong><\/td><td class=\"td-1\"><p class=\"bodytext\">3 Tage<\/p><\/td><\/tr><tr><td class=\"td-0\"><strong>Anmerkung<\/strong><\/td><td class=\"td-1\"><p class=\"bodytext\"><ul><li>Frische H\u00e4utungen m\u00fcssen trocken sein und sollten m\u00f6glichst keine R\u00fcckst\u00e4nde von z.B. Substrat enthalten.<\/li> <li>Die Probe darf nicht mit Fremd-DNA verunreinigt sein. Dazu bitte bei der Probenentnahme Handschuhe tragen oder die H\u00e4nde nach jeder Entnahme waschen.<\/li> <li>Bitte verpacken Sie die H\u00e4ute f\u00fcr jede Schlange einzeln, am besten in verschlie\u00dfbare Plastikt\u00fctchen.<\/li> <li><strong>Es ist wichtig<\/strong>, die Proben so <strong>zu kennzeichnen<\/strong>, dass die Tiere eindeutig zugeordnet werden k\u00f6nnen. <\/li> <li>Die <strong>genaue Schlangenart<\/strong> ist bei der Einsendung der Proben <strong>unbedingt anzugeben.<\/strong><\/li><\/ul><\/p><\/td><\/tr><\/table>\n","protected":false},"excerpt":{"rendered":"<p>Geschlechtsbestimmung Schlangen &#8211; PCRLABOKLIN Leistungs-ID: 8958Die von uns angewandte Methode zur Geschlechtsbestimmung basiert auf dem Prinzip der Polymerase-Kettenreaktion (PCR). Dies erlaubt es, mit geringen DNA-Mengen das Geschlecht der Schlange sicher festzustellen. Dabei wird eine spezifische Gensequenz des W-Chromosoms weiblicher Tiere nachgewiesen, die bei m\u00e4nnlichen Tieren, welche kein W-Chromosom besitzen, fehlt.MaterialHaut (bevorzugt frische H\u00e4utungen); EDTA-Blut oder&hellip;<\/p>\n","protected":false},"author":18,"featured_media":0,"parent":1332699,"menu_order":0,"comment_status":"closed","ping_status":"closed","template":"","meta":{"_seopress_robots_primary_cat":"","_seopress_titles_title":"","_seopress_titles_desc":"","_seopress_robots_index":"","footnotes":""},"class_list":["post-1573576","page","type-page","status-publish","hentry","description-off"],"_links":{"self":[{"href":"https:\/\/laboklin.de\/de-ch\/wp-json\/wp\/v2\/pages\/1573576","targetHints":{"allow":["GET"]}}],"collection":[{"href":"https:\/\/laboklin.de\/de-ch\/wp-json\/wp\/v2\/pages"}],"about":[{"href":"https:\/\/laboklin.de\/de-ch\/wp-json\/wp\/v2\/types\/page"}],"author":[{"embeddable":true,"href":"https:\/\/laboklin.de\/de-ch\/wp-json\/wp\/v2\/users\/18"}],"replies":[{"embeddable":true,"href":"https:\/\/laboklin.de\/de-ch\/wp-json\/wp\/v2\/comments?post=1573576"}],"version-history":[{"count":1,"href":"https:\/\/laboklin.de\/de-ch\/wp-json\/wp\/v2\/pages\/1573576\/revisions"}],"predecessor-version":[{"id":1573578,"href":"https:\/\/laboklin.de\/de-ch\/wp-json\/wp\/v2\/pages\/1573576\/revisions\/1573578"}],"up":[{"embeddable":true,"href":"https:\/\/laboklin.de\/de-ch\/wp-json\/wp\/v2\/pages\/1332699"}],"wp:attachment":[{"href":"https:\/\/laboklin.de\/de-ch\/wp-json\/wp\/v2\/media?parent=1573576"}],"curies":[{"name":"wp","href":"https:\/\/api.w.org\/{rel}","templated":true}]}}