{"id":1566619,"date":"2025-10-09T11:02:54","date_gmt":"2025-10-09T09:02:54","guid":{"rendered":"https:\/\/laboklin.de\/?page_id=1566619"},"modified":"2025-11-24T09:16:19","modified_gmt":"2025-11-24T08:16:19","slug":"bauchhoehlenerguss-fip","status":"publish","type":"page","link":"https:\/\/laboklin.de\/de-ch\/leistungen\/pathologie\/zytologie\/bauchhoehlenerguss-fip\/","title":{"rendered":"Bauchh\u00f6hlenerguss FIP"},"content":{"rendered":"<h3 class=\"csc-firstHeader\">K\u00f6rperh\u00f6hlenerguss FIP (Brust-, Bauchh\u00f6hlenerguss)<\/h3><p><span>LABOKLIN Leistungs-ID: 705<\/span><\/p><table class=\"tx-laboklinleistung-table contenttable contenttable-2\" style=\"margin-top: 35px;\"><tr><td class=\"td-0\"><strong>Material<\/strong><\/td><td class=\"td-1\"><p class=\"bodytext\">Fl\u00fcssigkeit (2 ml) + Nativausstrich + Sedimentausstrich<\/p><\/td><\/tr><tr><td class=\"td-0\"><strong>Parameter<\/strong><\/td><td class=\"td-1\"><p class=\"bodytext\">Zytologie, Protein, Zellzahl, Rivalta, Albumin\/Globulin-Quotient, Coronavirus-PCR (qualitativ)<\/p><\/td><\/tr><tr><td class=\"td-0\"><strong>Methode<\/strong><\/td><td class=\"td-1\"><p class=\"bodytext\">Zytologie, Photometrie, Durchflusszytometrie, Rivalta, realtime PCR<\/p><\/td><\/tr><tr><td class=\"td-0\"><strong>Tierart(en)<\/strong><\/td><td class=\"td-1\"><p class=\"bodytext\">Katze<\/p><\/td><\/tr><tr><td class=\"td-0\"><strong>Dauer<\/strong><\/td><td class=\"td-1\"><p class=\"bodytext\">2\u20137 Arbeitstage<\/p><\/td><\/tr><tr><td class=\"td-0\"><strong>Anmerkung<\/strong><\/td><td class=\"td-1\"><p class=\"bodytext\">Punktat f\u00fcr die klinisch-chemischen Untersuchungen bitte in neutralen R\u00f6hrchen nativ (auch f\u00fcr Bakteriologie geeignet) und zus\u00e4tzlich in einem EDTA-R\u00f6hrchen (bessere Zellmorphologie) schicken.<\/p><\/td><\/tr><\/table>\n","protected":false},"excerpt":{"rendered":"<p>FIP-Diagnostik Katze: Untersuchung von Bauchh\u00f6hlenerguss mit Zytologie, Albumin\/Globulin-Quotient &#038; Coronavirus-PCR.<\/p>\n","protected":false},"author":18,"featured_media":0,"parent":1332798,"menu_order":2,"comment_status":"closed","ping_status":"closed","template":"","meta":{"_seopress_robots_primary_cat":"","_seopress_titles_title":"Zytologie: Diagnose von Bauchh\u00f6hlenerguss bei FIP","_seopress_titles_desc":"FIP-Diagnostik Katze: Untersuchung von Bauchh\u00f6hlenerguss mit Zytologie, Albumin\/Globulin-Quotient & Coronavirus-PCR.","_seopress_robots_index":"","footnotes":""},"class_list":["post-1566619","page","type-page","status-publish","hentry","description-off"],"_links":{"self":[{"href":"https:\/\/laboklin.de\/de-ch\/wp-json\/wp\/v2\/pages\/1566619","targetHints":{"allow":["GET"]}}],"collection":[{"href":"https:\/\/laboklin.de\/de-ch\/wp-json\/wp\/v2\/pages"}],"about":[{"href":"https:\/\/laboklin.de\/de-ch\/wp-json\/wp\/v2\/types\/page"}],"author":[{"embeddable":true,"href":"https:\/\/laboklin.de\/de-ch\/wp-json\/wp\/v2\/users\/18"}],"replies":[{"embeddable":true,"href":"https:\/\/laboklin.de\/de-ch\/wp-json\/wp\/v2\/comments?post=1566619"}],"version-history":[{"count":3,"href":"https:\/\/laboklin.de\/de-ch\/wp-json\/wp\/v2\/pages\/1566619\/revisions"}],"predecessor-version":[{"id":1574635,"href":"https:\/\/laboklin.de\/de-ch\/wp-json\/wp\/v2\/pages\/1566619\/revisions\/1574635"}],"up":[{"embeddable":true,"href":"https:\/\/laboklin.de\/de-ch\/wp-json\/wp\/v2\/pages\/1332798"}],"wp:attachment":[{"href":"https:\/\/laboklin.de\/de-ch\/wp-json\/wp\/v2\/media?parent=1566619"}],"curies":[{"name":"wp","href":"https:\/\/api.w.org\/{rel}","templated":true}]}}