{"id":1563276,"date":"2025-07-16T13:17:30","date_gmt":"2025-07-16T11:17:30","guid":{"rendered":"https:\/\/laboklin.de\/leistungen\/profile\/profile-screenings-kleintiere\/klinisch-chemische-profile-screenings-kleintiere\/verhaltensprofil-2\/"},"modified":"2025-10-06T11:01:45","modified_gmt":"2025-10-06T09:01:45","slug":"verhaltensprofil-2","status":"publish","type":"page","link":"https:\/\/laboklin.de\/de-ch\/leistungen\/profile\/profile-screenings-kleintiere\/klinisch-chemische-profile-screenings-kleintiere\/verhaltensprofil-2\/","title":{"rendered":"Verhaltensprofil 2 (Hund)"},"content":{"rendered":"<p>Hund)<h3 class=\"csc-firstHeader\">Verhaltensprofil 2 (Hund)<\/h3><p><span>LABOKLIN Leistungs-ID: 1331<\/span><\/p><table class=\"tx-laboklinleistung-table contenttable contenttable-2\" style=\"margin-top: 35px;\"><tr><td class=\"td-0\"><strong>Material<\/strong><\/td><td class=\"td-1\"><p class=\"bodytext\">Serum + EDTA-Blut 1 ml (n\u00fcchtern; gek\u00fchlt, m\u00f6glichst gefroren, zeitnah abzentrifugiert, abpipettiert)<\/p><\/td><\/tr><tr><td class=\"td-0\"><strong>Parameter<\/strong><\/td><td class=\"td-1\"><p class=\"bodytext\">T4, rT3, CRP, Cortisol, Serotonin, Vitamin B6<\/p><\/td><\/tr><tr><td class=\"td-0\"><strong>Tierart(en)<\/strong><\/td><td class=\"td-1\"><p class=\"bodytext\">Hund<\/p><\/td><\/tr><tr><td class=\"td-0\"><strong>Dauer<\/strong><\/td><td class=\"td-1\"><p class=\"bodytext\">1 x w\u00f6chentlich<\/p><\/td><\/tr><\/table><\/p>\n","protected":false},"excerpt":{"rendered":"<p>Hund)<\/p>\n","protected":false},"author":10,"featured_media":0,"parent":1332819,"menu_order":0,"comment_status":"closed","ping_status":"closed","template":"","meta":{"_seopress_robots_primary_cat":"","_seopress_titles_title":"","_seopress_titles_desc":"","_seopress_robots_index":"","footnotes":""},"class_list":["post-1563276","page","type-page","status-publish","hentry","description-off"],"_links":{"self":[{"href":"https:\/\/laboklin.de\/de-ch\/wp-json\/wp\/v2\/pages\/1563276","targetHints":{"allow":["GET"]}}],"collection":[{"href":"https:\/\/laboklin.de\/de-ch\/wp-json\/wp\/v2\/pages"}],"about":[{"href":"https:\/\/laboklin.de\/de-ch\/wp-json\/wp\/v2\/types\/page"}],"author":[{"embeddable":true,"href":"https:\/\/laboklin.de\/de-ch\/wp-json\/wp\/v2\/users\/10"}],"replies":[{"embeddable":true,"href":"https:\/\/laboklin.de\/de-ch\/wp-json\/wp\/v2\/comments?post=1563276"}],"version-history":[{"count":2,"href":"https:\/\/laboklin.de\/de-ch\/wp-json\/wp\/v2\/pages\/1563276\/revisions"}],"predecessor-version":[{"id":1566031,"href":"https:\/\/laboklin.de\/de-ch\/wp-json\/wp\/v2\/pages\/1563276\/revisions\/1566031"}],"up":[{"embeddable":true,"href":"https:\/\/laboklin.de\/de-ch\/wp-json\/wp\/v2\/pages\/1332819"}],"wp:attachment":[{"href":"https:\/\/laboklin.de\/de-ch\/wp-json\/wp\/v2\/media?parent=1563276"}],"curies":[{"name":"wp","href":"https:\/\/api.w.org\/{rel}","templated":true}]}}