{"id":1513915,"date":"2025-02-27T21:11:30","date_gmt":"2025-02-27T20:11:30","guid":{"rendered":"https:\/\/laboklin.de\/leistungen\/infektionskrankheiten-erreger-und-antikoerpernachweise\/pilze\/paranannizziopsis\/"},"modified":"2025-03-11T15:27:10","modified_gmt":"2025-03-11T14:27:10","slug":"paranannizziopsis","status":"publish","type":"page","link":"https:\/\/laboklin.de\/de-ch\/leistungen\/infektionskrankheiten-erreger-und-antikoerpernachweise\/pilze\/paranannizziopsis\/","title":{"rendered":"Paranannizziopsis"},"content":{"rendered":"<div class=\"wpb-content-wrapper\"><p>[vc_row][vc_column][vc_column_text css=&#187;&#187;]<h3>Leistungsspektrum<\/h3><div class=\"vc_tta-panels-container\"><div class=\"vc_tta-panels\"><li class=\"menu-item sub-page\"><a href=\"https:\/\/laboklin.de\/de-ch\/leistungen\/infektionskrankheiten-erreger-und-antikoerpernachweise\/pilze\/paranannizziopsis\/paranannizziopsis-spp-pcr\/\">Paranannizziopsis spp. - PCR<\/a><\/li><\/div><\/div><div class=\"gap\" style=\"line-height: 20px; height: 20px;\"><\/div>\n<p>[\/vc_column_text][\/vc_column][\/vc_row][vc_row][vc_column][vc_column_text css=&#187;.vc_custom_1740687085208{margin-top: 40px !important;}&#187;]<\/p>\n<h3>Allgemeine Informationen<\/h3>\n<p>Pilze der Gattung Paranannizziopsis spp. (Familie: Nannizziopsiaceae) sind nahe verwandt mit Ophidiomyces ophidiicola, jedoch weit weniger erforscht. Es sind bisher f\u00fcnf Spezies beschrieben: P. australasiensis, P. californiensis, P. crustacea, P. longispora und P. tardicrescens. Eine Infektion kann mit einer krust\u00f6sen-ulzerativen, teils auch nekrotischen, Dermatitis und Verf\u00e4rbungen an betroffenen Arealen einhergehen, die sich auch in tieferes Gewebe ausbreiten kann. H\u00e4utungsprobleme sind ebenfalls beschrieben. Zudem kann eine Infektion auch mit hoher Mortalit\u00e4t assoziiert sein. Paranannizziopsis spp. konnte bereits auf verschiedenen Kontinenten (Nordamerika, Neuseeland, Australien, Europa) und bei diversen wildlebenden und in menschlicher Obhut gehaltenen Reptilienarten (Schlangen, Echsen, Tuataras) nachgewiesen werden. Bei Lorch et al. (2023) gab es zudem Hinweise auf eine Ko-Infektionen mit O. ophidiicola.<\/p>\n<p>[\/vc_column_text][\/vc_column][\/vc_row]<\/p>\n<\/div>","protected":false},"excerpt":{"rendered":"<p>[vc_row][vc_column][vc_column_text css=&#187;&#187;] [\/vc_column_text][\/vc_column][\/vc_row][vc_row][vc_column][vc_column_text css=&#187;.vc_custom_1740687085208{margin-top: 40px !important;}&#187;] Allgemeine Informationen Pilze der Gattung Paranannizziopsis spp. (Familie: Nannizziopsiaceae) sind nahe verwandt mit Ophidiomyces ophidiicola, jedoch weit weniger erforscht. Es sind bisher f\u00fcnf Spezies beschrieben: P. australasiensis, P. californiensis, P. crustacea, P. longispora und P. tardicrescens. Eine Infektion kann mit einer krust\u00f6sen-ulzerativen, teils auch nekrotischen, Dermatitis und Verf\u00e4rbungen an&hellip;<\/p>\n","protected":false},"author":10,"featured_media":0,"parent":1332778,"menu_order":8,"comment_status":"closed","ping_status":"closed","template":"","meta":{"_seopress_robots_primary_cat":"","_seopress_titles_title":"","_seopress_titles_desc":"","_seopress_robots_index":"","footnotes":""},"class_list":["post-1513915","page","type-page","status-publish","hentry","description-off"],"_links":{"self":[{"href":"https:\/\/laboklin.de\/de-ch\/wp-json\/wp\/v2\/pages\/1513915","targetHints":{"allow":["GET"]}}],"collection":[{"href":"https:\/\/laboklin.de\/de-ch\/wp-json\/wp\/v2\/pages"}],"about":[{"href":"https:\/\/laboklin.de\/de-ch\/wp-json\/wp\/v2\/types\/page"}],"author":[{"embeddable":true,"href":"https:\/\/laboklin.de\/de-ch\/wp-json\/wp\/v2\/users\/10"}],"replies":[{"embeddable":true,"href":"https:\/\/laboklin.de\/de-ch\/wp-json\/wp\/v2\/comments?post=1513915"}],"version-history":[{"count":1,"href":"https:\/\/laboklin.de\/de-ch\/wp-json\/wp\/v2\/pages\/1513915\/revisions"}],"predecessor-version":[{"id":1513916,"href":"https:\/\/laboklin.de\/de-ch\/wp-json\/wp\/v2\/pages\/1513915\/revisions\/1513916"}],"up":[{"embeddable":true,"href":"https:\/\/laboklin.de\/de-ch\/wp-json\/wp\/v2\/pages\/1332778"}],"wp:attachment":[{"href":"https:\/\/laboklin.de\/de-ch\/wp-json\/wp\/v2\/media?parent=1513915"}],"curies":[{"name":"wp","href":"https:\/\/api.w.org\/{rel}","templated":true}]}}