{"id":1496202,"date":"2024-12-02T13:23:27","date_gmt":"2024-12-02T12:23:27","guid":{"rendered":"https:\/\/laboklin.de\/?page_id=1496202"},"modified":"2025-01-28T10:30:05","modified_gmt":"2025-01-28T09:30:05","slug":"retikulozyten","status":"publish","type":"page","link":"https:\/\/laboklin.de\/de-ch\/leistungen\/haematologie-klin-chemie-endokrinologie\/haematologie\/blutbild\/retikulozyten\/","title":{"rendered":"Retikulozyten"},"content":{"rendered":"<h3 class=\"csc-firstHeader\">Retikulozyten<\/h3><p><span>LABOKLIN Leistungs-ID: 129<\/span><\/p><table class=\"tx-laboklinleistung-table contenttable contenttable-2\" style=\"margin-top: 35px;\"><tr><td class=\"td-0\"><strong>Material<\/strong><\/td><td class=\"td-1\"><p class=\"bodytext\">EDTA-Blut oder Heparin-Blut 1 ml<br>Kleins\u00e4uger: EDTA-Blut oder Heparin-Blut 0,5 ml<\/p><\/td><\/tr><tr><td class=\"td-0\"><strong>Methode<\/strong><\/td><td class=\"td-1\"><p class=\"bodytext\">Durchflusszytometrie<\/p><\/td><\/tr><tr><td class=\"td-0\"><strong>Tierart(en)<\/strong><\/td><td class=\"td-1\"><p class=\"bodytext\">Hund, Katze, Kleins\u00e4uger, weitere auf Anfrage<\/p><\/td><\/tr><tr><td class=\"td-0\"><strong>Dauer<\/strong><\/td><td class=\"td-1\"><p class=\"bodytext\">Befund\u00fcbermittlung am Tag des Probeneingangs (Mo.-Sa.)<\/p><\/td><\/tr><tr><td class=\"td-0\"><strong>Anmerkung<\/strong><\/td><td class=\"td-1\"><p class=\"bodytext\"><ul><li>Retikulozyten sind Vorstufen von Erythrozyten. Die Bestimmung von deren Anzahl dient der Unterscheidung von regenerativen und nicht-regenerativen An\u00e4mien.<\/li> <li>F\u00fcr aussagekr\u00e4ftige Resultate sollte die Probe <strong>nicht \u00e4lter als 48 Stdn.<\/strong> sein.<\/li> <li>Bei <strong>Hund, Katze, Kaninchen<\/strong> und <strong>Meerschweinchen<\/strong> wird zus\u00e4tzlich die H\u00e4moglobinkonzentration der Retikulozyten (Ret-He) bestimmt.<\/li><\/ul><\/p><\/td><\/tr><\/table>\n","protected":false},"excerpt":{"rendered":"<p>RetikulozytenLABOKLIN Leistungs-ID: 129MaterialEDTA-Blut oder Heparin-Blut 1 mlKleins\u00e4uger: EDTA-Blut oder Heparin-Blut 0,5 mlMethodeDurchflusszytometrieTierart(en)Hund, Katze, Kleins\u00e4uger, weitere auf AnfrageDauerBefund\u00fcbermittlung am Tag des Probeneingangs (Mo.-Sa.)AnmerkungRetikulozyten sind Vorstufen von Erythrozyten. Die Bestimmung von deren Anzahl dient der Unterscheidung von regenerativen und nicht-regenerativen An\u00e4mien. F\u00fcr aussagekr\u00e4ftige Resultate sollte die Probe nicht \u00e4lter als 48 Stdn. sein. Bei Hund, Katze, Kaninchen&hellip;<\/p>\n","protected":false},"author":10,"featured_media":0,"parent":1332883,"menu_order":8,"comment_status":"closed","ping_status":"closed","template":"","meta":{"_seopress_robots_primary_cat":"","_seopress_titles_title":"","_seopress_titles_desc":"","_seopress_robots_index":"","footnotes":""},"class_list":["post-1496202","page","type-page","status-publish","hentry","description-off"],"_links":{"self":[{"href":"https:\/\/laboklin.de\/de-ch\/wp-json\/wp\/v2\/pages\/1496202","targetHints":{"allow":["GET"]}}],"collection":[{"href":"https:\/\/laboklin.de\/de-ch\/wp-json\/wp\/v2\/pages"}],"about":[{"href":"https:\/\/laboklin.de\/de-ch\/wp-json\/wp\/v2\/types\/page"}],"author":[{"embeddable":true,"href":"https:\/\/laboklin.de\/de-ch\/wp-json\/wp\/v2\/users\/10"}],"replies":[{"embeddable":true,"href":"https:\/\/laboklin.de\/de-ch\/wp-json\/wp\/v2\/comments?post=1496202"}],"version-history":[{"count":1,"href":"https:\/\/laboklin.de\/de-ch\/wp-json\/wp\/v2\/pages\/1496202\/revisions"}],"predecessor-version":[{"id":1496204,"href":"https:\/\/laboklin.de\/de-ch\/wp-json\/wp\/v2\/pages\/1496202\/revisions\/1496204"}],"up":[{"embeddable":true,"href":"https:\/\/laboklin.de\/de-ch\/wp-json\/wp\/v2\/pages\/1332883"}],"wp:attachment":[{"href":"https:\/\/laboklin.de\/de-ch\/wp-json\/wp\/v2\/media?parent=1496202"}],"curies":[{"name":"wp","href":"https:\/\/api.w.org\/{rel}","templated":true}]}}