{"id":1494274,"date":"2024-11-13T16:30:19","date_gmt":"2024-11-13T15:30:19","guid":{"rendered":"https:\/\/laboklin.de\/?page_id=1494274"},"modified":"2025-12-02T12:49:54","modified_gmt":"2025-12-02T11:49:54","slug":"cannabis-cannabinoide","status":"publish","type":"page","link":"https:\/\/laboklin.de\/de-ch\/leistungen\/vitamine-medikamentenspiegel-vergiftungen\/vergiftungsnachweis\/cannabis-cannabinoide\/","title":{"rendered":"Cannabis\/Cannabinoide"},"content":{"rendered":"<h3 class=\"csc-firstHeader\">Cannabis\/Cannabinoide<\/h3><p><span>LABOKLIN Leistungs-ID: 530<\/span><\/p><p class=\"bodytext\"><br>Zum Nachweis der Exposition werden THC und zwei Metabolite (s. auch Abbildung Infoblatt) gemessen:<br \/>\r\n<ul><li>THC (Tetrahydrocannabinol) und die Metabolite 11-OH-THC (11-Hydroxytetrahydrocannabinol) und THC-COOH (11-Nor-9-carboxy-THC) kommen nat\u00fcrlicherweise im Tier nicht vor.<\/li><li>THC und 11-OH-THC haben psychoaktive Effekte.<\/li><li>Die Halbwertszeit von THC im Blut ist kurz und wird mit 20 \u2013 30 Minuten angegeben.<\/li><\/ul><\/p><table class=\"tx-laboklinleistung-table contenttable contenttable-2\" style=\"margin-top: 35px;\"><tr><td class=\"td-0\"><strong>Material<\/strong><\/td><td class=\"td-1\"><p class=\"bodytext\">Serum 1 ml<\/p><\/td><\/tr><tr><td class=\"td-0\"><strong>Parameter<\/strong><\/td><td class=\"td-1\"><p class=\"bodytext\">THC, 11-OH THC, THC-COOH, CBD<\/p><\/td><\/tr><tr><td class=\"td-0\"><strong>Dauer<\/strong><\/td><td class=\"td-1\"><p class=\"bodytext\">1\u20132 Arbeitstage<\/p><\/td><\/tr><tr><td class=\"td-0\"><strong>Anmerkung<\/strong><\/td><td class=\"td-1\"><p class=\"bodytext\">Klinische Symptome (<strong>Hund, Katze<\/strong>):\r\n<ul><li>h\u00e4ufig: Lethargie, Ataxie, Erbrechen gefolgt von ZNS-Depression, Harninkontinenz, Ger\u00e4uschempfindlichkeit, Mydriasis, Hyper\u00e4sthesie, Bradykardie, Hypothermie und Tremor<\/li><li>selten: Hypotonie, Bradypnoe, Aggressivit\u00e4t, Tachykardie, Nystagmus, Krampfanf\u00e4lle, Todesf\u00e4lle<\/li><li>Auftreten der klinischen Symptomatik innerhalb von 1 bis 2 Stunden nach der Exposition und Abklingen der Anzeichen meist innerhalb von 12 bis 72 Stunden<\/li><\/ul><br>Auswertung:<br><ul><li>Der Nachweis von THC im Serum sowie eine 11-OH-THC-Konzentration > 1 ng\/ml sprechen f\u00fcr eine k\u00fcrzliche Aufnahme von Cannabis.<\/li><li>Eine l\u00e4ngerfristige Aufnahme zeigt sich in THC-COOH-Konzentrationen > 1 ng\/ml.<\/li><\/ul><\/p><\/td><\/tr><\/table>\n<p>&nbsp;<\/p>\n<p><a href=\"https:\/\/laboklin.de\/wp-content\/uploads\/2024\/12\/Infoblatt_Vergiftungen_mit_Pflanzengiften_A4_DE_web.pdf\" target=\"_blank\" rel=\"noopener\">Infoblatt Vergiftungen mit Pflanzengiften<\/a><\/p>\n","protected":false},"excerpt":{"rendered":"<p>LABOKLIN: Nachweis von Cannabis-Exposition bei Tieren (THC, 11\u2011OH\u2011THC, THC\u2011COOH, CBD). Ergebnisse in 2\u20135 Tagen.<\/p>\n","protected":false},"author":18,"featured_media":0,"parent":1332771,"menu_order":0,"comment_status":"closed","ping_status":"closed","template":"","meta":{"_seopress_robots_primary_cat":"","_seopress_titles_title":"","_seopress_titles_desc":"LABOKLIN: Nachweis von Cannabis-Exposition bei Tieren (THC, 11\u2011OH\u2011THC, THC\u2011COOH, CBD). Ergebnisse in 2\u20135 Tagen.","_seopress_robots_index":"","footnotes":""},"class_list":["post-1494274","page","type-page","status-publish","hentry","description-off"],"_links":{"self":[{"href":"https:\/\/laboklin.de\/de-ch\/wp-json\/wp\/v2\/pages\/1494274","targetHints":{"allow":["GET"]}}],"collection":[{"href":"https:\/\/laboklin.de\/de-ch\/wp-json\/wp\/v2\/pages"}],"about":[{"href":"https:\/\/laboklin.de\/de-ch\/wp-json\/wp\/v2\/types\/page"}],"author":[{"embeddable":true,"href":"https:\/\/laboklin.de\/de-ch\/wp-json\/wp\/v2\/users\/18"}],"replies":[{"embeddable":true,"href":"https:\/\/laboklin.de\/de-ch\/wp-json\/wp\/v2\/comments?post=1494274"}],"version-history":[{"count":5,"href":"https:\/\/laboklin.de\/de-ch\/wp-json\/wp\/v2\/pages\/1494274\/revisions"}],"predecessor-version":[{"id":1576347,"href":"https:\/\/laboklin.de\/de-ch\/wp-json\/wp\/v2\/pages\/1494274\/revisions\/1576347"}],"up":[{"embeddable":true,"href":"https:\/\/laboklin.de\/de-ch\/wp-json\/wp\/v2\/pages\/1332771"}],"wp:attachment":[{"href":"https:\/\/laboklin.de\/de-ch\/wp-json\/wp\/v2\/media?parent=1494274"}],"curies":[{"name":"wp","href":"https:\/\/api.w.org\/{rel}","templated":true}]}}