{"id":1486724,"date":"2024-09-24T12:48:18","date_gmt":"2024-09-24T10:48:18","guid":{"rendered":"https:\/\/laboklin.de\/leistungen\/infektionskrankheiten-erreger-und-antikoerpernachweise\/viren\/equines-hepacivirus\/"},"modified":"2024-11-13T14:03:02","modified_gmt":"2024-11-13T13:03:02","slug":"equines-hepacivirus-eqhv","status":"publish","type":"page","link":"https:\/\/laboklin.de\/de-ch\/leistungen\/infektionskrankheiten-erreger-und-antikoerpernachweise\/viren\/equines-hepacivirus-eqhv\/","title":{"rendered":"Equines Hepacivirus (EqHV)"},"content":{"rendered":"<div class=\"wpb-content-wrapper\"><p>[vc_row][vc_column][vc_column_text css=&#187;&#187;][\/vc_column_text][\/vc_column][\/vc_row][vc_row][vc_column][vc_column_text]<h3>Leistungsspektrum<\/h3><div class=\"vc_tta-panels-container\"><div class=\"vc_tta-panels\"><li class=\"menu-item sub-page\"><a href=\"https:\/\/laboklin.de\/de-ch\/leistungen\/infektionskrankheiten-erreger-und-antikoerpernachweise\/viren\/equines-hepacivirus-eqhv\/equines-hepacivirus-eqhv-pcr\/\">Hepacivirus (EqHV) - PCR<\/a><\/li><\/div><\/div>[\/vc_column_text][\/vc_column][\/vc_row][vc_row type=&#187;vc_default&#187; css=&#187;.vc_custom_1612016057265{margin-top: 30px !important;}&#187;][vc_column][vc_column_text css=&#187;.vc_custom_1727174888120{margin-top: 20px !important;}&#187;]<\/p>\n<h3>Allgemeine Informationen<\/h3>\n<p>Hepaciviren geh\u00f6ren zu den Flaviviridae. Das <strong>equine Hepacivirus<\/strong> wurde fr\u00fcher als non-primate Hepacivirus (NPHV) bezeichnet. Eine \u00dcbertragung erfolgt v.a. \u00fcber Blutprodukte (Plasma, Tetanus-Anti-Toxin, PMSG u.s.w.) und iatrogen sowie auch vertikal.<\/p>\n<p>Das Virus ist hepatotrop und ist mit Lebererkrankungen (Hepatitis) assoziiert. Eine Infektion kann aber auch subklinisch verlaufen.<\/p>\n<p>[\/vc_column_text][\/vc_column][\/vc_row]<\/p>\n<\/div>","protected":false},"excerpt":{"rendered":"<p>[vc_row][vc_column][vc_column_text css=&#187;&#187;][\/vc_column_text][\/vc_column][\/vc_row][vc_row][vc_column][vc_column_text][\/vc_column_text][\/vc_column][\/vc_row][vc_row type=&#187;vc_default&#187; css=&#187;.vc_custom_1612016057265{margin-top: 30px !important;}&#187;][vc_column][vc_column_text css=&#187;.vc_custom_1727174888120{margin-top: 20px !important;}&#187;] Allgemeine Informationen Hepaciviren geh\u00f6ren zu den Flaviviridae. Das equine Hepacivirus wurde fr\u00fcher als non-primate Hepacivirus (NPHV) bezeichnet. Eine \u00dcbertragung erfolgt v.a. \u00fcber Blutprodukte (Plasma, Tetanus-Anti-Toxin, PMSG u.s.w.) und iatrogen sowie auch vertikal. Das Virus ist hepatotrop und ist mit Lebererkrankungen (Hepatitis) assoziiert. Eine Infektion kann aber&hellip;<\/p>\n","protected":false},"author":10,"featured_media":0,"parent":1332774,"menu_order":170,"comment_status":"closed","ping_status":"closed","template":"","meta":{"_seopress_robots_primary_cat":"","_seopress_titles_title":"","_seopress_titles_desc":"","_seopress_robots_index":"","footnotes":""},"class_list":["post-1486724","page","type-page","status-publish","hentry","description-off"],"_links":{"self":[{"href":"https:\/\/laboklin.de\/de-ch\/wp-json\/wp\/v2\/pages\/1486724","targetHints":{"allow":["GET"]}}],"collection":[{"href":"https:\/\/laboklin.de\/de-ch\/wp-json\/wp\/v2\/pages"}],"about":[{"href":"https:\/\/laboklin.de\/de-ch\/wp-json\/wp\/v2\/types\/page"}],"author":[{"embeddable":true,"href":"https:\/\/laboklin.de\/de-ch\/wp-json\/wp\/v2\/users\/10"}],"replies":[{"embeddable":true,"href":"https:\/\/laboklin.de\/de-ch\/wp-json\/wp\/v2\/comments?post=1486724"}],"version-history":[{"count":2,"href":"https:\/\/laboklin.de\/de-ch\/wp-json\/wp\/v2\/pages\/1486724\/revisions"}],"predecessor-version":[{"id":1486729,"href":"https:\/\/laboklin.de\/de-ch\/wp-json\/wp\/v2\/pages\/1486724\/revisions\/1486729"}],"up":[{"embeddable":true,"href":"https:\/\/laboklin.de\/de-ch\/wp-json\/wp\/v2\/pages\/1332774"}],"wp:attachment":[{"href":"https:\/\/laboklin.de\/de-ch\/wp-json\/wp\/v2\/media?parent=1486724"}],"curies":[{"name":"wp","href":"https:\/\/api.w.org\/{rel}","templated":true}]}}