{"id":1485813,"date":"2024-09-18T20:34:53","date_gmt":"2024-09-18T18:34:53","guid":{"rendered":"https:\/\/laboklin.de\/?page_id=1485813"},"modified":"2025-01-31T09:35:06","modified_gmt":"2025-01-31T08:35:06","slug":"brucella-canis-ak-ifat","status":"publish","type":"page","link":"https:\/\/laboklin.de\/de-ch\/leistungen\/infektionskrankheiten-erreger-und-antikoerpernachweise\/bakterien\/brucellen\/brucella-canis-ak-ifat\/","title":{"rendered":"Brucella canis &#8211; AK (IFAT)"},"content":{"rendered":"<h3 class=\"csc-firstHeader\">Brucella canis - Antik\u00f6rper (IFAT)<\/h3><p><span>LABOKLIN Leistungs-ID: 1166<\/span><\/p><table class=\"tx-laboklinleistung-table contenttable contenttable-2\" style=\"margin-top: 35px;\"><tr><td class=\"td-0\"><strong>Material<\/strong><\/td><td class=\"td-1\"><p class=\"bodytext\">Serum  1 ml<\/p><\/td><\/tr><tr><td class=\"td-0\"><strong>Methode<\/strong><\/td><td class=\"td-1\"><p class=\"bodytext\">IFAT<\/p><\/td><\/tr><tr><td class=\"td-0\"><strong>Dauer<\/strong><\/td><td class=\"td-1\"><p class=\"bodytext\">1 Tag<\/p><\/td><\/tr><tr><td class=\"td-0\"><strong>Anmerkung<\/strong><\/td><td class=\"td-1\"><p class=\"bodytext\"><ul><li>F\u00fcr die Einreise in au\u00dfereurop\u00e4ische L\u00e4nder wird h\u00e4ufig der Agglutinationstest (Leistungsnummer 2069) gefordert.<\/li><li>Es k\u00f6nnen beim Antik\u00f6rpernachweis Kreuzreaktionen mit anderen gramnegativen Bakterien z. B. Yersinia enterocolitica zu falsch positiven Ergebnissen f\u00fchren.<\/li><ul><\/p><\/td><\/tr><\/table>\n","protected":false},"excerpt":{"rendered":"<p>Brucella canis &#8211; Antik\u00f6rper (IFAT)LABOKLIN Leistungs-ID: 1166MaterialSerum 1 mlMethodeIFATDauer1 TagAnmerkungF\u00fcr die Einreise in au\u00dfereurop\u00e4ische L\u00e4nder wird h\u00e4ufig der Agglutinationstest (Leistungsnummer 2069) gefordert.Es k\u00f6nnen beim Antik\u00f6rpernachweis Kreuzreaktionen mit anderen gramnegativen Bakterien z. B. Yersinia enterocolitica zu falsch positiven Ergebnissen f\u00fchren.<\/p>\n","protected":false},"author":10,"featured_media":0,"parent":1333046,"menu_order":2,"comment_status":"closed","ping_status":"closed","template":"","meta":{"_seopress_robots_primary_cat":"","_seopress_titles_title":"","_seopress_titles_desc":"","_seopress_robots_index":"","footnotes":""},"class_list":["post-1485813","page","type-page","status-publish","hentry","description-off"],"_links":{"self":[{"href":"https:\/\/laboklin.de\/de-ch\/wp-json\/wp\/v2\/pages\/1485813","targetHints":{"allow":["GET"]}}],"collection":[{"href":"https:\/\/laboklin.de\/de-ch\/wp-json\/wp\/v2\/pages"}],"about":[{"href":"https:\/\/laboklin.de\/de-ch\/wp-json\/wp\/v2\/types\/page"}],"author":[{"embeddable":true,"href":"https:\/\/laboklin.de\/de-ch\/wp-json\/wp\/v2\/users\/10"}],"replies":[{"embeddable":true,"href":"https:\/\/laboklin.de\/de-ch\/wp-json\/wp\/v2\/comments?post=1485813"}],"version-history":[{"count":1,"href":"https:\/\/laboklin.de\/de-ch\/wp-json\/wp\/v2\/pages\/1485813\/revisions"}],"predecessor-version":[{"id":1485815,"href":"https:\/\/laboklin.de\/de-ch\/wp-json\/wp\/v2\/pages\/1485813\/revisions\/1485815"}],"up":[{"embeddable":true,"href":"https:\/\/laboklin.de\/de-ch\/wp-json\/wp\/v2\/pages\/1333046"}],"wp:attachment":[{"href":"https:\/\/laboklin.de\/de-ch\/wp-json\/wp\/v2\/media?parent=1485813"}],"curies":[{"name":"wp","href":"https:\/\/api.w.org\/{rel}","templated":true}]}}