{"id":1484976,"date":"2024-09-13T10:29:53","date_gmt":"2024-09-13T08:29:53","guid":{"rendered":"https:\/\/laboklin.de\/?page_id=1484976"},"modified":"2025-02-05T10:55:27","modified_gmt":"2025-02-05T09:55:27","slug":"immunglobulin-a-sekretorisches-siga","status":"publish","type":"page","link":"https:\/\/laboklin.de\/de-ch\/leistungen\/mikrobiologie-parasitologie\/untersuchungen-bei-verdauungsstoerungen-und-diarrhoee\/erfassung-eines-entzuendlich-exsudativen-geschehens\/immunglobulin-a-sekretorisches-siga\/","title":{"rendered":"Immunglobulin A, sekretorisches (sIgA)"},"content":{"rendered":"<h3 class=\"csc-firstHeader\">Immunglobulin A, sekretorisches (sIgA)<\/h3><p><span>LABOKLIN Leistungs-ID: 284<\/span><\/p><p class=\"bodytext\"><br>schleimhautassoziierter Entz\u00fcndungsparameter<\/p><table class=\"tx-laboklinleistung-table contenttable contenttable-2\" style=\"margin-top: 35px;\"><tr><td class=\"td-0\"><strong>Material<\/strong><\/td><td class=\"td-1\"><p class=\"bodytext\">Faeces<\/p><\/td><\/tr><tr><td class=\"td-0\"><strong>Methode<\/strong><\/td><td class=\"td-1\"><p class=\"bodytext\">ELISA<\/p><\/td><\/tr><tr><td class=\"td-0\"><strong>Tierart(en)<\/strong><\/td><td class=\"td-1\"><p class=\"bodytext\">Hund, Katze<\/p><\/td><\/tr><tr><td class=\"td-0\"><strong>Anmerkung<\/strong><\/td><td class=\"td-1\"><p class=\"bodytext\"><ul><li>sIgA sch\u00fctzt als Bestandteil des adaptiven und Schleimhaut-assoziierten Immunsystems vor Infektionen. Bei chronisch-entz\u00fcndlichen Darmerkrankungen, rezidivierenden Infekten und Atopien k\u00f6nnen verringerte sIgA-Konzentrationen vorliegen. Erh\u00f6hte Konzentrationen deuten auf eine gesteigerte Immunantwort hin, um z. B. Enteropathogene oder Nahrungsmittelallergene abzuwehren.<\/li> <li>Das sIgA ist auch Bestandteil des Dysbioseprofils (siehe Profile\/Screenings \u2013 Kleintiere \/ Kotprofile).<\/li><\/ul><\/p><\/td><\/tr><\/table>\n","protected":false},"excerpt":{"rendered":"<p>Immunglobulin A, sekretorisches (sIgA)LABOKLIN Leistungs-ID: 284schleimhautassoziierter Entz\u00fcndungsparameterMaterialFaecesMethodeELISATierart(en)Hund, KatzeAnmerkungsIgA sch\u00fctzt als Bestandteil des adaptiven und Schleimhaut-assoziierten Immunsystems vor Infektionen. Bei chronisch-entz\u00fcndlichen Darmerkrankungen, rezidivierenden Infekten und Atopien k\u00f6nnen verringerte sIgA-Konzentrationen vorliegen. Erh\u00f6hte Konzentrationen deuten auf eine gesteigerte Immunantwort hin, um z. B. Enteropathogene oder Nahrungsmittelallergene abzuwehren. Das sIgA ist auch Bestandteil des Dysbioseprofils (siehe Profile\/Screenings \u2013 Kleintiere&hellip;<\/p>\n","protected":false},"author":10,"featured_media":0,"parent":1333234,"menu_order":0,"comment_status":"closed","ping_status":"closed","template":"","meta":{"_seopress_robots_primary_cat":"","_seopress_titles_title":"","_seopress_titles_desc":"","_seopress_robots_index":"","footnotes":""},"class_list":["post-1484976","page","type-page","status-publish","hentry","description-off"],"_links":{"self":[{"href":"https:\/\/laboklin.de\/de-ch\/wp-json\/wp\/v2\/pages\/1484976","targetHints":{"allow":["GET"]}}],"collection":[{"href":"https:\/\/laboklin.de\/de-ch\/wp-json\/wp\/v2\/pages"}],"about":[{"href":"https:\/\/laboklin.de\/de-ch\/wp-json\/wp\/v2\/types\/page"}],"author":[{"embeddable":true,"href":"https:\/\/laboklin.de\/de-ch\/wp-json\/wp\/v2\/users\/10"}],"replies":[{"embeddable":true,"href":"https:\/\/laboklin.de\/de-ch\/wp-json\/wp\/v2\/comments?post=1484976"}],"version-history":[{"count":2,"href":"https:\/\/laboklin.de\/de-ch\/wp-json\/wp\/v2\/pages\/1484976\/revisions"}],"predecessor-version":[{"id":1491729,"href":"https:\/\/laboklin.de\/de-ch\/wp-json\/wp\/v2\/pages\/1484976\/revisions\/1491729"}],"up":[{"embeddable":true,"href":"https:\/\/laboklin.de\/de-ch\/wp-json\/wp\/v2\/pages\/1333234"}],"wp:attachment":[{"href":"https:\/\/laboklin.de\/de-ch\/wp-json\/wp\/v2\/media?parent=1484976"}],"curies":[{"name":"wp","href":"https:\/\/api.w.org\/{rel}","templated":true}]}}