{"id":1484889,"date":"2024-09-12T18:41:57","date_gmt":"2024-09-12T16:41:57","guid":{"rendered":"https:\/\/laboklin.de\/?page_id=1484889"},"modified":"2025-02-25T13:35:16","modified_gmt":"2025-02-25T12:35:16","slug":"tiger-eye","status":"publish","type":"page","link":"https:\/\/laboklin.de\/de-ch\/leistungen\/genetik\/fellfarbe-haarstruktur\/pferd\/tiger-eye\/","title":{"rendered":"Tiger eye*"},"content":{"rendered":"<h3 class=\"csc-firstHeader\">Tiger eye*<\/h3><p><span>LABOKLIN Leistungs-ID: 8843<\/span><\/p><p class=\"bodytext\">Tiger Eye ist eine aufgehellte Irisfarbe, die bei puerto-ricanischen Paso Fino-Pferden vorkommt. Im Gegensatz zu den braunen Augen der meisten Pferde ist das \"Tigerauge\" durch eine gelbe, bernsteinfarbene oder leuchtend orange Farbe gekennzeichnet. Forscher des Veterinary Genetics Laboratory untersuchten die genetischen Grundlagen dieses Ph\u00e4notyps und identifizierten zwei Varianten im Gen SLC24A5, die f\u00fcr Tiger Eye verantwortlich sind: Tiger Eye 1 (TE1) im Exon 2 und Tiger Eye 2 (TE2) im Exon 7. Der Tiger Eye-Ph\u00e4notyp wird als rezessives Merkmal vererbt. Pferde mit Tiger Eye sind am h\u00e4ufigsten homozygot (zwei Kopien) f\u00fcr die TE1-Variante (TE1\/TE1). Einige Tiger Eye-Pferde sind compound heterozygot (je eine Kopie) f\u00fcr beide Varianten (TE1\/TE2). Pferde mit dem Genotyp (TE2\/TE2) sind selten; der eine dokumentierte Fall hatte eine sehr hellgelbe\/blaue Irisfarbe. Im Gegensatz zur Verd\u00fcnnung der Irisfarbe, die mit den creme- und champagnerfarbenen Mutationen verbunden ist, scheint es keinen Zusammenhang zwischen Tiger Eye und verd\u00fcnnter Fellpigmentierung zu geben. Der Tiger Eye-Ph\u00e4notyp wurde bei allen drei nicht verd\u00fcnnten Grundfarben des Fells (Schwarz, Rotbraun und Kastanienbraun) und sowohl bei m\u00e4nnlichen als auch bei weiblichen Tieren beobachtet. Obwohl TE1 und TE2 bisher nur bei Paso Finos nachgewiesen wurden, ist es m\u00f6glich, dass diese Varianten die hellere Augenfarbe bei eng verwandten Rassen erkl\u00e4ren k\u00f6nnen.<\/p><table class=\"tx-laboklinleistung-table contenttable contenttable-2\" style=\"margin-top: 35px;\"><tr><td class=\"td-0\"><strong>Material<\/strong><\/td><td class=\"td-1\"><p class=\"bodytext\">nur M\u00e4hnen-\/Schweifhaare<\/p><\/td><\/tr><tr><td class=\"td-0\"><strong>Methode<\/strong><\/td><td class=\"td-1\"><p class=\"bodytext\">Partnerlabor<\/p><\/td><\/tr><tr><td class=\"td-0\"><strong>Rasse<\/strong><\/td><td class=\"td-1\"><p class=\"bodytext\">Paso Fino<\/p><\/td><\/tr><tr><td class=\"td-0\"><strong>Erbgang<\/strong><\/td><td class=\"td-1\"><p class=\"bodytext\">autosomal-rezessiv<\/p><\/td><\/tr><tr><td class=\"td-0\"><strong>Dauer<\/strong><\/td><td class=\"td-1\"><p class=\"bodytext\">4 - 6 Wochen nach Erhalt der Probe<\/p><\/td><\/tr><\/table>\n","protected":false},"excerpt":{"rendered":"<p>Tiger eye*LABOKLIN Leistungs-ID: 8843Tiger Eye ist eine aufgehellte Irisfarbe, die bei puerto-ricanischen Paso Fino-Pferden vorkommt. Im Gegensatz zu den braunen Augen der meisten Pferde ist das &#171;Tigerauge&#187; durch eine gelbe, bernsteinfarbene oder leuchtend orange Farbe gekennzeichnet. Forscher des Veterinary Genetics Laboratory untersuchten die genetischen Grundlagen dieses Ph\u00e4notyps und identifizierten zwei Varianten im Gen SLC24A5, die&hellip;<\/p>\n","protected":false},"author":18,"featured_media":0,"parent":1332723,"menu_order":20,"comment_status":"closed","ping_status":"closed","template":"","meta":{"_seopress_robots_primary_cat":"","_seopress_titles_title":"","_seopress_titles_desc":"","_seopress_robots_index":"","footnotes":""},"class_list":["post-1484889","page","type-page","status-publish","hentry","description-off"],"_links":{"self":[{"href":"https:\/\/laboklin.de\/de-ch\/wp-json\/wp\/v2\/pages\/1484889","targetHints":{"allow":["GET"]}}],"collection":[{"href":"https:\/\/laboklin.de\/de-ch\/wp-json\/wp\/v2\/pages"}],"about":[{"href":"https:\/\/laboklin.de\/de-ch\/wp-json\/wp\/v2\/types\/page"}],"author":[{"embeddable":true,"href":"https:\/\/laboklin.de\/de-ch\/wp-json\/wp\/v2\/users\/18"}],"replies":[{"embeddable":true,"href":"https:\/\/laboklin.de\/de-ch\/wp-json\/wp\/v2\/comments?post=1484889"}],"version-history":[{"count":1,"href":"https:\/\/laboklin.de\/de-ch\/wp-json\/wp\/v2\/pages\/1484889\/revisions"}],"predecessor-version":[{"id":1484891,"href":"https:\/\/laboklin.de\/de-ch\/wp-json\/wp\/v2\/pages\/1484889\/revisions\/1484891"}],"up":[{"embeddable":true,"href":"https:\/\/laboklin.de\/de-ch\/wp-json\/wp\/v2\/pages\/1332723"}],"wp:attachment":[{"href":"https:\/\/laboklin.de\/de-ch\/wp-json\/wp\/v2\/media?parent=1484889"}],"curies":[{"name":"wp","href":"https:\/\/api.w.org\/{rel}","templated":true}]}}