{"id":1484865,"date":"2024-09-12T17:57:05","date_gmt":"2024-09-12T15:57:05","guid":{"rendered":"https:\/\/laboklin.de\/?page_id=1484865"},"modified":"2025-10-23T12:18:23","modified_gmt":"2025-10-23T10:18:23","slug":"synchrogait-dmrt3","status":"publish","type":"page","link":"https:\/\/laboklin.de\/de-ch\/leistungen\/genetik\/performance\/pferd\/synchrogait-dmrt3\/","title":{"rendered":"SynchroGait (DMRT3)*"},"content":{"rendered":"<div class=\"wpb-content-wrapper\"><p>[vc_row][vc_column][vc_column_text css=&#187;&#187;]<h3 class=\"csc-firstHeader\">SynchroGait (DMRT3)*<\/h3><p><span>LABOKLIN Leistungs-ID: 8855<\/span><\/p><p class=\"bodytext\">SynchroGait ist ein diagnostischer DNA-Test f\u00fcr eine genetische Variante (A), die einen gro\u00dfen Einfluss auf den Gang und die Koordination von Pferden hat. Die Mutation erleichtert eine laterale Fu\u00dfabfolge, die Grundvoraussetzung ist f\u00fcr den Pass, und hemmt den \u00dcbergang vom Trab oder Pass zum Galopp. Die Variante A wurde als ein wichtiger genetischer Faktor f\u00fcr die Leistung bei Trabrennpferden identifiziert sowie f\u00fcr die F\u00e4higkeit zum Rennpass bei Islandpferden.<br \/>\nMit SynchroGait k\u00f6nnen Besitzer die angeborene F\u00e4higkeit junger Pferde zur Gangleistung erkennen, was Entscheidungen \u00fcber Investitionen in die zuk\u00fcnftige Ausbildung erleichtert. Das Testen von Zuchttieren erm\u00f6glicht es den Z\u00fcchtern, wahrscheinliche Genotypen der Nachkommen vorherzusagen und optimale Partner auszuw\u00e4hlen, um die Produktion von Fohlen mit der Gangvariante zu maximieren. Bei Rassen, die f\u00fcr die Dressur oder das Springen verwendet werden, bei denen der Passgang eine unerw\u00fcnschte Eigenschaft ist, kann SynchroGait verwendet werden, um die Variante zu eliminieren.<br \/>\nVorteile der Variante A bei den Gangarten sind:<br \/>\nVollbl\u00fcter: AA-Pferde sind h\u00e4ufiger professionell bei Trabrennen im Einsatz; Sie verdienen mehr Geld und haben einen h\u00f6heren Zuchtwert f\u00fcr die Rennleistung als CA- und CC-Pferde. Der SynchroGait-Test eignet sich besonders f\u00fcr Pferde aus franz\u00f6sischen Vollblutlinien.<br \/>\nKaltbl\u00fcter: Das Vorhandensein der A-Variante korreliert mit der Trabtechnik. AA-Pferde haben ein nat\u00fcrliches Talent f\u00fcr Pass und eine ausgezeichnete Beinkoordination im Trab bei hoher Geschwindigkeit.<br \/>\nIslandpferde: AA-Pferde haben eine genetische Veranlagung, f\u00fcnf Gangarten auszuf\u00fchren (Schritt, T\u00f6lt, Trab, Pass und Galopp). CA- und CC-Pferde f\u00fchren mit gr\u00f6\u00dferer Wahrscheinlichkeit nur vier Gangarten (Schritt, T\u00f6lt, Trab und Galopp) aus, wobei CC-Pferde sich bei der Erlernung des T\u00f6lts gerade zu Beginn der Ausbildung schwer tun k\u00f6nnen.<br \/>\n<\/p><table class=\"tx-laboklinleistung-table contenttable contenttable-2\" style=\"margin-top: 35px;\"><tr><td class=\"td-0\"><strong>Methode<\/strong><\/td><td class=\"td-1\"><p class=\"bodytext\">Sequenzierung<\/p><\/td><\/tr><tr><td class=\"td-0\"><strong>Rasse<\/strong><\/td><td class=\"td-1\"><p class=\"bodytext\">American Bashkir Curly Horse, American Miniature Horse, American Saddlebred, Appaloosa, Islandpferd, Kentucky Mountain Saddle Horse, Mangalarga Marchador, Missouri Foxtrotter, Morgan, Paint Horse, Paso Fino, Paso Peruano, Quarter Horse, Skandinavischer Kaltbluttraber, Tennessee Walking Horse, Traber<\/p><\/td><\/tr><tr><td class=\"td-0\"><strong>Dauer<\/strong><\/td><td class=\"td-1\"><p class=\"bodytext\">1 - 2 Wochen nach Erhalt der Probe<\/p><\/td><\/tr><\/table><\/p>\n<div class=\"gap\" style=\"line-height: 20px; height: 20px;\"><\/div>\n<p>* Partnerlabor[\/vc_column_text][\/vc_column][\/vc_row]<\/p>\n<\/div>","protected":false},"excerpt":{"rendered":"<p>[vc_row][vc_column][vc_column_text css=&#187;&#187;] * Partnerlabor[\/vc_column_text][\/vc_column][\/vc_row]<\/p>\n","protected":false},"author":18,"featured_media":0,"parent":1332733,"menu_order":1,"comment_status":"closed","ping_status":"closed","template":"","meta":{"_seopress_robots_primary_cat":"","_seopress_titles_title":"","_seopress_titles_desc":"","_seopress_robots_index":"","footnotes":""},"class_list":["post-1484865","page","type-page","status-publish","hentry","description-off"],"_links":{"self":[{"href":"https:\/\/laboklin.de\/de-ch\/wp-json\/wp\/v2\/pages\/1484865","targetHints":{"allow":["GET"]}}],"collection":[{"href":"https:\/\/laboklin.de\/de-ch\/wp-json\/wp\/v2\/pages"}],"about":[{"href":"https:\/\/laboklin.de\/de-ch\/wp-json\/wp\/v2\/types\/page"}],"author":[{"embeddable":true,"href":"https:\/\/laboklin.de\/de-ch\/wp-json\/wp\/v2\/users\/18"}],"replies":[{"embeddable":true,"href":"https:\/\/laboklin.de\/de-ch\/wp-json\/wp\/v2\/comments?post=1484865"}],"version-history":[{"count":2,"href":"https:\/\/laboklin.de\/de-ch\/wp-json\/wp\/v2\/pages\/1484865\/revisions"}],"predecessor-version":[{"id":1569667,"href":"https:\/\/laboklin.de\/de-ch\/wp-json\/wp\/v2\/pages\/1484865\/revisions\/1569667"}],"up":[{"embeddable":true,"href":"https:\/\/laboklin.de\/de-ch\/wp-json\/wp\/v2\/pages\/1332733"}],"wp:attachment":[{"href":"https:\/\/laboklin.de\/de-ch\/wp-json\/wp\/v2\/media?parent=1484865"}],"curies":[{"name":"wp","href":"https:\/\/api.w.org\/{rel}","templated":true}]}}