{"id":1484838,"date":"2024-09-12T17:18:49","date_gmt":"2024-09-12T15:18:49","guid":{"rendered":"https:\/\/laboklin.de\/?page_id=1484838"},"modified":"2025-02-25T12:34:43","modified_gmt":"2025-02-25T11:34:43","slug":"hereditary-junctional-epidermolysis-bullosa-jeb2","status":"publish","type":"page","link":"https:\/\/laboklin.de\/de-ch\/leistungen\/genetik\/erbkrankheiten\/pferd\/hereditary-junctional-epidermolysis-bullosa-jeb2\/","title":{"rendered":"Hereditary junctional epidermolysis bullosa (JEB2)*"},"content":{"rendered":"<h3 class=\"csc-firstHeader\">Junctional epidermolysis bullosa (JEB2)*<\/h3><p><span>LABOKLIN Leistungs-ID: 8844<\/span><\/p><p class=\"bodytext\">JEB (Junctional epidermolysis bullosa) ist eine t\u00f6dliche Hauterkrankung beim Pferd. Beim Menschen ist sie auch unter dem Namen Herlitz-Defekt bekannt. Betroffene Fohlen verlieren kurz nach der Geburt Hautteile an Kopf, Hals und Rumpf. Ein weiteres Symptom ist das Abl\u00f6sen von Hufhorn von der Huflederhaut. Der Zustand verschlechtert sich mit der Zeit und das Fohlen erliegt schlie\u00dflich einer schweren Sekund\u00e4rinfektion oder muss eingeschl\u00e4fert werden.<\/p><table class=\"tx-laboklinleistung-table contenttable contenttable-2\" style=\"margin-top: 35px;\"><tr><td class=\"td-0\"><strong>Material<\/strong><\/td><td class=\"td-1\"><p class=\"bodytext\">nur M\u00e4hnen-\/Schweifhaare<\/p><\/td><\/tr><tr><td class=\"td-0\"><strong>Methode<\/strong><\/td><td class=\"td-1\"><p class=\"bodytext\">Partnerlabor<\/p><\/td><\/tr><tr><td class=\"td-0\"><strong>Rasse<\/strong><\/td><td class=\"td-1\"><p class=\"bodytext\">American Saddlebred<\/p><\/td><\/tr><tr><td class=\"td-0\"><strong>Erbgang<\/strong><\/td><td class=\"td-1\"><p class=\"bodytext\">autosomal-rezessiv<\/p><\/td><\/tr><tr><td class=\"td-0\"><strong>Dauer<\/strong><\/td><td class=\"td-1\"><p class=\"bodytext\">4 - 6 Wochen nach Erhalt der Probe<\/p><\/td><\/tr><\/table>\n","protected":false},"excerpt":{"rendered":"<p>Junctional epidermolysis bullosa (JEB2)*LABOKLIN Leistungs-ID: 8844JEB (Junctional epidermolysis bullosa) ist eine t\u00f6dliche Hauterkrankung beim Pferd. Beim Menschen ist sie auch unter dem Namen Herlitz-Defekt bekannt. Betroffene Fohlen verlieren kurz nach der Geburt Hautteile an Kopf, Hals und Rumpf. Ein weiteres Symptom ist das Abl\u00f6sen von Hufhorn von der Huflederhaut. Der Zustand verschlechtert sich mit der&hellip;<\/p>\n","protected":false},"author":18,"featured_media":0,"parent":1332709,"menu_order":11,"comment_status":"closed","ping_status":"closed","template":"","meta":{"_seopress_robots_primary_cat":"","_seopress_titles_title":"","_seopress_titles_desc":"","_seopress_robots_index":"","footnotes":""},"class_list":["post-1484838","page","type-page","status-publish","hentry","description-off"],"_links":{"self":[{"href":"https:\/\/laboklin.de\/de-ch\/wp-json\/wp\/v2\/pages\/1484838","targetHints":{"allow":["GET"]}}],"collection":[{"href":"https:\/\/laboklin.de\/de-ch\/wp-json\/wp\/v2\/pages"}],"about":[{"href":"https:\/\/laboklin.de\/de-ch\/wp-json\/wp\/v2\/types\/page"}],"author":[{"embeddable":true,"href":"https:\/\/laboklin.de\/de-ch\/wp-json\/wp\/v2\/users\/18"}],"replies":[{"embeddable":true,"href":"https:\/\/laboklin.de\/de-ch\/wp-json\/wp\/v2\/comments?post=1484838"}],"version-history":[{"count":1,"href":"https:\/\/laboklin.de\/de-ch\/wp-json\/wp\/v2\/pages\/1484838\/revisions"}],"predecessor-version":[{"id":1484839,"href":"https:\/\/laboklin.de\/de-ch\/wp-json\/wp\/v2\/pages\/1484838\/revisions\/1484839"}],"up":[{"embeddable":true,"href":"https:\/\/laboklin.de\/de-ch\/wp-json\/wp\/v2\/pages\/1332709"}],"wp:attachment":[{"href":"https:\/\/laboklin.de\/de-ch\/wp-json\/wp\/v2\/media?parent=1484838"}],"curies":[{"name":"wp","href":"https:\/\/api.w.org\/{rel}","templated":true}]}}