{"id":1484793,"date":"2024-09-12T12:09:02","date_gmt":"2024-09-12T10:09:02","guid":{"rendered":"https:\/\/laboklin.de\/?page_id=1484793"},"modified":"2025-01-29T11:19:00","modified_gmt":"2025-01-29T10:19:00","slug":"speichelcortisol-suppressionstest","status":"publish","type":"page","link":"https:\/\/laboklin.de\/de-ch\/leistungen\/haematologie-klin-chemie-endokrinologie\/funktionstests-berechnungsformeln\/speichelcortisol-suppressionstest\/","title":{"rendered":"Speichelcortisol-Suppressionstest"},"content":{"rendered":"<h3 class=\"csc-firstHeader\">Speichelcortisol-Suppressionstest<\/h3><p><span>LABOKLIN Leistungs-ID: 1320<\/span><\/p><table class=\"tx-laboklinleistung-table contenttable contenttable-2\" style=\"margin-top: 35px;\"><tr><td class=\"td-0\"><strong>Diagnose<\/strong><\/td><td class=\"td-1\"><p class=\"bodytext\">Verdacht auf Cushing-Syndrom, adrenerg\/hypophys\u00e4r<\/p><\/td><\/tr><tr><td class=\"td-0\"><strong>Material<\/strong><\/td><td class=\"td-1\"><p class=\"bodytext\">Saliva 3 x 0,1 ml (Probengef\u00e4\u00dfe (Salivetten\u00ae) werden gestellt)<\/p><\/td><\/tr><tr><td class=\"td-0\"><strong>Testdurchf&uuml;hrung<\/strong><\/td><td class=\"td-1\"><p><ul><li>1. Speichelprobenentnahme Basalcortisolmessung<\/li><li>Injektion von 0,1 mg\/kg KGW Dexamethason i.m. (i.v.) (High-Dose-Dexamethason-Suppressionstest)<\/li><li>2. Speichelprobenentnahme nach 4 Stdn.<\/li><li>3. Speichelprobenentnahme nach 8 Stdn.<\/li><\/ul><\/p><\/td><\/tr><tr><td class=\"td-0\"><strong>Parameter<\/strong><\/td><td class=\"td-1\"><p class=\"bodytext\">Cortisol<\/p><\/td><\/tr><tr><td class=\"td-0\"><strong>Methode<\/strong><\/td><td class=\"td-1\"><p class=\"bodytext\">Enzym Linked Immunosorbent Assay (ELISA)<\/p><\/td><\/tr><tr><td class=\"td-0\"><strong>Tierart(en)<\/strong><\/td><td class=\"td-1\"><p class=\"bodytext\">Meerschweinchen<\/p><\/td><\/tr><tr><td class=\"td-0\"><strong>Dauer<\/strong><\/td><td class=\"td-1\"><p class=\"bodytext\">3-5 Arbeitstage<\/p><\/td><\/tr><tr><td class=\"td-0\"><strong>Bewertung<\/strong><\/td><td class=\"td-1\"><p><ul><li>hypophys\u00e4rer Cushing und\/oder bilaterale Nebennierenhyperplasie: ad\u00e4quate Suppression, wie beim Hund, nach 4 Stdn., dann wieder ansteigend<\/li><li>adrenerger Cushing: keine Suppression<\/li><\/ul><\/p><\/td><\/tr><\/table>\n","protected":false},"excerpt":{"rendered":"<p>Speichelcortisol-SuppressionstestLABOKLIN Leistungs-ID: 1320DiagnoseVerdacht auf Cushing-Syndrom, adrenerg\/hypophys\u00e4rMaterialSaliva 3 x 0,1 ml (Probengef\u00e4\u00dfe (Salivetten\u00ae) werden gestellt)Testdurchf&uuml;hrung1. Speichelprobenentnahme BasalcortisolmessungInjektion von 0,1 mg\/kg KGW Dexamethason i.m. (i.v.) (High-Dose-Dexamethason-Suppressionstest)2. Speichelprobenentnahme nach 4 Stdn.3. Speichelprobenentnahme nach 8 Stdn.ParameterCortisolMethodeEnzym Linked Immunosorbent Assay (ELISA)Tierart(en)MeerschweinchenDauer3-5 ArbeitstageBewertunghypophys\u00e4rer Cushing und\/oder bilaterale Nebennierenhyperplasie: ad\u00e4quate Suppression, wie beim Hund, nach 4 Stdn., dann wieder ansteigendadrenerger Cushing: keine Suppression<\/p>\n","protected":false},"author":10,"featured_media":0,"parent":1332765,"menu_order":9,"comment_status":"closed","ping_status":"closed","template":"","meta":{"_seopress_robots_primary_cat":"","_seopress_titles_title":"","_seopress_titles_desc":"","_seopress_robots_index":"","footnotes":""},"class_list":["post-1484793","page","type-page","status-publish","hentry","description-off"],"_links":{"self":[{"href":"https:\/\/laboklin.de\/de-ch\/wp-json\/wp\/v2\/pages\/1484793","targetHints":{"allow":["GET"]}}],"collection":[{"href":"https:\/\/laboklin.de\/de-ch\/wp-json\/wp\/v2\/pages"}],"about":[{"href":"https:\/\/laboklin.de\/de-ch\/wp-json\/wp\/v2\/types\/page"}],"author":[{"embeddable":true,"href":"https:\/\/laboklin.de\/de-ch\/wp-json\/wp\/v2\/users\/10"}],"replies":[{"embeddable":true,"href":"https:\/\/laboklin.de\/de-ch\/wp-json\/wp\/v2\/comments?post=1484793"}],"version-history":[{"count":1,"href":"https:\/\/laboklin.de\/de-ch\/wp-json\/wp\/v2\/pages\/1484793\/revisions"}],"predecessor-version":[{"id":1484795,"href":"https:\/\/laboklin.de\/de-ch\/wp-json\/wp\/v2\/pages\/1484793\/revisions\/1484795"}],"up":[{"embeddable":true,"href":"https:\/\/laboklin.de\/de-ch\/wp-json\/wp\/v2\/pages\/1332765"}],"wp:attachment":[{"href":"https:\/\/laboklin.de\/de-ch\/wp-json\/wp\/v2\/media?parent=1484793"}],"curies":[{"name":"wp","href":"https:\/\/api.w.org\/{rel}","templated":true}]}}