{"id":1482383,"date":"2024-08-22T14:08:58","date_gmt":"2024-08-22T12:08:58","guid":{"rendered":"https:\/\/laboklin.de\/?page_id=1482383"},"modified":"2025-01-29T12:55:27","modified_gmt":"2025-01-29T11:55:27","slug":"cumarin-aktivitaet","status":"publish","type":"page","link":"https:\/\/laboklin.de\/de-ch\/leistungen\/vitamine-medikamentenspiegel-vergiftungen\/vergiftungsnachweis\/cumarin-aktivitaet\/","title":{"rendered":"Cumarin-Aktivit\u00e4t"},"content":{"rendered":"<h3 class=\"csc-firstHeader\">Cumarin-Aktivit\u00e4t<\/h3><p><span>LABOKLIN Leistungs-ID: 511<\/span><\/p><p class=\"bodytext\">Vitamin-K1 wird f\u00fcr die Bildung von aktiven Gerinnungsfaktoren ben\u00f6tigt. Bei Vergiftungsverdacht mit Cumarinen sollte eine Versorgung mit Vitamin-K1 sichergestellt werden, der Serum-Spiegel von Vitamin-K1 wird mit diesem Test bestimmt.<br><br \/>\nVitamin-K1-Epoxid ist die inaktive Form von Vit-K1. Durch Cumarine wird in der Leber die Regeneration von Vit-K1-Epoxid zu Vit-K1 gehemmt. Durch den Nachweis des Anstiegs von Vitamin-K1-Epoxid im Serum mit diesem Test kann indirekt die Aktivit\u00e4t von Cumarinen in der Leber erfasst werden. Eine Vergiftung l\u00e4sst sich so best\u00e4tigen bzw. kontrollieren, ob die Gifte bereits abgebaut wurden und so keine Vitamin-K1-Supplementation mehr n\u00f6tig ist.<\/p><table class=\"tx-laboklinleistung-table contenttable contenttable-2\" style=\"margin-top: 35px;\"><tr><td class=\"td-0\"><strong>Material<\/strong><\/td><td class=\"td-1\"><p class=\"bodytext\">Serum 0,5 ml (zeitnah nach Koagulation abzentrifugiert, abpipettiert und gek\u00fchlt)<\/p><\/td><\/tr><tr><td class=\"td-0\"><strong>Parameter<\/strong><\/td><td class=\"td-1\"><p class=\"bodytext\">Vitamin K\/Vitamin-K-Epoxid-Verh\u00e4ltnis<\/p><\/td><\/tr><tr><td class=\"td-0\"><strong>Methode<\/strong><\/td><td class=\"td-1\"><p class=\"bodytext\">Fl\u00fcssigchromatographie-Massenspektrometrie (LCMS)<\/p><\/td><\/tr><tr><td class=\"td-0\"><strong>Dauer<\/strong><\/td><td class=\"td-1\"><p class=\"bodytext\">1\u20132 Arbeitstage<\/p><\/td><\/tr><\/table>\n","protected":false},"excerpt":{"rendered":"<p>Cumarin-Aktivit\u00e4tLABOKLIN Leistungs-ID: 511Vitamin-K1 wird f\u00fcr die Bildung von aktiven Gerinnungsfaktoren ben\u00f6tigt. Bei Vergiftungsverdacht mit Cumarinen sollte eine Versorgung mit Vitamin-K1 sichergestellt werden, der Serum-Spiegel von Vitamin-K1 wird mit diesem Test bestimmt. Vitamin-K1-Epoxid ist die inaktive Form von Vit-K1. Durch Cumarine wird in der Leber die Regeneration von Vit-K1-Epoxid zu Vit-K1 gehemmt. Durch den Nachweis des&hellip;<\/p>\n","protected":false},"author":10,"featured_media":0,"parent":1332771,"menu_order":4,"comment_status":"closed","ping_status":"closed","template":"","meta":{"_seopress_robots_primary_cat":"","_seopress_titles_title":"","_seopress_titles_desc":"","_seopress_robots_index":"","footnotes":""},"class_list":["post-1482383","page","type-page","status-publish","hentry","description-off"],"_links":{"self":[{"href":"https:\/\/laboklin.de\/de-ch\/wp-json\/wp\/v2\/pages\/1482383","targetHints":{"allow":["GET"]}}],"collection":[{"href":"https:\/\/laboklin.de\/de-ch\/wp-json\/wp\/v2\/pages"}],"about":[{"href":"https:\/\/laboklin.de\/de-ch\/wp-json\/wp\/v2\/types\/page"}],"author":[{"embeddable":true,"href":"https:\/\/laboklin.de\/de-ch\/wp-json\/wp\/v2\/users\/10"}],"replies":[{"embeddable":true,"href":"https:\/\/laboklin.de\/de-ch\/wp-json\/wp\/v2\/comments?post=1482383"}],"version-history":[{"count":1,"href":"https:\/\/laboklin.de\/de-ch\/wp-json\/wp\/v2\/pages\/1482383\/revisions"}],"predecessor-version":[{"id":1482385,"href":"https:\/\/laboklin.de\/de-ch\/wp-json\/wp\/v2\/pages\/1482383\/revisions\/1482385"}],"up":[{"embeddable":true,"href":"https:\/\/laboklin.de\/de-ch\/wp-json\/wp\/v2\/pages\/1332771"}],"wp:attachment":[{"href":"https:\/\/laboklin.de\/de-ch\/wp-json\/wp\/v2\/media?parent=1482383"}],"curies":[{"name":"wp","href":"https:\/\/api.w.org\/{rel}","templated":true}]}}