{"id":1481492,"date":"2024-08-13T22:13:13","date_gmt":"2024-08-13T20:13:13","guid":{"rendered":"https:\/\/laboklin.de\/?page_id=1481492"},"modified":"2025-02-05T13:11:36","modified_gmt":"2025-02-05T12:11:36","slug":"gliederguerteldystrophie-lgmd","status":"publish","type":"page","link":"https:\/\/laboklin.de\/de-ch\/leistungen\/genetik\/erbkrankheiten\/hund\/gliederguerteldystrophie-lgmd\/","title":{"rendered":"Gliederg\u00fcrteldystrophie (LGMD)"},"content":{"rendered":"<h3 class=\"csc-firstHeader\">Gliederg\u00fcrteldystrophie (LGMD)<\/h3><p><span>LABOKLIN Leistungs-ID: 8863<\/span><\/p><p class=\"bodytext\">Die beim Menschen als Gliederg\u00fcrteldystrophie (LGMD) beschriebene Dystrophie der Schulter- und Beckeng\u00fcrtelmuskulatur kommt auch beim Dackel vor und wird hier durch eine Mutation im Gen der Sarcoglycan-Alpha-Untereinheit (SGCA) verursacht. Betroffene Hunde zeigen klinische Symptome wie Belastungsintoleranz, einen steifen Gang, fortschreitende Schw\u00e4che, eine erh\u00f6hte Ausscheidung von Myoglobin im Urin (Myoglobinurie) sowie Schwierigkeiten beim Schlucken (Dysphagie) und Lungenentz\u00fcndungen (Pneumonie). Im Serum k\u00f6nnen anhaltend deutlich erh\u00f6hte Kreatinkinase-Aktivit\u00e4ten gemessen werden. Die Symptome traten bei jungen erwachsenen Tieren etwa ab dem Alter von 7-17 Monaten auf. Muskelzellen in Biopsien waren dystrophisch. Immunf\u00e4rbungen und die Western-Blot-Analyse von alpha-, beta- und gamma-Sarcoglycanen deutete auf eine Sarcoglycanopathie hin, eine Form der Gliederg\u00fcrteldystrophie.<\/p><table class=\"tx-laboklinleistung-table contenttable contenttable-2\" style=\"margin-top: 35px;\"><tr><td class=\"td-0\"><strong>Methode<\/strong><\/td><td class=\"td-1\"><p class=\"bodytext\">Sequenzierung<\/p><\/td><\/tr><tr><td class=\"td-0\"><strong>Rasse<\/strong><\/td><td class=\"td-1\"><p class=\"bodytext\">Dackel (Dachshund)<\/p><\/td><\/tr><tr><td class=\"td-0\"><strong>Erbgang<\/strong><\/td><td class=\"td-1\"><p class=\"bodytext\">autosomal-rezessiv<\/p><\/td><\/tr><tr><td class=\"td-0\"><strong>Dauer<\/strong><\/td><td class=\"td-1\"><p class=\"bodytext\">1 - 2 Wochen nach Erhalt der Probe <\/p><\/td><\/tr><\/table>\n","protected":false},"excerpt":{"rendered":"<p>Gliederg\u00fcrteldystrophie (LGMD)LABOKLIN Leistungs-ID: 8863Die beim Menschen als Gliederg\u00fcrteldystrophie (LGMD) beschriebene Dystrophie der Schulter- und Beckeng\u00fcrtelmuskulatur kommt auch beim Dackel vor und wird hier durch eine Mutation im Gen der Sarcoglycan-Alpha-Untereinheit (SGCA) verursacht. Betroffene Hunde zeigen klinische Symptome wie Belastungsintoleranz, einen steifen Gang, fortschreitende Schw\u00e4che, eine erh\u00f6hte Ausscheidung von Myoglobin im Urin (Myoglobinurie) sowie Schwierigkeiten beim&hellip;<\/p>\n","protected":false},"author":18,"featured_media":0,"parent":1332702,"menu_order":184,"comment_status":"closed","ping_status":"closed","template":"","meta":{"_seopress_robots_primary_cat":"","_seopress_titles_title":"","_seopress_titles_desc":"","_seopress_robots_index":"","footnotes":""},"class_list":["post-1481492","page","type-page","status-publish","hentry","description-off"],"_links":{"self":[{"href":"https:\/\/laboklin.de\/de-ch\/wp-json\/wp\/v2\/pages\/1481492","targetHints":{"allow":["GET"]}}],"collection":[{"href":"https:\/\/laboklin.de\/de-ch\/wp-json\/wp\/v2\/pages"}],"about":[{"href":"https:\/\/laboklin.de\/de-ch\/wp-json\/wp\/v2\/types\/page"}],"author":[{"embeddable":true,"href":"https:\/\/laboklin.de\/de-ch\/wp-json\/wp\/v2\/users\/18"}],"replies":[{"embeddable":true,"href":"https:\/\/laboklin.de\/de-ch\/wp-json\/wp\/v2\/comments?post=1481492"}],"version-history":[{"count":1,"href":"https:\/\/laboklin.de\/de-ch\/wp-json\/wp\/v2\/pages\/1481492\/revisions"}],"predecessor-version":[{"id":1481493,"href":"https:\/\/laboklin.de\/de-ch\/wp-json\/wp\/v2\/pages\/1481492\/revisions\/1481493"}],"up":[{"embeddable":true,"href":"https:\/\/laboklin.de\/de-ch\/wp-json\/wp\/v2\/pages\/1332702"}],"wp:attachment":[{"href":"https:\/\/laboklin.de\/de-ch\/wp-json\/wp\/v2\/media?parent=1481492"}],"curies":[{"name":"wp","href":"https:\/\/api.w.org\/{rel}","templated":true}]}}