{"id":1481486,"date":"2024-08-13T21:54:46","date_gmt":"2024-08-13T19:54:46","guid":{"rendered":"https:\/\/laboklin.de\/?page_id=1481486"},"modified":"2025-02-17T09:52:17","modified_gmt":"2025-02-17T08:52:17","slug":"postoperative-blutungsneigung-depoh","status":"publish","type":"page","link":"https:\/\/laboklin.de\/de-ch\/leistungen\/genetik\/erbkrankheiten\/hund\/postoperative-blutungsneigung-depoh\/","title":{"rendered":"Postoperative Blutungsneigung (DEPOH)"},"content":{"rendered":"<h3 class=\"csc-firstHeader\">Postoperative Blutungsneigung (DEPOH)<\/h3><p><span>LABOKLIN Leistungs-ID: 8862<\/span><\/p><p class=\"bodytext\">Bei den beiden Rassen Greyhound und Scottish Deerhound wurde eine Variante des SERPINF2-Gens identifiziert, die bei diesen Rassen mit einem h\u00f6heren Risiko f\u00fcr die Entwicklung einer postoperativen Blutungsneigung (DEPOH) verbunden ist. Klinische Anzeichen sind unerwartete, \u00fcberm\u00e4\u00dfige Blutungen oder Bluterg\u00fcsse, die 1 bis 4 Tage nach einem chirurgischen Eingriff einsetzen. Die Symptome reichen von offenen Blutungen aus der Wunde bis hin zu \u00fcberm\u00e4\u00dfigen und auch fortschreitenden Bluterg\u00fcssen in den Bereichen, die die Wunde umgeben, und H\u00e4moabdomen. Die Ergebnisse des Gerinnungsscreenings wie die Messung der Prothrombinzeit, der aktivierten partiellen Thromboplastinzeit und des von-Willebrand-Faktor-Antigens sowie der Thrombozytenzahl sind unauff\u00e4llig.<\/p><table class=\"tx-laboklinleistung-table contenttable contenttable-2\" style=\"margin-top: 35px;\"><tr><td class=\"td-0\"><strong>Methode<\/strong><\/td><td class=\"td-1\"><p class=\"bodytext\">Sequenzierung <\/p><\/td><\/tr><tr><td class=\"td-0\"><strong>Rasse<\/strong><\/td><td class=\"td-1\"><p class=\"bodytext\">Deerhound, English Springer Spaniel, Greyhound, Magyar Agar, Welsh Springer Spaniel<\/p><\/td><\/tr><tr><td class=\"td-0\"><strong>Erbgang<\/strong><\/td><td class=\"td-1\"><p class=\"bodytext\">autosomal-dominant mit unvollst\u00e4ndiger Penetranz<\/p><\/td><\/tr><tr><td class=\"td-0\"><strong>Dauer<\/strong><\/td><td class=\"td-1\"><p class=\"bodytext\">1 - 2 Wochen nach Erhalt der Probe <\/p><\/td><\/tr><\/table>\n","protected":false},"excerpt":{"rendered":"<p>Postoperative Blutungsneigung (DEPOH)LABOKLIN Leistungs-ID: 8862Bei den beiden Rassen Greyhound und Scottish Deerhound wurde eine Variante des SERPINF2-Gens identifiziert, die bei diesen Rassen mit einem h\u00f6heren Risiko f\u00fcr die Entwicklung einer postoperativen Blutungsneigung (DEPOH) verbunden ist. Klinische Anzeichen sind unerwartete, \u00fcberm\u00e4\u00dfige Blutungen oder Bluterg\u00fcsse, die 1 bis 4 Tage nach einem chirurgischen Eingriff einsetzen. Die Symptome&hellip;<\/p>\n","protected":false},"author":18,"featured_media":0,"parent":1332702,"menu_order":184,"comment_status":"closed","ping_status":"closed","template":"","meta":{"_seopress_robots_primary_cat":"","_seopress_titles_title":"","_seopress_titles_desc":"","_seopress_robots_index":"","footnotes":""},"class_list":["post-1481486","page","type-page","status-publish","hentry","description-off"],"_links":{"self":[{"href":"https:\/\/laboklin.de\/de-ch\/wp-json\/wp\/v2\/pages\/1481486","targetHints":{"allow":["GET"]}}],"collection":[{"href":"https:\/\/laboklin.de\/de-ch\/wp-json\/wp\/v2\/pages"}],"about":[{"href":"https:\/\/laboklin.de\/de-ch\/wp-json\/wp\/v2\/types\/page"}],"author":[{"embeddable":true,"href":"https:\/\/laboklin.de\/de-ch\/wp-json\/wp\/v2\/users\/18"}],"replies":[{"embeddable":true,"href":"https:\/\/laboklin.de\/de-ch\/wp-json\/wp\/v2\/comments?post=1481486"}],"version-history":[{"count":1,"href":"https:\/\/laboklin.de\/de-ch\/wp-json\/wp\/v2\/pages\/1481486\/revisions"}],"predecessor-version":[{"id":1481487,"href":"https:\/\/laboklin.de\/de-ch\/wp-json\/wp\/v2\/pages\/1481486\/revisions\/1481487"}],"up":[{"embeddable":true,"href":"https:\/\/laboklin.de\/de-ch\/wp-json\/wp\/v2\/pages\/1332702"}],"wp:attachment":[{"href":"https:\/\/laboklin.de\/de-ch\/wp-json\/wp\/v2\/media?parent=1481486"}],"curies":[{"name":"wp","href":"https:\/\/api.w.org\/{rel}","templated":true}]}}