{"id":1480974,"date":"2024-08-07T16:41:47","date_gmt":"2024-08-07T14:41:47","guid":{"rendered":"https:\/\/laboklin.de\/?page_id=1480974"},"modified":"2025-02-25T12:08:50","modified_gmt":"2025-02-25T11:08:50","slug":"blauaeugigkeit","status":"publish","type":"page","link":"https:\/\/laboklin.de\/de-ch\/leistungen\/genetik\/erbkrankheiten\/katze\/blauaeugigkeit\/","title":{"rendered":"Blau\u00e4ugigkeit"},"content":{"rendered":"<h3 class=\"csc-firstHeader\">Blau\u00e4ugigkeit<\/h3><p><span>LABOKLIN Leistungs-ID: 8876<\/span><\/p><p class=\"bodytext\">Eine genetische Variante des PAX3-Gens verursacht die Auspr\u00e4gung blauer Augen bei Maine Coon Katzen. Der dominante Faktor ver\u00e4ndert nicht nur die Augenfarbe, sondern steht auch in Verbindung mit ein- oder beidseitiger Taubheit und einer minimalen Wei\u00dfscheckung, die nicht durch die bereits bekannten f\u00fcr Wei\u00dfscheckung verantwortlichen Varianten verursacht wird. Es gibt Hinweise darauf, dass das reinerbige Vorliegen der Variante zu embryonaler oder fetaler Letalit\u00e4t f\u00fchrt. Daher wird von einer Verpaarung heterozygoter Katzen zur Vermeidung tauber Nachkommen sowie der unbeabsichtigten Erzeugung eines homozygoten Embryos f\u00fcr dieses Allel dringend abgeraten. Ein Gentest kann Klarheit schaffen, ob es sich beim Vorliegen blauer Augen um diese Variante handelt. <\/p><table class=\"tx-laboklinleistung-table contenttable contenttable-2\" style=\"margin-top: 35px;\"><tr><td class=\"td-0\"><strong>Methode<\/strong><\/td><td class=\"td-1\"><p class=\"bodytext\">Sequenzierung<\/p><\/td><\/tr><tr><td class=\"td-0\"><strong>Rasse<\/strong><\/td><td class=\"td-1\"><p class=\"bodytext\">Maine Coon<\/p><\/td><\/tr><tr><td class=\"td-0\"><strong>Erbgang<\/strong><\/td><td class=\"td-1\"><p class=\"bodytext\">autosomal-dominant mit vollst\u00e4ndiger Penetranz f\u00fcr Blau\u00e4ugigkeit und unvollst\u00e4ndiger Penetranz f\u00fcr Taubheit <\/p><\/td><\/tr><tr><td class=\"td-0\"><strong>Dauer<\/strong><\/td><td class=\"td-1\"><p class=\"bodytext\">1 - 2 Wochen nach Erhalt der Probe<\/p><\/td><\/tr><\/table>\n","protected":false},"excerpt":{"rendered":"<p>Blau\u00e4ugigkeitLABOKLIN Leistungs-ID: 8876Eine genetische Variante des PAX3-Gens verursacht die Auspr\u00e4gung blauer Augen bei Maine Coon Katzen. Der dominante Faktor ver\u00e4ndert nicht nur die Augenfarbe, sondern steht auch in Verbindung mit ein- oder beidseitiger Taubheit und einer minimalen Wei\u00dfscheckung, die nicht durch die bereits bekannten f\u00fcr Wei\u00dfscheckung verantwortlichen Varianten verursacht wird. Es gibt Hinweise darauf, dass&hellip;<\/p>\n","protected":false},"author":18,"featured_media":0,"parent":1332704,"menu_order":4,"comment_status":"closed","ping_status":"closed","template":"","meta":{"_seopress_robots_primary_cat":"","_seopress_titles_title":"","_seopress_titles_desc":"","_seopress_robots_index":"","footnotes":""},"class_list":["post-1480974","page","type-page","status-publish","hentry","description-off"],"_links":{"self":[{"href":"https:\/\/laboklin.de\/de-ch\/wp-json\/wp\/v2\/pages\/1480974","targetHints":{"allow":["GET"]}}],"collection":[{"href":"https:\/\/laboklin.de\/de-ch\/wp-json\/wp\/v2\/pages"}],"about":[{"href":"https:\/\/laboklin.de\/de-ch\/wp-json\/wp\/v2\/types\/page"}],"author":[{"embeddable":true,"href":"https:\/\/laboklin.de\/de-ch\/wp-json\/wp\/v2\/users\/18"}],"replies":[{"embeddable":true,"href":"https:\/\/laboklin.de\/de-ch\/wp-json\/wp\/v2\/comments?post=1480974"}],"version-history":[{"count":1,"href":"https:\/\/laboklin.de\/de-ch\/wp-json\/wp\/v2\/pages\/1480974\/revisions"}],"predecessor-version":[{"id":1480976,"href":"https:\/\/laboklin.de\/de-ch\/wp-json\/wp\/v2\/pages\/1480974\/revisions\/1480976"}],"up":[{"embeddable":true,"href":"https:\/\/laboklin.de\/de-ch\/wp-json\/wp\/v2\/pages\/1332704"}],"wp:attachment":[{"href":"https:\/\/laboklin.de\/de-ch\/wp-json\/wp\/v2\/media?parent=1480974"}],"curies":[{"name":"wp","href":"https:\/\/api.w.org\/{rel}","templated":true}]}}