{"id":1477077,"date":"2024-06-18T10:01:20","date_gmt":"2024-06-18T08:01:20","guid":{"rendered":"https:\/\/laboklin.de\/?page_id=1477077"},"modified":"2025-02-05T11:08:38","modified_gmt":"2025-02-05T10:08:38","slug":"braf-comp-v595e-2-cna-hund","status":"publish","type":"page","link":"https:\/\/laboklin.de\/de-ch\/leistungen\/pathologie\/tumorgenetische-tests\/braf-comp-v595e-2-cna-hund\/","title":{"rendered":"BRAF comp. (V595E + 2 CNA) (Hund)"},"content":{"rendered":"<h3 class=\"csc-firstHeader\">BRAF comp. (V595E + 2 CNA) (Hund)<\/h3><p><span>LABOKLIN Leistungs-ID: 518<\/span><\/p><p class=\"bodytext\"><br><strong>Indikationen:<\/strong><br><ul><li>Eine sichere histo-\/zytologische Diagnostik war nicht m\u00f6glich.<\/li><li>Screening auf Urothelkarzinom (\u00dcbergangszellkarzinom) bei bestimmten Terrierrassen mit Pr\u00e4disposition (z. B. Scottish Terrier, Fox Terrier, Jack Russell Terrier, West Highland White Terrier)<\/li><li>schwieriger Patient<\/li><\/ul><\/p><table class=\"tx-laboklinleistung-table contenttable contenttable-2\" style=\"margin-top: 35px;\"><tr><td class=\"td-0\"><strong>Material<\/strong><\/td><td class=\"td-1\"><p class=\"bodytext\"><ul><li>Urinsediment (v.a. Morgenurin; Fl\u00fcssigkeit + Ausstrich)<\/li> <li>Ansaugzytologie (Ausstriche)<\/li><li>formalinfixiertes, in Paraffin eingebettetes Gewebe (aus vorausgegangener histologischer Untersuchung) <\/li><\/p><\/td><\/tr><tr><td class=\"td-0\"><strong>Methode<\/strong><\/td><td class=\"td-1\"><p class=\"bodytext\">droplet digital PCR (ddPCR) und Copy Number Alteration (CNA) <\/p><\/td><\/tr><tr><td class=\"td-0\"><strong>Tierart(en)<\/strong><\/td><td class=\"td-1\"><p class=\"bodytext\">Hund<\/p><\/td><\/tr><tr><td class=\"td-0\"><strong>Dauer<\/strong><\/td><td class=\"td-1\"><p class=\"bodytext\">2\u20137 Arbeitstage<\/p><\/td><\/tr><tr><td class=\"td-0\"><strong>Anmerkung<\/strong><\/td><td class=\"td-1\"><p class=\"bodytext\">Nachweis der BRAF-Variante V595E und der Copy Number Alterations (CNAs) 13\/19 und 36\/19.\r\n<br>Nur ein positives Ergebnis ist beweisend.<br>Ursachen negativer Ergebnisse:<ul> <li>Es liegt kein Urothel-(\u00dcbergangszell-)Karzinom vor. <\/li> <li>Es liegt ein Karzinom ohne Copy Number Alterations\/BRAF-Mutation vor. <\/li> <li>Es waren keine bzw. zu wenige relevante Zellen in der Probe enthalten.<\/li> <li>Es liegt eine ausgepr\u00e4gte (Begleit-)Entz\u00fcndung vor. <\/li><\/ul> <br> <br><ul><li>Der Test auf CNAs ist nicht geeignet f\u00fcr Prostatakarzinome.<\/li><li>Bei Katzen ist der Test nicht anwendbar.<\/li><\/ul><\/p><\/td><\/tr><\/table>\n","protected":false},"excerpt":{"rendered":"<p>BRAF comp. (V595E + 2 CNA) (Hund)LABOKLIN Leistungs-ID: 518Indikationen:Eine sichere histo-\/zytologische Diagnostik war nicht m\u00f6glich.Screening auf Urothelkarzinom (\u00dcbergangszellkarzinom) bei bestimmten Terrierrassen mit Pr\u00e4disposition (z. B. Scottish Terrier, Fox Terrier, Jack Russell Terrier, West Highland White Terrier)schwieriger PatientMaterialUrinsediment (v.a. Morgenurin; Fl\u00fcssigkeit + Ausstrich) Ansaugzytologie (Ausstriche)formalinfixiertes, in Paraffin eingebettetes Gewebe (aus vorausgegangener histologischer Untersuchung) Methodedroplet digital PCR&hellip;<\/p>\n","protected":false},"author":18,"featured_media":0,"parent":1472264,"menu_order":0,"comment_status":"closed","ping_status":"closed","template":"","meta":{"_seopress_robots_primary_cat":"","_seopress_titles_title":"","_seopress_titles_desc":"","_seopress_robots_index":"","footnotes":""},"class_list":["post-1477077","page","type-page","status-publish","hentry","description-off"],"_links":{"self":[{"href":"https:\/\/laboklin.de\/de-ch\/wp-json\/wp\/v2\/pages\/1477077","targetHints":{"allow":["GET"]}}],"collection":[{"href":"https:\/\/laboklin.de\/de-ch\/wp-json\/wp\/v2\/pages"}],"about":[{"href":"https:\/\/laboklin.de\/de-ch\/wp-json\/wp\/v2\/types\/page"}],"author":[{"embeddable":true,"href":"https:\/\/laboklin.de\/de-ch\/wp-json\/wp\/v2\/users\/18"}],"replies":[{"embeddable":true,"href":"https:\/\/laboklin.de\/de-ch\/wp-json\/wp\/v2\/comments?post=1477077"}],"version-history":[{"count":1,"href":"https:\/\/laboklin.de\/de-ch\/wp-json\/wp\/v2\/pages\/1477077\/revisions"}],"predecessor-version":[{"id":1477080,"href":"https:\/\/laboklin.de\/de-ch\/wp-json\/wp\/v2\/pages\/1477077\/revisions\/1477080"}],"up":[{"embeddable":true,"href":"https:\/\/laboklin.de\/de-ch\/wp-json\/wp\/v2\/pages\/1472264"}],"wp:attachment":[{"href":"https:\/\/laboklin.de\/de-ch\/wp-json\/wp\/v2\/media?parent=1477077"}],"curies":[{"name":"wp","href":"https:\/\/api.w.org\/{rel}","templated":true}]}}