{"id":1472264,"date":"2024-04-25T10:00:02","date_gmt":"2024-04-25T08:00:02","guid":{"rendered":"https:\/\/laboklin.de\/leistungen\/pathologie\/tumorgenetische-tests-2\/"},"modified":"2026-02-27T11:17:53","modified_gmt":"2026-02-27T10:17:53","slug":"tumorgenetische-tests","status":"publish","type":"page","link":"https:\/\/laboklin.de\/de-ch\/leistungen\/pathologie\/tumorgenetische-tests\/","title":{"rendered":"Tumorgenetische Tests"},"content":{"rendered":"<div class=\"wpb-content-wrapper\"><p>[vc_row][vc_column][vc_column_text]<h3>Leistungsspektrum<\/h3><div class=\"vc_tta-panels-container\"><div class=\"vc_tta-panels\"><li class=\"menu-item sub-page\"><a href=\"https:\/\/laboklin.de\/de-ch\/leistungen\/pathologie\/tumorgenetische-tests\/braf-comp-v595e-2-cna-hund\/\">BRAF comp. (V595E + 2 CNA) (Hund)<\/a><\/li><li class=\"menu-item sub-page\"><a href=\"https:\/\/laboklin.de\/de-ch\/leistungen\/pathologie\/tumorgenetische-tests\/braf-comp-nachforderung-2-cna-hund\/\">BRAF comp. Nachforderung (2 CNA) (Hund)<\/a><\/li><li class=\"menu-item sub-page\"><a href=\"https:\/\/laboklin.de\/de-ch\/leistungen\/pathologie\/tumorgenetische-tests\/braf-mutation-v595e-hund\/\">BRAF-Mutation (V595E) (Hund)<\/a><\/li><li class=\"menu-item sub-page\"><a href=\"https:\/\/laboklin.de\/de-ch\/leistungen\/pathologie\/tumorgenetische-tests\/c-kit-mutation-hund\/\">c-kit-Mutation (Hund) <\/a><\/li><li class=\"menu-item sub-page\"><a href=\"https:\/\/laboklin.de\/de-ch\/leistungen\/pathologie\/tumorgenetische-tests\/molekulargenetisches-tumorpanel-hund\/\">Molekulargenetisches Tumorpanel* (Hund)<\/a><\/li><\/div><\/div>[\/vc_column_text][\/vc_column][\/vc_row][vc_row][vc_column][vc_column_text css=&#187;.vc_custom_1772187460699{margin-top: 20px !important;}&#187;]<\/p>\n<h3>Tumorgenetische Tests<\/h3>\n<p>Laboklin bietet zur pr\u00e4zisen Charakterisierung von Tumoren beim Hund verschiedene tumorgenetische Tests an. Diese Tests k\u00f6nnen zu einer besseren Einsch\u00e4tzung hinsichtlich der Prognose der Neoplasie beitragen und eine bessere Abstimmung der Therapie auf die Tumorerkrankung des Hundes erm\u00f6glichen. Neben der BRAF-Untersuchung zur Charakterisierung des Harnblasen- und Prostatakarzinoms sowie dem Nachweis der c-kit-Mutation beim Mastzelltumor gibt es bei Laboklin auch ein umfangreiches molekulargenetisches Tumorpanel, das breit gef\u00e4chert auf 120 Biomarker untersucht.<\/p>\n<p>&nbsp;<\/p>\n<p>* Partnerlabor[\/vc_column_text][\/vc_column][\/vc_row]<\/p>\n<\/div>","protected":false},"excerpt":{"rendered":"<p>[vc_row][vc_column][vc_column_text][\/vc_column_text][\/vc_column][\/vc_row][vc_row][vc_column][vc_column_text css=&#187;.vc_custom_1772187460699{margin-top: 20px !important;}&#187;] Tumorgenetische Tests Laboklin bietet zur pr\u00e4zisen Charakterisierung von Tumoren beim Hund verschiedene tumorgenetische Tests an. Diese Tests k\u00f6nnen zu einer besseren Einsch\u00e4tzung hinsichtlich der Prognose der Neoplasie beitragen und eine bessere Abstimmung der Therapie auf die Tumorerkrankung des Hundes erm\u00f6glichen. Neben der BRAF-Untersuchung zur Charakterisierung des Harnblasen- und Prostatakarzinoms sowie dem&hellip;<\/p>\n","protected":false},"author":1,"featured_media":0,"parent":1332662,"menu_order":3,"comment_status":"closed","ping_status":"closed","template":"","meta":{"_seopress_robots_primary_cat":"","_seopress_titles_title":"BRAF, c-kit, SearchLight DNA\u00ae zur Tumordiagnose beim Hund","_seopress_titles_desc":"Charakterisierung von Mastzelltumor, Harnblasenkarzinom und Prostatakarzinom sowie anderen malignen Neoplasien mittels Untersuchung auf Genmutationen","_seopress_robots_index":"","footnotes":""},"class_list":["post-1472264","page","type-page","status-publish","hentry","description-off"],"_links":{"self":[{"href":"https:\/\/laboklin.de\/de-ch\/wp-json\/wp\/v2\/pages\/1472264","targetHints":{"allow":["GET"]}}],"collection":[{"href":"https:\/\/laboklin.de\/de-ch\/wp-json\/wp\/v2\/pages"}],"about":[{"href":"https:\/\/laboklin.de\/de-ch\/wp-json\/wp\/v2\/types\/page"}],"author":[{"embeddable":true,"href":"https:\/\/laboklin.de\/de-ch\/wp-json\/wp\/v2\/users\/1"}],"replies":[{"embeddable":true,"href":"https:\/\/laboklin.de\/de-ch\/wp-json\/wp\/v2\/comments?post=1472264"}],"version-history":[{"count":5,"href":"https:\/\/laboklin.de\/de-ch\/wp-json\/wp\/v2\/pages\/1472264\/revisions"}],"predecessor-version":[{"id":1593770,"href":"https:\/\/laboklin.de\/de-ch\/wp-json\/wp\/v2\/pages\/1472264\/revisions\/1593770"}],"up":[{"embeddable":true,"href":"https:\/\/laboklin.de\/de-ch\/wp-json\/wp\/v2\/pages\/1332662"}],"wp:attachment":[{"href":"https:\/\/laboklin.de\/de-ch\/wp-json\/wp\/v2\/media?parent=1472264"}],"curies":[{"name":"wp","href":"https:\/\/api.w.org\/{rel}","templated":true}]}}