{"id":1465248,"date":"2024-03-08T11:15:19","date_gmt":"2024-03-08T10:15:19","guid":{"rendered":"https:\/\/laboklin.de\/leistungen\/haematologie-klin-chemie-endokrinologie\/funktionstests-berechnungsformeln\/insulintoleranztest\/"},"modified":"2025-01-29T11:15:27","modified_gmt":"2025-01-29T10:15:27","slug":"insulintoleranztest","status":"publish","type":"page","link":"https:\/\/laboklin.de\/de-ch\/leistungen\/haematologie-klin-chemie-endokrinologie\/funktionstests-berechnungsformeln\/insulintoleranztest\/","title":{"rendered":"Insulintoleranztest"},"content":{"rendered":"<h3 class=\"csc-firstHeader\">Insulintoleranztest mit Glucose-Bestimmung<\/h3><p><span>LABOKLIN Leistungs-ID: 1058<\/span><\/p><p class=\"bodytext\"><br><\/p><table class=\"tx-laboklinleistung-table contenttable contenttable-2\" style=\"margin-top: 35px;\"><tr><td class=\"td-0\"><strong>Diagnose<\/strong><\/td><td class=\"td-1\"><p class=\"bodytext\">Insulinresistenz<\/p><\/td><\/tr><tr><td class=\"td-0\"><strong>Material<\/strong><\/td><td class=\"td-1\"><p class=\"bodytext\">Natrium-Fluorid-Blut 2 x 1 ml<\/p><\/td><\/tr><tr><td class=\"td-0\"><strong>Testdurchf&uuml;hrung<\/strong><\/td><td class=\"td-1\"><p><ul><li>Nahrungskarenz nicht notwendig<\/li><li>Blutprobenentnahme f\u00fcr Basalglucosebestimmung (Probe 0) <\/li><li>anschlie\u00dfend i.v.-Injektion von 0,10 IU Insulin\/kg KGW<\/li><li>erneute Probenentnahme f\u00fcr Glucosebestimmung nach 30 min <\/li><li>danach zeitnah f\u00fcttern! <\/li><ul><\/p><\/td><\/tr><tr><td class=\"td-0\"><strong>Parameter<\/strong><\/td><td class=\"td-1\"><p class=\"bodytext\">Glucose<\/p><\/td><\/tr><tr><td class=\"td-0\"><strong>Methode<\/strong><\/td><td class=\"td-1\"><p class=\"bodytext\">Photometrie<\/p><\/td><\/tr><tr><td class=\"td-0\"><strong>Tierart(en)<\/strong><\/td><td class=\"td-1\"><p class=\"bodytext\">Pferd<\/p><\/td><\/tr><tr><td class=\"td-0\"><strong>Dauer<\/strong><\/td><td class=\"td-1\"><p class=\"bodytext\">Befund\u00fcbermittlung am Tag des Probeneingangs (Mo.\u2013Sa.)<\/p><\/td><\/tr><tr><td class=\"td-0\"><strong>Bewertung<\/strong><\/td><td class=\"td-1\"><p>Gesunde Pferde zeigen 30 min nach der Insulininjektion Blutzuckerwerte von < 50 % des Ausgangswertes und diese sollten sp\u00e4testens nach 2 Stdn. wieder auf den Ausgangswert angestiegen sein.<br><strong>Cave:<\/strong> Gefahr der Hypoglyc\u00e4mie bei insulinsensitiven Pferden<\/p><\/td><\/tr><\/table>\n","protected":false},"excerpt":{"rendered":"<p>Insulintoleranztest mit Glucose-BestimmungLABOKLIN Leistungs-ID: 1058DiagnoseInsulinresistenzMaterialNatrium-Fluorid-Blut 2 x 1 mlTestdurchf&uuml;hrungNahrungskarenz nicht notwendigBlutprobenentnahme f\u00fcr Basalglucosebestimmung (Probe 0) anschlie\u00dfend i.v.-Injektion von 0,10 IU Insulin\/kg KGWerneute Probenentnahme f\u00fcr Glucosebestimmung nach 30 min danach zeitnah f\u00fcttern! ParameterGlucoseMethodePhotometrieTierart(en)PferdDauerBefund\u00fcbermittlung am Tag des Probeneingangs (Mo.\u2013Sa.)BewertungGesunde Pferde zeigen 30 min nach der Insulininjektion Blutzuckerwerte von < 50 % des Ausgangswertes und diese sollten sp\u00e4testens&hellip;\n<\/p>\n","protected":false},"author":16,"featured_media":0,"parent":1332765,"menu_order":3,"comment_status":"closed","ping_status":"closed","template":"","meta":{"_seopress_robots_primary_cat":"","_seopress_titles_title":"","_seopress_titles_desc":"","_seopress_robots_index":"","footnotes":""},"class_list":["post-1465248","page","type-page","status-publish","hentry","description-off"],"_links":{"self":[{"href":"https:\/\/laboklin.de\/de-ch\/wp-json\/wp\/v2\/pages\/1465248","targetHints":{"allow":["GET"]}}],"collection":[{"href":"https:\/\/laboklin.de\/de-ch\/wp-json\/wp\/v2\/pages"}],"about":[{"href":"https:\/\/laboklin.de\/de-ch\/wp-json\/wp\/v2\/types\/page"}],"author":[{"embeddable":true,"href":"https:\/\/laboklin.de\/de-ch\/wp-json\/wp\/v2\/users\/16"}],"replies":[{"embeddable":true,"href":"https:\/\/laboklin.de\/de-ch\/wp-json\/wp\/v2\/comments?post=1465248"}],"version-history":[{"count":1,"href":"https:\/\/laboklin.de\/de-ch\/wp-json\/wp\/v2\/pages\/1465248\/revisions"}],"predecessor-version":[{"id":1465250,"href":"https:\/\/laboklin.de\/de-ch\/wp-json\/wp\/v2\/pages\/1465248\/revisions\/1465250"}],"up":[{"embeddable":true,"href":"https:\/\/laboklin.de\/de-ch\/wp-json\/wp\/v2\/pages\/1332765"}],"wp:attachment":[{"href":"https:\/\/laboklin.de\/de-ch\/wp-json\/wp\/v2\/media?parent=1465248"}],"curies":[{"name":"wp","href":"https:\/\/api.w.org\/{rel}","templated":true}]}}