{"id":1460096,"date":"2024-01-26T13:45:58","date_gmt":"2024-01-26T12:45:58","guid":{"rendered":"https:\/\/laboklin.de\/?page_id=1460096"},"modified":"2025-01-30T09:14:39","modified_gmt":"2025-01-30T08:14:39","slug":"felines-immundefizienzvirus-fiv-blot","status":"publish","type":"page","link":"https:\/\/laboklin.de\/de-ch\/leistungen\/infektionskrankheiten-erreger-und-antikoerpernachweise\/viren\/felines-immundefizienzvirus-fiv\/felines-immundefizienzvirus-fiv-blot\/","title":{"rendered":"Felines Immundefizienzvirus (FIV) &#8211; Blot"},"content":{"rendered":"<h3 class=\"csc-firstHeader\">Felines Immundefizienzvirus (FIV) - Blot <\/h3><p><span>LABOKLIN Leistungs-ID: 1402<\/span><\/p><table class=\"tx-laboklinleistung-table contenttable contenttable-2\" style=\"margin-top: 35px;\"><tr><td class=\"td-0\"><strong>Material<\/strong><\/td><td class=\"td-1\"><p class=\"bodytext\">Serum 0,5 ml<\/p><\/td><\/tr><tr><td class=\"td-0\"><strong>Methode<\/strong><\/td><td class=\"td-1\"><p class=\"bodytext\">Line-Immunoassay<\/p><\/td><\/tr><tr><td class=\"td-0\"><strong>Dauer<\/strong><\/td><td class=\"td-1\"><p class=\"bodytext\">3 - 7 Tage<\/p><\/td><\/tr><tr><td class=\"td-0\"><strong>Anmerkung<\/strong><\/td><td class=\"td-1\"><p class=\"bodytext\"><ul><li>Beim FIV-Blot wird der getrennte Antik\u00f6rpernachweis auf drei FIV-typische Antigene durchgef\u00fchrt.<\/li><li>In fraglichen F\u00e4llen (Ausschluss falsch positiver Ergebnisse) wird eine Wiederholung des FIV-Blots in 2-3 Monaten empfohlen.<\/li><li>Zur weiteren diagnostischen Abkl\u00e4rung kann eine PCR auf FIV-Provirus durchgef\u00fchrt werden.<\/li><\/ul><\/p><\/td><\/tr><\/table>\n","protected":false},"excerpt":{"rendered":"<p>Felines Immundefizienzvirus (FIV) &#8211; Blot LABOKLIN Leistungs-ID: 1402MaterialSerum 0,5 mlMethodeLine-ImmunoassayDauer3 &#8211; 7 TageAnmerkungBeim FIV-Blot wird der getrennte Antik\u00f6rpernachweis auf drei FIV-typische Antigene durchgef\u00fchrt.In fraglichen F\u00e4llen (Ausschluss falsch positiver Ergebnisse) wird eine Wiederholung des FIV-Blots in 2-3 Monaten empfohlen.Zur weiteren diagnostischen Abkl\u00e4rung kann eine PCR auf FIV-Provirus durchgef\u00fchrt werden.<\/p>\n","protected":false},"author":10,"featured_media":0,"parent":1332945,"menu_order":0,"comment_status":"closed","ping_status":"closed","template":"","meta":{"_seopress_robots_primary_cat":"","_seopress_titles_title":"","_seopress_titles_desc":"","_seopress_robots_index":"","footnotes":""},"class_list":["post-1460096","page","type-page","status-publish","hentry","description-off"],"_links":{"self":[{"href":"https:\/\/laboklin.de\/de-ch\/wp-json\/wp\/v2\/pages\/1460096","targetHints":{"allow":["GET"]}}],"collection":[{"href":"https:\/\/laboklin.de\/de-ch\/wp-json\/wp\/v2\/pages"}],"about":[{"href":"https:\/\/laboklin.de\/de-ch\/wp-json\/wp\/v2\/types\/page"}],"author":[{"embeddable":true,"href":"https:\/\/laboklin.de\/de-ch\/wp-json\/wp\/v2\/users\/10"}],"replies":[{"embeddable":true,"href":"https:\/\/laboklin.de\/de-ch\/wp-json\/wp\/v2\/comments?post=1460096"}],"version-history":[{"count":3,"href":"https:\/\/laboklin.de\/de-ch\/wp-json\/wp\/v2\/pages\/1460096\/revisions"}],"predecessor-version":[{"id":1501762,"href":"https:\/\/laboklin.de\/de-ch\/wp-json\/wp\/v2\/pages\/1460096\/revisions\/1501762"}],"up":[{"embeddable":true,"href":"https:\/\/laboklin.de\/de-ch\/wp-json\/wp\/v2\/pages\/1332945"}],"wp:attachment":[{"href":"https:\/\/laboklin.de\/de-ch\/wp-json\/wp\/v2\/media?parent=1460096"}],"curies":[{"name":"wp","href":"https:\/\/api.w.org\/{rel}","templated":true}]}}