{"id":1458938,"date":"2024-01-18T14:18:29","date_gmt":"2024-01-18T13:18:29","guid":{"rendered":"https:\/\/laboklin.de\/?page_id=1458938"},"modified":"2025-02-25T12:14:03","modified_gmt":"2025-02-25T11:14:03","slug":"gangliosidose-gm2-2","status":"publish","type":"page","link":"https:\/\/laboklin.de\/de-ch\/leistungen\/genetik\/erbkrankheiten\/katze\/gangliosidose-gm2-2\/","title":{"rendered":"Gangliosidose (GM2)"},"content":{"rendered":"<h3 class=\"csc-firstHeader\">Gangliosidose (GM2)<\/h3><p><span>LABOKLIN Leistungs-ID: 8864<\/span><\/p><p class=\"bodytext\">Die Gangliosidose ist eine lysosomale Speicherkrankheit, die bei Menschen, Katzen und anderen Tieren auftritt. Bei einer lysosomalen Speichererkrankung werden die Stoffe, die aufgrund eines Enzymmangels nicht weiterverarbeitet werden k\u00f6nnen, in den Lysosomen abgelagert. Im Fall der Gangliosidosen kommt es zur Anreicherung von Gangliosiden (Fett-Zucker-Verbindungen) in Zellen des Gehirns. Dadurch werden lebenswichtige Zellfunktionen im Gehirn gest\u00f6rt, was zu den schweren Krankheitssymptomen f\u00fchrt. Die Gangliosidosen kommen in zwei verschiedenen Formen vor. Die GM1-Gangliosidose wird durch einen ererbten Mangel des Enzyms Beta-Galactosidase verursacht, wogegen bei der GM2-Gangliosidose das Enzym Beta-Hexosaminidase fehlt. GM1 und GM2 verursachen schwere fortschreitende Hirnerkrankungen. Erkrankte Katzen zeigen vor allem St\u00f6rungen des Nervensystems. Beide Erkrankungen \u00e4u\u00dfern sich durch Symptome wie Kopfzittern, sowie eine eingeschr\u00e4nkte Bewegungsf\u00e4higkeit der Hinterbeine bis hin zur L\u00e4hmung. Bei der GM2-Gangliosidose (Burma, Korat) zeigt sich das Krankheitsbild in der Regel fr\u00fcher (etwa im Alter von 2 Monaten) und verschlimmert sich schneller. Bei der GM1-Gangliosidose (Siam, Korat) beginnen die neurologischen Symptome etwas sp\u00e4ter (3 Monate) und schreiten langsamer fort. <\/p><table class=\"tx-laboklinleistung-table contenttable contenttable-2\" style=\"margin-top: 35px;\"><tr><td class=\"td-0\"><strong>Methode<\/strong><\/td><td class=\"td-1\"><p class=\"bodytext\">Sequenzierung<\/p><\/td><\/tr><tr><td class=\"td-0\"><strong>Rasse<\/strong><\/td><td class=\"td-1\"><p class=\"bodytext\">Korat<\/p><\/td><\/tr><tr><td class=\"td-0\"><strong>Dauer<\/strong><\/td><td class=\"td-1\"><p class=\"bodytext\">1 - 2 Wochen nach Erhalt der Probe <\/p><\/td><\/tr><\/table>\n","protected":false},"excerpt":{"rendered":"<p>Gangliosidose (GM2)LABOKLIN Leistungs-ID: 8864Die Gangliosidose ist eine lysosomale Speicherkrankheit, die bei Menschen, Katzen und anderen Tieren auftritt. Bei einer lysosomalen Speichererkrankung werden die Stoffe, die aufgrund eines Enzymmangels nicht weiterverarbeitet werden k\u00f6nnen, in den Lysosomen abgelagert. Im Fall der Gangliosidosen kommt es zur Anreicherung von Gangliosiden (Fett-Zucker-Verbindungen) in Zellen des Gehirns. Dadurch werden lebenswichtige Zellfunktionen&hellip;<\/p>\n","protected":false},"author":10,"featured_media":0,"parent":1332704,"menu_order":16,"comment_status":"closed","ping_status":"closed","template":"","meta":{"_seopress_robots_primary_cat":"","_seopress_titles_title":"","_seopress_titles_desc":"","_seopress_robots_index":"","footnotes":""},"class_list":["post-1458938","page","type-page","status-publish","hentry","description-off"],"_links":{"self":[{"href":"https:\/\/laboklin.de\/de-ch\/wp-json\/wp\/v2\/pages\/1458938","targetHints":{"allow":["GET"]}}],"collection":[{"href":"https:\/\/laboklin.de\/de-ch\/wp-json\/wp\/v2\/pages"}],"about":[{"href":"https:\/\/laboklin.de\/de-ch\/wp-json\/wp\/v2\/types\/page"}],"author":[{"embeddable":true,"href":"https:\/\/laboklin.de\/de-ch\/wp-json\/wp\/v2\/users\/10"}],"replies":[{"embeddable":true,"href":"https:\/\/laboklin.de\/de-ch\/wp-json\/wp\/v2\/comments?post=1458938"}],"version-history":[{"count":1,"href":"https:\/\/laboklin.de\/de-ch\/wp-json\/wp\/v2\/pages\/1458938\/revisions"}],"predecessor-version":[{"id":1458941,"href":"https:\/\/laboklin.de\/de-ch\/wp-json\/wp\/v2\/pages\/1458938\/revisions\/1458941"}],"up":[{"embeddable":true,"href":"https:\/\/laboklin.de\/de-ch\/wp-json\/wp\/v2\/pages\/1332704"}],"wp:attachment":[{"href":"https:\/\/laboklin.de\/de-ch\/wp-json\/wp\/v2\/media?parent=1458938"}],"curies":[{"name":"wp","href":"https:\/\/api.w.org\/{rel}","templated":true}]}}