{"id":1429543,"date":"2023-03-20T16:42:44","date_gmt":"2023-03-20T15:42:44","guid":{"rendered":"https:\/\/laboklin.de\/aktuelles\/laboklin-aktuell-voegel-reptilien\/"},"modified":"2025-11-17T10:45:27","modified_gmt":"2025-11-17T09:45:27","slug":"laboklin-aktuell-voegel-reptilien","status":"publish","type":"page","link":"https:\/\/laboklin.de\/de-ch\/aktuelles\/laboklin-aktuell-voegel-reptilien\/","title":{"rendered":"LABOKLIN aktuell V\u00f6gel\/Reptilien"},"content":{"rendered":"<div class=\"wpb-content-wrapper\"><p>[vc_row][vc_column]<section class=\"items-grid wf-container\"><div class=\"wf-cell wf-1-2\"><article class=\"post-format-standard\"><div class=\"mini-post-img\"><a class=\"alignleft post-rollover layzr-bg\" href=\"https:\/\/laboklin.de\/de-ch\/neue-leistungen-bei-fischen-und-reptilien\/\" aria-label=\"Post image\"><img decoding=\"async\" class=\"preload-me lazy-load aspect\" src=\"data:image\/svg+xml,%3Csvg%20xmlns%3D&#39;http%3A%2F%2Fwww.w3.org%2F2000%2Fsvg&#39;%20viewBox%3D&#39;0%200%20100%2080&#39;%2F%3E\" data-src=\"https:\/\/laboklin.de\/wp-content\/uploads\/2026\/03\/flavobacterium-columnare-kolonien-auf-anacker-ordal-100x80.jpg\" data-srcset=\"https:\/\/laboklin.de\/wp-content\/uploads\/2026\/03\/flavobacterium-columnare-kolonien-auf-anacker-ordal-100x80.jpg 100w, https:\/\/laboklin.de\/wp-content\/uploads\/2026\/03\/flavobacterium-columnare-kolonien-auf-anacker-ordal-200x160.jpg 200w\" loading=\"eager\" style=\"--ratio: 100 \/ 80\" sizes=\"(max-width: 100px) 100vw, 100px\" width=\"100\" height=\"80\"  alt=\"\" \/><\/a><\/div><div class=\"post-content\"><a href=\"https:\/\/laboklin.de\/de-ch\/neue-leistungen-bei-fischen-und-reptilien\/\">Neue Leistungen bei Fischen und Reptilien<\/a><p class=\"text-small\">Neue Laboklin\u2011Diagnostik f\u00fcr Fische und Reptilien: Schnellere PCR\u2011Nachweise, pr\u00e4zise Laboranalysen und moderne Verfahren f\u00fcr Tier\u00e4rzte und Halter.\r\n<\/p><time class=\"text-secondary\" datetime=\"2026-03-17T08:29:26+01:00\">17. M\u00e4rz 2026<\/time><\/div><\/article><\/div><div class=\"wf-cell wf-1-2\"><article class=\"post-format-standard\"><div class=\"mini-post-img\"><a class=\"alignleft post-rollover layzr-bg\" href=\"https:\/\/laboklin.de\/de-ch\/geschlechtsbestimmung-bei-schlangen\/\" aria-label=\"Post image\"><img decoding=\"async\" class=\"preload-me lazy-load aspect\" src=\"data:image\/svg+xml,%3Csvg%20xmlns%3D&#39;http%3A%2F%2Fwww.w3.org%2F2000%2Fsvg&#39;%20viewBox%3D&#39;0%200%20100%2080&#39;%2F%3E\" data-src=\"https:\/\/laboklin.de\/wp-content\/uploads\/2025\/11\/geschlechtsdimorphismus_steppennatter-100x80.jpg\" data-srcset=\"https:\/\/laboklin.de\/wp-content\/uploads\/2025\/11\/geschlechtsdimorphismus_steppennatter-100x80.jpg 100w, https:\/\/laboklin.de\/wp-content\/uploads\/2025\/11\/geschlechtsdimorphismus_steppennatter-200x160.jpg 200w\" loading=\"eager\" style=\"--ratio: 100 \/ 80\" sizes=\"(max-width: 100px) 100vw, 100px\" width=\"100\" height=\"80\"  alt=\"Geschlechtsdimorphismus bei der Steppennatter (Elaphe dione), M\u00e4nnchen oben, Weibchen unten\" \/><\/a><\/div><div class=\"post-content\"><a href=\"https:\/\/laboklin.de\/de-ch\/geschlechtsbestimmung-bei-schlangen\/\">Geschlechtsbestimmung bei Schlangen<\/a><p class=\"text-small\">Genetische Geschlechtsbestimmung bei Schlangen: sicher, zuverl\u00e4ssig, verletzungsfrei<\/p><time class=\"text-secondary\" datetime=\"2025-11-17T12:47:07+01:00\">17. November 2025<\/time><\/div><\/article><\/div><div class=\"wf-cell wf-1-2\"><article class=\"post-format-standard\"><div class=\"mini-post-img\"><a class=\"alignleft post-rollover layzr-bg\" href=\"https:\/\/laboklin.de\/de-ch\/vitamine-im-blut-von-voegeln-und-reptilien\/\" aria-label=\"Post image\"><img decoding=\"async\" class=\"preload-me lazy-load aspect\" src=\"data:image\/svg+xml,%3Csvg%20xmlns%3D&#39;http%3A%2F%2Fwww.w3.org%2F2000%2Fsvg&#39;%20viewBox%3D&#39;0%200%20100%2080&#39;%2F%3E\" data-src=\"https:\/\/laboklin.de\/wp-content\/uploads\/2025\/07\/titelbild_papagei-100x80.jpg\" data-srcset=\"https:\/\/laboklin.de\/wp-content\/uploads\/2025\/07\/titelbild_papagei-100x80.jpg 100w, https:\/\/laboklin.de\/wp-content\/uploads\/2025\/07\/titelbild_papagei-200x160.jpg 200w\" loading=\"eager\" style=\"--ratio: 100 \/ 80\" sizes=\"(max-width: 100px) 100vw, 100px\" width=\"100\" height=\"80\"  alt=\"Scharlachara (Ara macao) beim Fressen von Fr\u00fcchten\ndes Strandmandelbaums (Terminalia catappa) in Costa Rica\" \/><\/a><\/div><div class=\"post-content\"><a href=\"https:\/\/laboklin.de\/de-ch\/vitamine-im-blut-von-voegeln-und-reptilien\/\">Vitamine im Blut von V\u00f6geln und Reptilien<\/a><p class=\"text-small\">Vitaminmessungen im Blut bei Reptilien und V\u00f6geln, Interpretation Mangel <\/p><time class=\"text-secondary\" datetime=\"2025-07-17T12:44:40+02:00\">17. Juli 2025<\/time><\/div><\/article><\/div><div class=\"wf-cell wf-1-2\"><article class=\"post-format-standard\"><div class=\"mini-post-img\"><a class=\"alignleft post-rollover layzr-bg\" href=\"https:\/\/laboklin.de\/de-ch\/labordiagnostik-bei-schildkroeten\/\" aria-label=\"Post image\"><img decoding=\"async\" class=\"preload-me lazy-load aspect\" src=\"data:image\/svg+xml,%3Csvg%20xmlns%3D&#39;http%3A%2F%2Fwww.w3.org%2F2000%2Fsvg&#39;%20viewBox%3D&#39;0%200%20100%2080&#39;%2F%3E\" data-src=\"https:\/\/laboklin.de\/wp-content\/uploads\/2022\/08\/Griechische-Landschildkroete-Testudo-hermanni-100x80.jpg\" data-srcset=\"https:\/\/laboklin.de\/wp-content\/uploads\/2022\/08\/Griechische-Landschildkroete-Testudo-hermanni-100x80.jpg 100w, https:\/\/laboklin.de\/wp-content\/uploads\/2022\/08\/Griechische-Landschildkroete-Testudo-hermanni-200x160.jpg 200w\" loading=\"eager\" style=\"--ratio: 100 \/ 80\" sizes=\"(max-width: 100px) 100vw, 100px\" width=\"100\" height=\"80\"  alt=\"Laboklin: Griechische-Landschildkr\u00f6te-(Testudo-hermanni)\" \/><\/a><\/div><div class=\"post-content\"><a href=\"https:\/\/laboklin.de\/de-ch\/labordiagnostik-bei-schildkroeten\/\">Labordiagnostik bei Schildkr\u00f6ten<\/a><p class=\"text-small\">Schildkr\u00f6ten sind popul\u00e4re Haustiere, die, wenn sie entsprechend gehalten werden, ein hohes Alter erreichen k\u00f6nnen. <\/p><time class=\"text-secondary\" datetime=\"2022-08-08T14:30:44+02:00\">8. August 2022<\/time><\/div><\/article><\/div><div class=\"wf-cell wf-1-2\"><article class=\"post-format-standard\"><div class=\"mini-post-img\"><a class=\"alignleft post-rollover layzr-bg\" href=\"https:\/\/laboklin.de\/de-ch\/haeufige-bei-land-und-wasserschildkroeten-vorkommende-krankheiten\/\" aria-label=\"Post image\"><img decoding=\"async\" class=\"preload-me lazy-load aspect\" src=\"data:image\/svg+xml,%3Csvg%20xmlns%3D&#39;http%3A%2F%2Fwww.w3.org%2F2000%2Fsvg&#39;%20viewBox%3D&#39;0%200%20100%2080&#39;%2F%3E\" data-src=\"https:\/\/laboklin.de\/wp-content\/uploads\/2023\/03\/3-min-2-100x80.png\" data-srcset=\"https:\/\/laboklin.de\/wp-content\/uploads\/2023\/03\/3-min-2-100x80.png 100w, https:\/\/laboklin.de\/wp-content\/uploads\/2023\/03\/3-min-2-200x160.png 200w\" loading=\"eager\" style=\"--ratio: 100 \/ 80\" sizes=\"(max-width: 100px) 100vw, 100px\" width=\"100\" height=\"80\"  alt=\"Laboklin: Griechische Landschildkr\u00f6te (Testudo hermanni) mit ser\u00f6ser Nasenausfluss und Lid\u00f6dem: Mykoplasmeninfektion (Mycoplasma agassizii) \" \/><\/a><\/div><div class=\"post-content\"><a href=\"https:\/\/laboklin.de\/de-ch\/haeufige-bei-land-und-wasserschildkroeten-vorkommende-krankheiten\/\">H\u00e4ufige bei Land- und Wasserschildkr\u00f6ten vorkommende Krankheiten<\/a><p class=\"text-small\">Schildkr\u00f6ten sind sehr beliebte Haustiere, die bei guter Haltung viele Jahrzehnte leben und sogar \u00fcber Generationen in Familien gehalten werden k\u00f6nnen. Aus diesem Grund entsteht oft eine enge Bindung zwischen Halter und Tier.<\/p><time class=\"text-secondary\" datetime=\"2014-09-13T11:00:36+02:00\">13. September 2014<\/time><\/div><\/article><\/div><div class=\"wf-cell wf-1-2\"><article class=\"post-format-standard\"><div class=\"mini-post-img\"><a class=\"alignleft post-rollover layzr-bg\" href=\"https:\/\/laboklin.de\/de-ch\/infektionskrankheiten-beim-vogel-teil-1\/\" aria-label=\"Post image\"><img decoding=\"async\" class=\"preload-me lazy-load aspect\" src=\"data:image\/svg+xml,%3Csvg%20xmlns%3D&#39;http%3A%2F%2Fwww.w3.org%2F2000%2Fsvg&#39;%20viewBox%3D&#39;0%200%20100%2080&#39;%2F%3E\" data-src=\"https:\/\/laboklin.de\/wp-content\/uploads\/2023\/03\/Titelbild_Infektionskrankheiten_Papagie-100x80.jpg\" data-srcset=\"https:\/\/laboklin.de\/wp-content\/uploads\/2023\/03\/Titelbild_Infektionskrankheiten_Papagie-100x80.jpg 100w, https:\/\/laboklin.de\/wp-content\/uploads\/2023\/03\/Titelbild_Infektionskrankheiten_Papagie-200x160.jpg 200w\" loading=\"eager\" style=\"--ratio: 100 \/ 80\" sizes=\"(max-width: 100px) 100vw, 100px\" width=\"100\" height=\"80\"  alt=\"Papagei\" \/><\/a><\/div><div class=\"post-content\"><a href=\"https:\/\/laboklin.de\/de-ch\/infektionskrankheiten-beim-vogel-teil-1\/\">Infektionskrankheiten beim Vogel \u2013 Teil 1<\/a><p class=\"text-small\">Papageien, zu denen auch die beliebten Wellen- und Nymphensittiche geh\u00f6ren, sind h\u00e4ufig gehaltene Heimtiere.<\/p><time class=\"text-secondary\" datetime=\"2023-03-20T16:47:36+01:00\">20. M\u00e4rz 2023<\/time><\/div><\/article><\/div><div class=\"wf-cell wf-1-2\"><article class=\"post-format-standard\"><div class=\"mini-post-img\"><a class=\"alignleft post-rollover layzr-bg\" href=\"https:\/\/laboklin.de\/de-ch\/infektioese-hautveraenderungen-bei-reptilien\/\" aria-label=\"Post image\"><img decoding=\"async\" class=\"preload-me lazy-load aspect\" src=\"data:image\/svg+xml,%3Csvg%20xmlns%3D&#39;http%3A%2F%2Fwww.w3.org%2F2000%2Fsvg&#39;%20viewBox%3D&#39;0%200%20100%2080&#39;%2F%3E\" data-src=\"https:\/\/laboklin.de\/wp-content\/uploads\/2021\/06\/Pantherchamaeleon-Furcifer-pardalis--100x80.jpg\" data-srcset=\"https:\/\/laboklin.de\/wp-content\/uploads\/2021\/06\/Pantherchamaeleon-Furcifer-pardalis--100x80.jpg 100w, https:\/\/laboklin.de\/wp-content\/uploads\/2021\/06\/Pantherchamaeleon-Furcifer-pardalis--200x160.jpg 200w\" loading=\"eager\" style=\"--ratio: 100 \/ 80\" sizes=\"(max-width: 100px) 100vw, 100px\" width=\"100\" height=\"80\"  alt=\"Laboklin: Panthercham\u00e4leon (Furcifer pardalis), multiple Papillome\" \/><\/a><\/div><div class=\"post-content\"><a href=\"https:\/\/laboklin.de\/de-ch\/infektioese-hautveraenderungen-bei-reptilien\/\">Infekti\u00f6se Hautver\u00e4nderungen bei Reptilien<\/a><p class=\"text-small\">Reptilien, die als Haustiere gehalten werden, werden in der Praxis h\u00e4ufig aufgrund unterschiedlichster Hautver\u00e4nderungen vorgestellt. <\/p><time class=\"text-secondary\" datetime=\"2021-06-08T11:09:26+02:00\">8. Juni 2021<\/time><\/div><\/article><\/div><div class=\"wf-cell wf-1-2\"><article class=\"post-format-standard\"><div class=\"mini-post-img\"><a class=\"alignleft post-rollover layzr-bg\" href=\"https:\/\/laboklin.de\/de-ch\/einsatz-der-zytologie-bei-hautveraenderungen-von-reptilien\/\" aria-label=\"Post image\"><img decoding=\"async\" class=\"preload-me lazy-load aspect\" src=\"data:image\/svg+xml,%3Csvg%20xmlns%3D&#39;http%3A%2F%2Fwww.w3.org%2F2000%2Fsvg&#39;%20viewBox%3D&#39;0%200%20100%2080&#39;%2F%3E\" data-src=\"https:\/\/laboklin.de\/wp-content\/uploads\/2021\/01\/Weibliches-Pantherchamaeleon-100x80.jpg\" data-srcset=\"https:\/\/laboklin.de\/wp-content\/uploads\/2021\/01\/Weibliches-Pantherchamaeleon-100x80.jpg 100w, https:\/\/laboklin.de\/wp-content\/uploads\/2021\/01\/Weibliches-Pantherchamaeleon-200x160.jpg 200w\" loading=\"eager\" style=\"--ratio: 100 \/ 80\" sizes=\"(max-width: 100px) 100vw, 100px\" width=\"100\" height=\"80\"  alt=\"Laboklin: Weibliches Panthercham\u00e4leon, ulzerierte Umfangsvermehrung am Schwanz\" \/><\/a><\/div><div class=\"post-content\"><a href=\"https:\/\/laboklin.de\/de-ch\/einsatz-der-zytologie-bei-hautveraenderungen-von-reptilien\/\">Einsatz der Zytologie bei Hautver\u00e4nderungen von Reptilien<\/a><p class=\"text-small\">Tupfer, Aspirations- und Abklatschpr\u00e4parate \u2013 das minimalinvasive und schnelle Verfahren der zytologischen Untersuchung ist auch bei Reptilien geeignet.<\/p><time class=\"text-secondary\" datetime=\"2016-02-15T14:43:56+01:00\">15. Februar 2016<\/time><\/div><\/article><\/div><\/section>[\/vc_column][\/vc_row]<\/p>\n<\/div>","protected":false},"excerpt":{"rendered":"<p>[vc_row][vc_column][\/vc_column][\/vc_row]<\/p>\n","protected":false},"author":1,"featured_media":0,"parent":1332636,"menu_order":1,"comment_status":"closed","ping_status":"closed","template":"","meta":{"_seopress_robots_primary_cat":"","_seopress_titles_title":"LABOKLIN aktuell: Die Informationsreihe zu V\u00f6gel\/Reptilien","_seopress_titles_desc":"Die spezielle Informationsreihe bringt Tier\u00e4rzte regelm\u00e4\u00dfig auf den neusten medizinischen und wissenschaftlichen Stand \u00fcber V\u00f6gel und Reptilien.","_seopress_robots_index":"","footnotes":""},"class_list":["post-1429543","page","type-page","status-publish","hentry","description-off"],"_links":{"self":[{"href":"https:\/\/laboklin.de\/de-ch\/wp-json\/wp\/v2\/pages\/1429543","targetHints":{"allow":["GET"]}}],"collection":[{"href":"https:\/\/laboklin.de\/de-ch\/wp-json\/wp\/v2\/pages"}],"about":[{"href":"https:\/\/laboklin.de\/de-ch\/wp-json\/wp\/v2\/types\/page"}],"author":[{"embeddable":true,"href":"https:\/\/laboklin.de\/de-ch\/wp-json\/wp\/v2\/users\/1"}],"replies":[{"embeddable":true,"href":"https:\/\/laboklin.de\/de-ch\/wp-json\/wp\/v2\/comments?post=1429543"}],"version-history":[{"count":27,"href":"https:\/\/laboklin.de\/de-ch\/wp-json\/wp\/v2\/pages\/1429543\/revisions"}],"predecessor-version":[{"id":1497634,"href":"https:\/\/laboklin.de\/de-ch\/wp-json\/wp\/v2\/pages\/1429543\/revisions\/1497634"}],"up":[{"embeddable":true,"href":"https:\/\/laboklin.de\/de-ch\/wp-json\/wp\/v2\/pages\/1332636"}],"wp:attachment":[{"href":"https:\/\/laboklin.de\/de-ch\/wp-json\/wp\/v2\/media?parent=1429543"}],"curies":[{"name":"wp","href":"https:\/\/api.w.org\/{rel}","templated":true}]}}