{"id":1337959,"date":"2023-02-11T19:39:34","date_gmt":"2023-02-11T18:39:34","guid":{"rendered":"https:\/\/laboklin.de\/?page_id=1337959"},"modified":"2023-02-11T19:39:34","modified_gmt":"2023-02-11T18:39:34","slug":"slit-folgebehandlung-hund-katze-pferd","status":"publish","type":"page","link":"https:\/\/laboklin.de\/de-ch\/leistungen\/allergie\/allergen-spezifische-immuntherapie-asit\/slit-folgebehandlung-hund-katze-pferd\/","title":{"rendered":"SLIT Folgebehandlung (Hund \/ Katze \/ Pferd)"},"content":{"rendered":"<h3 class=\"csc-firstHeader\">Sublinguale Immuntherapie (SLIT) Folgebeh.<\/h3><p><span>LABOKLIN Leistungs-ID: 6313<\/span><\/p><p class=\"bodytext\"><br><ul><li>Sublinguale Immuntherapie verschiedener Allergene nach Austestung der Einzelallergene.<\/li> <li> Achtung: Futtermittel sowie Flohspeichel und Hymenoptera-Allergene k\u00f6nnen nicht der Therapie nicht zugef\u00fcgt werden!<\/li> <li>Diese orale Verabreichungsform ist eine praktikable Alternative zur herk\u00f6mmlichen ASIT.<\/li> <li>Die sublinguale Immuntherapie wird als Tropfen t\u00e4glich in das Maul des Tieres verabreicht. Sie ist besonders f\u00fcr jene Tiere geeignet, welche keine Injektionen tolerieren, auf die herk\u00f6mmliche ASIT mit Nebenwirkungen reagiert oder ein Therapieversagen gezeigt haben.<\/li> <li> Therapie \u00fcber einen Mindestzeitraum von einem Jahr, bei gutem Erfolg lebenslange Therapie (patientenspezifische L\u00f6sungen).<\/li> <li> Die Herstellung einer SLIT ist auch aufgrund jedes anderen Testergebnisses (z. B. Intrakutantest) m\u00f6glich.<\/li> <\/ul> <\/p><table class=\"tx-laboklinleistung-table contenttable contenttable-2\" style=\"margin-top: 35px;\"><tr><td class=\"td-0\"><strong>Material<\/strong><\/td><td class=\"td-1\"><p class=\"bodytext\">nicht erforderlich<\/p><\/td><\/tr><tr><td class=\"td-0\"><strong>Dauer<\/strong><\/td><td class=\"td-1\"><p class=\"bodytext\">ca. 2 - 3 Wochen<\/p><\/td><\/tr><tr><td class=\"td-0\"><strong>Anmerkung<\/strong><\/td><td class=\"td-1\"><p class=\"bodytext\"><ul><li>Diese Leistung wird <strong>nur im Labor Basel (Schweiz)<\/strong> angeboten.<\/li> <li>Bitte legen Sie Ihrer Bestellung ein <strong>tier\u00e4rztliches Rezept<\/strong> bei!<\/li> <li>Die L\u00f6sung f\u00fcr die Folgebehandlungen reicht f\u00fcr je 5 Monate.<\/li><\/ul> <\/p><\/td><\/tr><\/table>\n","protected":false},"excerpt":{"rendered":"<p>Sublinguale Immuntherapie (SLIT) Folgebeh.LABOKLIN Leistungs-ID: 6313Sublinguale Immuntherapie verschiedener Allergene nach Austestung der Einzelallergene. Achtung: Futtermittel sowie Flohspeichel und Hymenoptera-Allergene k\u00f6nnen nicht der Therapie nicht zugef\u00fcgt werden! Diese orale Verabreichungsform ist eine praktikable Alternative zur herk\u00f6mmlichen ASIT. Die sublinguale Immuntherapie wird als Tropfen t\u00e4glich in das Maul des Tieres verabreicht. Sie ist besonders f\u00fcr jene Tiere&hellip;<\/p>\n","protected":false},"author":16,"featured_media":0,"parent":1332678,"menu_order":1,"comment_status":"closed","ping_status":"closed","template":"","meta":{"_seopress_robots_primary_cat":"","_seopress_titles_title":"","_seopress_titles_desc":"","_seopress_robots_index":"","footnotes":""},"class_list":["post-1337959","page","type-page","status-publish","hentry","description-off"],"_links":{"self":[{"href":"https:\/\/laboklin.de\/de-ch\/wp-json\/wp\/v2\/pages\/1337959","targetHints":{"allow":["GET"]}}],"collection":[{"href":"https:\/\/laboklin.de\/de-ch\/wp-json\/wp\/v2\/pages"}],"about":[{"href":"https:\/\/laboklin.de\/de-ch\/wp-json\/wp\/v2\/types\/page"}],"author":[{"embeddable":true,"href":"https:\/\/laboklin.de\/de-ch\/wp-json\/wp\/v2\/users\/16"}],"replies":[{"embeddable":true,"href":"https:\/\/laboklin.de\/de-ch\/wp-json\/wp\/v2\/comments?post=1337959"}],"version-history":[{"count":1,"href":"https:\/\/laboklin.de\/de-ch\/wp-json\/wp\/v2\/pages\/1337959\/revisions"}],"predecessor-version":[{"id":1337960,"href":"https:\/\/laboklin.de\/de-ch\/wp-json\/wp\/v2\/pages\/1337959\/revisions\/1337960"}],"up":[{"embeddable":true,"href":"https:\/\/laboklin.de\/de-ch\/wp-json\/wp\/v2\/pages\/1332678"}],"wp:attachment":[{"href":"https:\/\/laboklin.de\/de-ch\/wp-json\/wp\/v2\/media?parent=1337959"}],"curies":[{"name":"wp","href":"https:\/\/api.w.org\/{rel}","templated":true}]}}