{"id":1336791,"date":"2020-10-16T11:36:27","date_gmt":"2020-10-16T09:36:27","guid":{"rendered":"https:\/\/laboklin.de\/leistungen\/genetik\/erbkrankheiten\/hund\/dilatative-kardiomyopathie-dcm\/"},"modified":"2025-09-15T11:23:57","modified_gmt":"2025-09-15T09:23:57","slug":"dilatative-kardiomyopathie-dcm","status":"publish","type":"page","link":"https:\/\/laboklin.de\/de-ch\/leistungen\/genetik\/erbkrankheiten\/hund\/dilatative-kardiomyopathie-dcm\/","title":{"rendered":"Dilatative Kardiomyopathie (DCM) &#8211; Riesenschnauzer, Schnauzer"},"content":{"rendered":"<h3 class=\"csc-firstHeader\">Dilatative Kardiomyopathie (DCM)<\/h3><p><span>LABOKLIN Leistungs-ID: 8363<\/span><\/p><p class=\"bodytext\">Die dilatative Kardiomyopathie (DCM) ist eine Herzerkrankung, bei der Ver\u00e4nderungen an den Herzkammern und \u2013klappen zu einer verringerten Kontraktionsf\u00e4higkeit und Pumpleistung des Herzens f\u00fchren.  DCM stellt die am h\u00e4ufigsten beschriebene Herzmuskelerkrankung beim Hund dar. Obwohl DCM bei vielen Hunderassen vorkommen kann, wird die Erkrankung bei unterschiedlichen Rassen durch verschiedene Mutationen ausgel\u00f6st. Beim Schnauzer konnte eine Variante im RBM20-Gen identifiziert werden, welche mit DCM sehr gut korreliert.  Die ersten Symptome von DCM zeigen sich bei dieser Rasse typischerweise in einem Alter von 1 bis 3 Jahren. Zu den h\u00e4ufigsten Symptomen z\u00e4hlen: erh\u00f6hte Atemfrequenz und angestrengte Atmung, Husten, Belastungsintoleranz, Appetitlosigkeit, Ohnmacht und blasse Schleimh\u00e4ute. Die DCM kann auch zum pl\u00f6tzlichen Herztod f\u00fchren, ohne dass vorher Symptome zu beobachten waren.<\/p><table class=\"tx-laboklinleistung-table contenttable contenttable-2\" style=\"margin-top: 35px;\"><tr><td class=\"td-0\"><strong>Methode<\/strong><\/td><td class=\"td-1\"><p class=\"bodytext\">Fragmentl\u00e4ngenanalyse<\/p><\/td><\/tr><tr><td class=\"td-0\"><strong>Rasse<\/strong><\/td><td class=\"td-1\"><p class=\"bodytext\">Riesenschnauzer, Schnauzer<\/p><\/td><\/tr><tr><td class=\"td-0\"><strong>Erbgang<\/strong><\/td><td class=\"td-1\"><p class=\"bodytext\">autosomal-rezessiv<\/p><\/td><\/tr><tr><td class=\"td-0\"><strong>Dauer<\/strong><\/td><td class=\"td-1\"><p class=\"bodytext\">1 - 2 Wochen nach Erhalt der Probe<\/p><\/td><\/tr><\/table>\n","protected":false},"excerpt":{"rendered":"<p>Dilatative Kardiomyopathie (DCM)LABOKLIN Leistungs-ID: 8363Die dilatative Kardiomyopathie (DCM) ist eine Herzerkrankung, bei der Ver\u00e4nderungen an den Herzkammern und \u2013klappen zu einer verringerten Kontraktionsf\u00e4higkeit und Pumpleistung des Herzens f\u00fchren. DCM stellt die am h\u00e4ufigsten beschriebene Herzmuskelerkrankung beim Hund dar. Obwohl DCM bei vielen Hunderassen vorkommen kann, wird die Erkrankung bei unterschiedlichen Rassen durch verschiedene Mutationen ausgel\u00f6st.&hellip;<\/p>\n","protected":false},"author":1,"featured_media":0,"parent":1332702,"menu_order":205,"comment_status":"closed","ping_status":"closed","template":"","meta":{"_seopress_robots_primary_cat":"","_seopress_titles_title":"","_seopress_titles_desc":"","_seopress_robots_index":"","footnotes":""},"class_list":["post-1336791","page","type-page","status-publish","hentry","description-off"],"_links":{"self":[{"href":"https:\/\/laboklin.de\/de-ch\/wp-json\/wp\/v2\/pages\/1336791","targetHints":{"allow":["GET"]}}],"collection":[{"href":"https:\/\/laboklin.de\/de-ch\/wp-json\/wp\/v2\/pages"}],"about":[{"href":"https:\/\/laboklin.de\/de-ch\/wp-json\/wp\/v2\/types\/page"}],"author":[{"embeddable":true,"href":"https:\/\/laboklin.de\/de-ch\/wp-json\/wp\/v2\/users\/1"}],"replies":[{"embeddable":true,"href":"https:\/\/laboklin.de\/de-ch\/wp-json\/wp\/v2\/comments?post=1336791"}],"version-history":[{"count":1,"href":"https:\/\/laboklin.de\/de-ch\/wp-json\/wp\/v2\/pages\/1336791\/revisions"}],"predecessor-version":[{"id":1562389,"href":"https:\/\/laboklin.de\/de-ch\/wp-json\/wp\/v2\/pages\/1336791\/revisions\/1562389"}],"up":[{"embeddable":true,"href":"https:\/\/laboklin.de\/de-ch\/wp-json\/wp\/v2\/pages\/1332702"}],"wp:attachment":[{"href":"https:\/\/laboklin.de\/de-ch\/wp-json\/wp\/v2\/media?parent=1336791"}],"curies":[{"name":"wp","href":"https:\/\/api.w.org\/{rel}","templated":true}]}}