{"id":1336789,"date":"2020-10-16T11:36:27","date_gmt":"2020-10-16T09:36:27","guid":{"rendered":"https:\/\/laboklin.de\/leistungen\/genetik\/erbkrankheiten\/hund\/progressive-retinaatrophie-rcd3-pra\/"},"modified":"2025-02-17T11:15:38","modified_gmt":"2025-02-17T10:15:38","slug":"progressive-retinaatrophie-rcd3-pra","status":"publish","type":"page","link":"https:\/\/laboklin.de\/de-ch\/leistungen\/genetik\/erbkrankheiten\/hund\/progressive-retinaatrophie-rcd3-pra\/","title":{"rendered":"Progressive Retinaatrophie (rcd3-PRA)"},"content":{"rendered":"<h3 class=\"csc-firstHeader\">Progressive Retinaatrophie (rcd3-PRA)<\/h3><p><span>LABOKLIN Leistungs-ID: 8354<\/span><\/p><p class=\"bodytext\">Die progressive Retinaatrophie (PRA) steht f\u00fcr eine Gruppe von erblich bedingten Photorezeptor-St\u00f6rungen der Netzhaut, die bei verschiedenen Hunderassen durch unterschiedliche Mutationen hervorgerufen werden. Man unterscheidet sich sp\u00e4t entwickelnde degenerative Ver\u00e4nderungen von sich bereits im Welpenalter klinisch manifestierenden dysplastischen St\u00f6rungen. Abgesehen vom Lebensalter, in dem die Erkrankung in Erscheinung tritt, sind die klinischen und ophthalmologischen Symptome \u00e4hnlich. Betroffene Hunde zeigen eine bilaterale Mydriasis, das Tapetum lucidum reflektiert verst\u00e4rkt und das retinale Gef\u00e4\u00dfnetz erscheint atrophisch.<br \/>\nDie PRA beim Cardigan Welsh Corgi, Chinese Crested und Zwergspitz ist eine autosomal rezessiv vererbte Augenerkrankung, die bereits sehr fr\u00fch auftritt und schon beim jungen adulten Hund zur Erblindung f\u00fchrt. Es handelt sich um eine sog. Rod-cone-dysplasie Type 3 (rcd 3), die bereits zum ersten Mal 1972 beschrieben wurde. Ophthalmologisch kann diese Erkrankung beim Cardigan Welsh Corgi im Alter zwischen 6 und 16 Wochen detektiert werden. Betroffene Hunde erblinden bevor sie ein Jahr alt sind. Manche Tiere behalten noch eine Restsehf\u00e4higkeit bis zum Alter von 3 bis 4 Jahren. <\/p><table class=\"tx-laboklinleistung-table contenttable contenttable-2\" style=\"margin-top: 35px;\"><tr><td class=\"td-0\"><strong>Methode<\/strong><\/td><td class=\"td-1\"><p class=\"bodytext\">Sequenzierung<\/p><\/td><\/tr><tr><td class=\"td-0\"><strong>Rasse<\/strong><\/td><td class=\"td-1\"><p class=\"bodytext\">Cardigan Welsh Corgi, Chinese Crested Dog, Pomsky, Welsh Corgi (Cardigan\/Pembroke), Zwergspitz<\/p><\/td><\/tr><tr><td class=\"td-0\"><strong>Erbgang<\/strong><\/td><td class=\"td-1\"><p class=\"bodytext\">autosomal-rezessiv<\/p><\/td><\/tr><tr><td class=\"td-0\"><strong>Dauer<\/strong><\/td><td class=\"td-1\"><p class=\"bodytext\">1 - 2 Wochen nach Erhalt der Probe<\/p><\/td><\/tr><\/table>\n","protected":false},"excerpt":{"rendered":"<p>Progressive Retinaatrophie (rcd3-PRA)LABOKLIN Leistungs-ID: 8354Die progressive Retinaatrophie (PRA) steht f\u00fcr eine Gruppe von erblich bedingten Photorezeptor-St\u00f6rungen der Netzhaut, die bei verschiedenen Hunderassen durch unterschiedliche Mutationen hervorgerufen werden. Man unterscheidet sich sp\u00e4t entwickelnde degenerative Ver\u00e4nderungen von sich bereits im Welpenalter klinisch manifestierenden dysplastischen St\u00f6rungen. Abgesehen vom Lebensalter, in dem die Erkrankung in Erscheinung tritt, sind die&hellip;<\/p>\n","protected":false},"author":1,"featured_media":0,"parent":1332702,"menu_order":204,"comment_status":"closed","ping_status":"closed","template":"","meta":{"_seopress_robots_primary_cat":"","_seopress_titles_title":"","_seopress_titles_desc":"","_seopress_robots_index":"","footnotes":""},"class_list":["post-1336789","page","type-page","status-publish","hentry","description-off"],"_links":{"self":[{"href":"https:\/\/laboklin.de\/de-ch\/wp-json\/wp\/v2\/pages\/1336789","targetHints":{"allow":["GET"]}}],"collection":[{"href":"https:\/\/laboklin.de\/de-ch\/wp-json\/wp\/v2\/pages"}],"about":[{"href":"https:\/\/laboklin.de\/de-ch\/wp-json\/wp\/v2\/types\/page"}],"author":[{"embeddable":true,"href":"https:\/\/laboklin.de\/de-ch\/wp-json\/wp\/v2\/users\/1"}],"replies":[{"embeddable":true,"href":"https:\/\/laboklin.de\/de-ch\/wp-json\/wp\/v2\/comments?post=1336789"}],"version-history":[{"count":1,"href":"https:\/\/laboklin.de\/de-ch\/wp-json\/wp\/v2\/pages\/1336789\/revisions"}],"predecessor-version":[{"id":1509409,"href":"https:\/\/laboklin.de\/de-ch\/wp-json\/wp\/v2\/pages\/1336789\/revisions\/1509409"}],"up":[{"embeddable":true,"href":"https:\/\/laboklin.de\/de-ch\/wp-json\/wp\/v2\/pages\/1332702"}],"wp:attachment":[{"href":"https:\/\/laboklin.de\/de-ch\/wp-json\/wp\/v2\/media?parent=1336789"}],"curies":[{"name":"wp","href":"https:\/\/api.w.org\/{rel}","templated":true}]}}