{"id":1336786,"date":"2020-10-16T11:36:27","date_gmt":"2020-10-16T09:36:27","guid":{"rendered":"https:\/\/laboklin.de\/leistungen\/genetik\/erbkrankheiten\/hund\/chondrodysplasie-u-dystrophie-cddy-cdpa-ivdd-risiko\/"},"modified":"2025-02-05T11:44:46","modified_gmt":"2025-02-05T10:44:46","slug":"chondrodysplasie-cdpa-und-dystrophie-cddy-ivdd-risiko","status":"publish","type":"page","link":"https:\/\/laboklin.de\/de-ch\/leistungen\/genetik\/erbkrankheiten\/hund\/chondrodysplasie-cdpa-und-dystrophie-cddy-ivdd-risiko\/","title":{"rendered":"Chondrodysplasie (CDPA) und -dystrophie (CDDY) (IVDD-Risiko)"},"content":{"rendered":"<h3 class=\"csc-firstHeader\">Chondrodysplasie (CDPA) und -dystrophie (CDDY) (IVDD-Risiko)<\/h3><p><span>LABOKLIN Leistungs-ID: 8294<\/span><\/p><p class=\"bodytext\">Bei vielen Hunderassen kommt es durch die Chondrodystrophie (CDDY) und\/oder die Chondrodysplasie (CDPA) zur Verk\u00fcrzung der Beine. Die CDDY ist dabei jedoch mit einem erh\u00f6hten Risiko eines Bandscheibenvorfalls (Hansen\u00b4s Type I  Intervertebral Disc Disease, IVDD) verkn\u00fcpft. <br \/>\nCDPA ist vor allem in den kurzbeinigen Rassen wie Basset, Welsh Corgi Pembroke, Dackel, West Highland White Terrier und Scotch Terrier bekannt. Die CDPA wird autosomal-dominant vererbt.<br \/>\nCDDY wird semi-dominant vererbt im Hinblick auf die Beinl\u00e4nge, d.h. heterozygote Hunde haben k\u00fcrzere Beine als homozygot freie Hunde, w\u00e4hrend homozygot betroffene Hunde nochmals k\u00fcrzere Beine besitzen als die heterozygoten. Das IVDD-Risiko wird autosomal-dominant vererbt, d.h. bereits eine Kopie des ver\u00e4nderten Chromosoms erh\u00f6ht das Risiko signifikant.<br \/>\nWir bieten den kombinierten Test f\u00fcr CDPA und CDDY an, um den Z\u00fcchtern zu erm\u00f6glichen, CDDY zu vermeiden und CDPA zu bevorzugen. So kann die typische kurze Beinl\u00e4nge beibehalten werden (durch CDPA) und das Risiko f\u00fcr IVDD minimiert werden.<br \/>\nDie Pr\u00e4valenz der f\u00fcr CDPA und CDDY urs\u00e4chlichen genetischen Varianten sowie das Zusammenspiel dieser beiden Varianten ist Gegenstand weiterer Forschungen.<\/p><table class=\"tx-laboklinleistung-table contenttable contenttable-2\" style=\"margin-top: 35px;\"><tr><td class=\"td-0\"><strong>Methode<\/strong><\/td><td class=\"td-1\"><p class=\"bodytext\">Fragmentl\u00e4ngenanalyse<\/p><\/td><\/tr><tr><td class=\"td-0\"><strong>Erbgang<\/strong><\/td><td class=\"td-1\"><p class=\"bodytext\">dominant f\u00fcr CDPA, semi-dominant f\u00fcr CDDY-bedingte Beinl\u00e4nge, dominant f\u00fcr IVDD-Risiko<\/p><\/td><\/tr><tr><td class=\"td-0\"><strong>Dauer<\/strong><\/td><td class=\"td-1\"><p class=\"bodytext\">1 - 2 Wochen nach Erhalt der Probe<\/p><\/td><\/tr><\/table>\n","protected":false},"excerpt":{"rendered":"<p>Chondrodysplasie (CDPA) und -dystrophie (CDDY) (IVDD-Risiko)LABOKLIN Leistungs-ID: 8294Bei vielen Hunderassen kommt es durch die Chondrodystrophie (CDDY) und\/oder die Chondrodysplasie (CDPA) zur Verk\u00fcrzung der Beine. Die CDDY ist dabei jedoch mit einem erh\u00f6hten Risiko eines Bandscheibenvorfalls (Hansen\u00b4s Type I Intervertebral Disc Disease, IVDD) verkn\u00fcpft. CDPA ist vor allem in den kurzbeinigen Rassen wie Basset, Welsh Corgi&hellip;<\/p>\n","protected":false},"author":1,"featured_media":0,"parent":1332702,"menu_order":203,"comment_status":"closed","ping_status":"closed","template":"","meta":{"_seopress_robots_primary_cat":"","_seopress_titles_title":"","_seopress_titles_desc":"","_seopress_robots_index":"","footnotes":""},"class_list":["post-1336786","page","type-page","status-publish","hentry","description-off"],"_links":{"self":[{"href":"https:\/\/laboklin.de\/de-ch\/wp-json\/wp\/v2\/pages\/1336786","targetHints":{"allow":["GET"]}}],"collection":[{"href":"https:\/\/laboklin.de\/de-ch\/wp-json\/wp\/v2\/pages"}],"about":[{"href":"https:\/\/laboklin.de\/de-ch\/wp-json\/wp\/v2\/types\/page"}],"author":[{"embeddable":true,"href":"https:\/\/laboklin.de\/de-ch\/wp-json\/wp\/v2\/users\/1"}],"replies":[{"embeddable":true,"href":"https:\/\/laboklin.de\/de-ch\/wp-json\/wp\/v2\/comments?post=1336786"}],"version-history":[{"count":2,"href":"https:\/\/laboklin.de\/de-ch\/wp-json\/wp\/v2\/pages\/1336786\/revisions"}],"predecessor-version":[{"id":1487117,"href":"https:\/\/laboklin.de\/de-ch\/wp-json\/wp\/v2\/pages\/1336786\/revisions\/1487117"}],"up":[{"embeddable":true,"href":"https:\/\/laboklin.de\/de-ch\/wp-json\/wp\/v2\/pages\/1332702"}],"wp:attachment":[{"href":"https:\/\/laboklin.de\/de-ch\/wp-json\/wp\/v2\/media?parent=1336786"}],"curies":[{"name":"wp","href":"https:\/\/api.w.org\/{rel}","templated":true}]}}