{"id":1336784,"date":"2020-10-16T11:36:27","date_gmt":"2020-10-16T09:36:27","guid":{"rendered":"https:\/\/laboklin.de\/leistungen\/genetik\/erbkrankheiten\/hund\/cardiomyopathie-mit-welpensterblichkeit-cjm\/"},"modified":"2025-02-17T09:12:39","modified_gmt":"2025-02-17T08:12:39","slug":"cardiomyopathie-mit-welpensterblichkeit-cjm","status":"publish","type":"page","link":"https:\/\/laboklin.de\/de-ch\/leistungen\/genetik\/erbkrankheiten\/hund\/cardiomyopathie-mit-welpensterblichkeit-cjm\/","title":{"rendered":"Kardiomyopathie mit Welpensterblichkeit (CJM)"},"content":{"rendered":"<h3 class=\"csc-firstHeader\">Kardiomyopathie mit Welpensterblichkeit (CJM)<\/h3><p><span>LABOKLIN Leistungs-ID: 8543<\/span><\/p><p class=\"bodytext\">Beim Belgischen Sch\u00e4ferhund wurde eine genetische Variante gefunden, die mit einer Form der Welpensterblichkeit (Cardiomyopathy with juvenile mortality, CJM) korreliert. Sterben die betroffenen Welpen nicht bereits bei der Geburt, entwickeln sie sich zun\u00e4chst scheinbar normal. Im Alter von maximal 6 - 8 Wochen zeigen sie jedoch recht unspezifische Symptome, wie zum Beispiel Erbrechen, unkoordinierte Bewegungen, Zittern oder Atemwegsbeschwerden, und sterben innerhalb weniger Tage, meist an Herzversagen. Die genetische Untersuchung auf CJM erm\u00f6glicht eine gezielte Verpaarung der Zuchthunde. Aufgrund des autosomal-rezessiven Erbgangs m\u00fcssen Tr\u00e4gertiere nicht aus der Zucht ausgeschlossen werden, sollten aber nur mit frei getesteten Tieren verpaart werden, um betroffene Welpen zu vermeiden. <\/p><table class=\"tx-laboklinleistung-table contenttable contenttable-2\" style=\"margin-top: 35px;\"><tr><td class=\"td-0\"><strong>Methode<\/strong><\/td><td class=\"td-1\"><p class=\"bodytext\">TaqMan SNP Assay, ggf. Sequenzierung<\/p><\/td><\/tr><tr><td class=\"td-0\"><strong>Rasse<\/strong><\/td><td class=\"td-1\"><p class=\"bodytext\">Belgischer Sch\u00e4ferhund, Groenendael, Laekenois, Malinois, Tervueren<\/p><\/td><\/tr><tr><td class=\"td-0\"><strong>Erbgang<\/strong><\/td><td class=\"td-1\"><p class=\"bodytext\">autosomal-rezessiv<\/p><\/td><\/tr><tr><td class=\"td-0\"><strong>Dauer<\/strong><\/td><td class=\"td-1\"><p class=\"bodytext\">3 - 5 Werktage nach Erhalt der Probe (bei Sequenzierung 1 - 2 Wochen)<\/p><\/td><\/tr><\/table>\n","protected":false},"excerpt":{"rendered":"<p>Kardiomyopathie mit Welpensterblichkeit (CJM)LABOKLIN Leistungs-ID: 8543Beim Belgischen Sch\u00e4ferhund wurde eine genetische Variante gefunden, die mit einer Form der Welpensterblichkeit (Cardiomyopathy with juvenile mortality, CJM) korreliert. Sterben die betroffenen Welpen nicht bereits bei der Geburt, entwickeln sie sich zun\u00e4chst scheinbar normal. Im Alter von maximal 6 &#8211; 8 Wochen zeigen sie jedoch recht unspezifische Symptome, wie&hellip;<\/p>\n","protected":false},"author":1,"featured_media":0,"parent":1332702,"menu_order":202,"comment_status":"closed","ping_status":"closed","template":"","meta":{"_seopress_robots_primary_cat":"","_seopress_titles_title":"","_seopress_titles_desc":"","_seopress_robots_index":"","footnotes":""},"class_list":["post-1336784","page","type-page","status-publish","hentry","description-off"],"_links":{"self":[{"href":"https:\/\/laboklin.de\/de-ch\/wp-json\/wp\/v2\/pages\/1336784","targetHints":{"allow":["GET"]}}],"collection":[{"href":"https:\/\/laboklin.de\/de-ch\/wp-json\/wp\/v2\/pages"}],"about":[{"href":"https:\/\/laboklin.de\/de-ch\/wp-json\/wp\/v2\/types\/page"}],"author":[{"embeddable":true,"href":"https:\/\/laboklin.de\/de-ch\/wp-json\/wp\/v2\/users\/1"}],"replies":[{"embeddable":true,"href":"https:\/\/laboklin.de\/de-ch\/wp-json\/wp\/v2\/comments?post=1336784"}],"version-history":[{"count":1,"href":"https:\/\/laboklin.de\/de-ch\/wp-json\/wp\/v2\/pages\/1336784\/revisions"}],"predecessor-version":[{"id":1481727,"href":"https:\/\/laboklin.de\/de-ch\/wp-json\/wp\/v2\/pages\/1336784\/revisions\/1481727"}],"up":[{"embeddable":true,"href":"https:\/\/laboklin.de\/de-ch\/wp-json\/wp\/v2\/pages\/1332702"}],"wp:attachment":[{"href":"https:\/\/laboklin.de\/de-ch\/wp-json\/wp\/v2\/media?parent=1336784"}],"curies":[{"name":"wp","href":"https:\/\/api.w.org\/{rel}","templated":true}]}}